{"id":7,"date":"2025-12-30T04:17:10","date_gmt":"2025-12-30T04:17:10","guid":{"rendered":"https:\/\/coral-shark-810150.hostingersite.com\/cart\/"},"modified":"2025-12-31T02:52:34","modified_gmt":"2025-12-31T02:52:34","slug":"vozicek","status":"publish","type":"page","link":"https:\/\/ivanzo.com\/sl\/cart\/","title":{"rendered":"Vozi\u010dek"},"content":{"rendered":"<div data-block-name=\"woocommerce\/cart\" class=\"wp-block-woocommerce-cart alignwide is-loading\">\n<div data-block-name=\"woocommerce\/filled-cart-block\" class=\"wp-block-woocommerce-filled-cart-block\">\n<div data-block-name=\"woocommerce\/cart-items-block\" class=\"wp-block-woocommerce-cart-items-block\">\n<div data-block-name=\"woocommerce\/cart-line-items-block\" class=\"wp-block-woocommerce-cart-line-items-block\"><\/div>\n\n\n<\/div>\n\n\n\n<div data-block-name=\"woocommerce\/cart-totals-block\" class=\"wp-block-woocommerce-cart-totals-block\">\n<div data-block-name=\"woocommerce\/cart-order-summary-block\" class=\"wp-block-woocommerce-cart-order-summary-block\">\n<div data-block-name=\"woocommerce\/cart-order-summary-heading-block\" class=\"wp-block-woocommerce-cart-order-summary-heading-block\"><\/div>\n\n\n\n<div data-block-name=\"woocommerce\/cart-order-summary-coupon-form-block\" class=\"wp-block-woocommerce-cart-order-summary-coupon-form-block\"><\/div>\n\n\n\n<div data-block-name=\"woocommerce\/cart-order-summary-totals-block\" class=\"wp-block-woocommerce-cart-order-summary-totals-block\">\n<div data-block-name=\"woocommerce\/cart-order-summary-subtotal-block\" class=\"wp-block-woocommerce-cart-order-summary-subtotal-block\"><\/div>\n\n\n\n<div data-block-name=\"woocommerce\/cart-order-summary-fee-block\" class=\"wp-block-woocommerce-cart-order-summary-fee-block\"><\/div>\n\n\n\n<div data-block-name=\"woocommerce\/cart-order-summary-discount-block\" class=\"wp-block-woocommerce-cart-order-summary-discount-block\"><\/div>\n\n\n\n<div data-block-name=\"woocommerce\/cart-order-summary-shipping-block\" class=\"wp-block-woocommerce-cart-order-summary-shipping-block\"><\/div>\n\n\n\n<div data-block-name=\"woocommerce\/cart-order-summary-taxes-block\" class=\"wp-block-woocommerce-cart-order-summary-taxes-block\"><\/div>\n<\/div>\n<\/div>\n\n\n\n<div data-block-name=\"woocommerce\/cart-express-payment-block\" class=\"wp-block-woocommerce-cart-express-payment-block\"><\/div>\n\n\n\n<div data-block-name=\"woocommerce\/proceed-to-checkout-block\" class=\"wp-block-woocommerce-proceed-to-checkout-block\"><\/div>\n\n\n\n<div data-block-name=\"woocommerce\/cart-accepted-payment-methods-block\" class=\"wp-block-woocommerce-cart-accepted-payment-methods-block\"><\/div>\n<\/div>\n<\/div>\n\n\n\n<div data-block-name=\"woocommerce\/empty-cart-block\" class=\"wp-block-woocommerce-empty-cart-block\">\n<h2 class=\"wp-block-heading has-text-align-center with-empty-cart-icon wc-block-cart__empty-cart__title\">Va\u0161a ko\u0161arica je trenutno prazna!<\/h2>\n\n\n\n<hr class=\"wp-block-separator has-alpha-channel-opacity is-style-dots\"\/>\n\n\n\n<h2 class=\"wp-block-heading has-text-align-center\">Novo v trgovini<\/h2>\n\n\n<div data-block-name=\"woocommerce\/product-new\" data-columns=\"4\" data-rows=\"1\" class=\"wc-block-grid wp-block-product-new wp-block-woocommerce-product-new wc-block-product-new has-4-columns\"><ul class=\"wc-block-grid__products\"><li class=\"wc-block-grid__product\">\n\t\t\t\t<a href=\"https:\/\/ivanzo.com\/sl\/product\/ray-ban-meta-wayfarer-gen-1-shiny-black-ai-glasses-with-green-lenses\/\" class=\"wc-block-grid__product-link\">\n\t\t\t\t\t\n\t\t\t\t\t<div class=\"wc-block-grid__product-image\"><img loading=\"lazy\" decoding=\"async\" width=\"300\" height=\"300\" src=\"https:\/\/ivanzo.com\/wp-content\/uploads\/2026\/01\/1-300x300.webp\" class=\"attachment-woocommerce_thumbnail size-woocommerce_thumbnail\" alt=\"Ray-Ban Meta Wayfarer (Gen 1) Ble\u0161\u010de\u010da \u010drna o\u010dala z zelenimi le\u010dami\" srcset=\"https:\/\/ivanzo.com\/wp-content\/uploads\/2026\/01\/1-300x300.webp 300w, https:\/\/ivanzo.com\/wp-content\/uploads\/2026\/01\/1-150x150.webp 150w, https:\/\/ivanzo.com\/wp-content\/uploads\/2026\/01\/1-100x100.webp 100w\" sizes=\"auto, (max-width: 300px) 100vw, 300px\" \/><\/div>\n\t\t\t\t\t<div class=\"wc-block-grid__product-title\">Ray-Ban Meta Wayfarer (Gen 1) Ble\u0161\u010de\u010da \u010drna o\u010dala z zelenimi le\u010dami<\/div>\n\t\t\t\t<\/a>\n\t\t\t\t<div class=\"wc-block-grid__product-price price\"><span class=\"woocommerce-Price-amount amount\">299&nbsp;<span class=\"woocommerce-Price-currencySymbol\">\u20ac<\/span><\/span><\/div>\n\t\t\t\t\n\t\t\t\t<div class=\"wp-block-button wc-block-grid__product-add-to-cart\"><a href=\"https:\/\/ivanzo.com\/sl\/product\/ray-ban-meta-wayfarer-gen-1-shiny-black-ai-glasses-with-green-lenses\/\" aria-label=\"Izberite mo\u017enosti za \u201cRay-Ban Meta Wayfarer (Gen 1) Shiny Black AI Glasses with Green Lenses\u201d\" data-quantity=\"1\" data-product_id=\"424\" data-product_sku=\"RW4012 601ST3-1-1-1-1\" data-price=\"299\" rel=\"nofollow\" class=\"wp-block-button__link wp-element-button add_to_cart_button\" data-no-translation=\"\" data-trp-gettext=\"\" data-no-translation-aria-label=\"\">Izberite mo\u017enosti<\/a><\/div>\n\t\t\t<\/li><li class=\"wc-block-grid__product\">\n\t\t\t\t<a href=\"https:\/\/ivanzo.com\/sl\/product\/ray-ban-meta-wayfarer-gen-1-matte-black-ai-glasses-with-black-lenses-2\/\" class=\"wc-block-grid__product-link\">\n\t\t\t\t\t\n\t\t\t\t\t<div class=\"wc-block-grid__product-image\"><img loading=\"lazy\" decoding=\"async\" width=\"300\" height=\"300\" src=\"https:\/\/ivanzo.com\/wp-content\/uploads\/2026\/01\/videoframe_851-300x300.png\" class=\"attachment-woocommerce_thumbnail size-woocommerce_thumbnail\" alt=\"Ray-Ban Meta Wayfarer (Gen 1) mat \u010drna AI o\u010dala s \u010drnimi le\u010dami\" srcset=\"https:\/\/ivanzo.com\/wp-content\/uploads\/2026\/01\/videoframe_851-300x300.png 300w, https:\/\/ivanzo.com\/wp-content\/uploads\/2026\/01\/videoframe_851-150x150.png 150w, https:\/\/ivanzo.com\/wp-content\/uploads\/2026\/01\/videoframe_851-100x100.png 100w\" sizes=\"auto, (max-width: 300px) 100vw, 300px\" \/><\/div>\n\t\t\t\t\t<div class=\"wc-block-grid__product-title\">Ray-Ban Meta Wayfarer (Gen 1) mat \u010drna AI o\u010dala s \u010drnimi le\u010dami<\/div>\n\t\t\t\t<\/a>\n\t\t\t\t<div class=\"wc-block-grid__product-price price\"><span class=\"woocommerce-Price-amount amount\">379&nbsp;<span class=\"woocommerce-Price-currencySymbol\">\u20ac<\/span><\/span><\/div>\n\t\t\t\t\n\t\t\t\t<div class=\"wp-block-button wc-block-grid__product-add-to-cart\"><a href=\"https:\/\/ivanzo.com\/sl\/product\/ray-ban-meta-wayfarer-gen-1-matte-black-ai-glasses-with-black-lenses-2\/\" aria-label=\"Izberite mo\u017enosti za \u201cRay-Ban Meta Wayfarer (Gen 1) Matte Black AI Glasses with Black Lenses\u201d\" data-quantity=\"1\" data-product_id=\"416\" data-product_sku=\"RW4012 601ST3-1-1-1\" data-price=\"379\" rel=\"nofollow\" class=\"wp-block-button__link wp-element-button add_to_cart_button\" data-no-translation=\"\" data-trp-gettext=\"\" data-no-translation-aria-label=\"\">Izberite mo\u017enosti<\/a><\/div>\n\t\t\t<\/li><li class=\"wc-block-grid__product\">\n\t\t\t\t<a href=\"https:\/\/ivanzo.com\/sl\/product\/ray-ban-meta-wayfarer-gen-1-matte-black-ai-glasses-with-black-lenses\/\" class=\"wc-block-grid__product-link\">\n\t\t\t\t\t\n\t\t\t\t\t<div class=\"wc-block-grid__product-image\"><img loading=\"lazy\" decoding=\"async\" width=\"300\" height=\"300\" src=\"https:\/\/ivanzo.com\/wp-content\/uploads\/2026\/01\/wayfarer-matte-black-graphite-polar-gradient-1-300x300.webp\" class=\"attachment-woocommerce_thumbnail size-woocommerce_thumbnail\" alt=\"Ray-Ban Meta Wayfarer (Gen 1) mat \u010drna AI o\u010dala s \u010drnimi le\u010dami\" srcset=\"https:\/\/ivanzo.com\/wp-content\/uploads\/2026\/01\/wayfarer-matte-black-graphite-polar-gradient-1-300x300.webp 300w, https:\/\/ivanzo.com\/wp-content\/uploads\/2026\/01\/wayfarer-matte-black-graphite-polar-gradient-1-150x150.webp 150w, https:\/\/ivanzo.com\/wp-content\/uploads\/2026\/01\/wayfarer-matte-black-graphite-polar-gradient-1-100x100.webp 100w\" sizes=\"auto, (max-width: 300px) 100vw, 300px\" \/><\/div>\n\t\t\t\t\t<div class=\"wc-block-grid__product-title\">Ray-Ban Meta Wayfarer (Gen 1) mat \u010drna AI o\u010dala s \u010drnimi le\u010dami<\/div>\n\t\t\t\t<\/a>\n\t\t\t\t<div class=\"wc-block-grid__product-price price\"><span class=\"woocommerce-Price-amount amount\">329&nbsp;<span class=\"woocommerce-Price-currencySymbol\">\u20ac<\/span><\/span><\/div>\n\t\t\t\t\n\t\t\t\t<div class=\"wp-block-button wc-block-grid__product-add-to-cart\"><a href=\"https:\/\/ivanzo.com\/sl\/product\/ray-ban-meta-wayfarer-gen-1-matte-black-ai-glasses-with-black-lenses\/\" aria-label=\"Izberite mo\u017enosti za \u201cRay-Ban Meta Wayfarer (Gen 1) Matte Black AI Glasses with Black Lenses\u201d\" data-quantity=\"1\" data-product_id=\"408\" data-product_sku=\"RW4012 601ST3-1-1\" data-price=\"329\" rel=\"nofollow\" class=\"wp-block-button__link wp-element-button add_to_cart_button\" data-no-translation=\"\" data-trp-gettext=\"\" data-no-translation-aria-label=\"\">Izberite mo\u017enosti<\/a><\/div>\n\t\t\t<\/li><li class=\"wc-block-grid__product\">\n\t\t\t\t<a href=\"https:\/\/ivanzo.com\/sl\/product\/wayfarer-shiny-black-clear\/\" class=\"wc-block-grid__product-link\">\n\t\t\t\t\t\n\t\t\t\t\t<div class=\"wc-block-grid__product-image\"><img loading=\"lazy\" decoding=\"async\" width=\"300\" height=\"300\" src=\"https:\/\/ivanzo.com\/wp-content\/uploads\/2026\/01\/wayfarer-shiny-black-clear-1-300x300.webp\" class=\"attachment-woocommerce_thumbnail size-woocommerce_thumbnail\" alt=\"Ray-Ban Meta Wayfarer (Gen 1) Ble\u0161\u010de\u010da \u010drna o\u010dala AI s prozornimi le\u010dami\" srcset=\"https:\/\/ivanzo.com\/wp-content\/uploads\/2026\/01\/wayfarer-shiny-black-clear-1-300x300.webp 300w, https:\/\/ivanzo.com\/wp-content\/uploads\/2026\/01\/wayfarer-shiny-black-clear-1-150x150.webp 150w, https:\/\/ivanzo.com\/wp-content\/uploads\/2026\/01\/wayfarer-shiny-black-clear-1-100x100.webp 100w\" sizes=\"auto, (max-width: 300px) 100vw, 300px\" \/><\/div>\n\t\t\t\t\t<div class=\"wc-block-grid__product-title\">Ray-Ban Meta Wayfarer (Gen 1) Ble\u0161\u010de\u010da \u010drna o\u010dala AI s prozornimi le\u010dami<\/div>\n\t\t\t\t<\/a>\n\t\t\t\t<div class=\"wc-block-grid__product-price price\"><span class=\"woocommerce-Price-amount amount\">299&nbsp;<span class=\"woocommerce-Price-currencySymbol\">\u20ac<\/span><\/span><\/div>\n\t\t\t\t\n\t\t\t\t<div class=\"wp-block-button wc-block-grid__product-add-to-cart\"><a href=\"https:\/\/ivanzo.com\/sl\/product\/wayfarer-shiny-black-clear\/\" aria-label=\"Izberite mo\u017enosti za \u201cRay-Ban Meta Wayfarer (Gen 1) Shiny Black AI Glasses with Clear Lenses\u201d\" data-quantity=\"1\" data-product_id=\"400\" data-product_sku=\"RW4012 601ST3-1\" data-price=\"299\" rel=\"nofollow\" class=\"wp-block-button__link wp-element-button add_to_cart_button\" data-no-translation=\"\" data-trp-gettext=\"\" data-no-translation-aria-label=\"\">Izberite mo\u017enosti<\/a><\/div>\n\t\t\t<\/li><\/ul><\/div><\/div>\n<\/div>","protected":false},"excerpt":{"rendered":"","protected":false},"author":1,"featured_media":0,"parent":0,"menu_order":0,"comment_status":"closed","ping_status":"closed","template":"","meta":{"footnotes":""},"class_list":["post-7","page","type-page","status-publish","hentry"],"_hostinger_reach_plugin_has_subscription_block":false,"_hostinger_reach_plugin_is_elementor":false,"_links":{"self":[{"href":"https:\/\/ivanzo.com\/sl\/wp-json\/wp\/v2\/pages\/7","targetHints":{"allow":["GET"]}}],"collection":[{"href":"https:\/\/ivanzo.com\/sl\/wp-json\/wp\/v2\/pages"}],"about":[{"href":"https:\/\/ivanzo.com\/sl\/wp-json\/wp\/v2\/types\/page"}],"author":[{"embeddable":true,"href":"https:\/\/ivanzo.com\/sl\/wp-json\/wp\/v2\/users\/1"}],"replies":[{"embeddable":true,"href":"https:\/\/ivanzo.com\/sl\/wp-json\/wp\/v2\/comments?post=7"}],"version-history":[{"count":2,"href":"https:\/\/ivanzo.com\/sl\/wp-json\/wp\/v2\/pages\/7\/revisions"}],"predecessor-version":[{"id":80,"href":"https:\/\/ivanzo.com\/sl\/wp-json\/wp\/v2\/pages\/7\/revisions\/80"}],"wp:attachment":[{"href":"https:\/\/ivanzo.com\/sl\/wp-json\/wp\/v2\/media?parent=7"}],"curies":[{"name":"wp","href":"https:\/\/api.w.org\/{rel}","templated":true}]}}