{"id":336,"date":"2026-01-10T08:04:04","date_gmt":"2026-01-10T08:04:04","guid":{"rendered":"https:\/\/ivanzo.com\/?page_id=336"},"modified":"2026-01-10T08:04:05","modified_gmt":"2026-01-10T08:04:05","slug":"pogosta-vprasanja-wayfarer-gen-2","status":"publish","type":"page","link":"https:\/\/ivanzo.com\/sl\/frequently-asked-questions-wayfarer-gen-2\/","title":{"rendered":"Pogosto zastavljena vpra\u0161anja Wayfarer (Gen 2)"},"content":{"rendered":"<div data-wp-context=\"{ &quot;autoclose&quot;: false, &quot;accordionItems&quot;: [] }\" data-wp-interactive=\"core\/accordion\" role=\"group\" class=\"wp-block-accordion is-layout-flow wp-block-accordion-is-layout-flow\">\n<div data-wp-class--is-open=\"state.isOpen\" data-wp-context=\"{ &quot;id&quot;: &quot;accordion-item-1&quot;, &quot;openByDefault&quot;: false }\" data-wp-init=\"callbacks.initAccordionItems\" data-wp-on-window--hashchange=\"callbacks.hashChange\" class=\"wp-block-accordion-item is-layout-flow wp-block-accordion-item-is-layout-flow\">\n<h3 class=\"wp-block-accordion-heading\"><button aria-expanded=\"false\" aria-controls=\"accordion-item-1-panel\" data-wp-bind--aria-expanded=\"state.isOpen\" data-wp-on--click=\"actions.toggle\" data-wp-on--keydown=\"actions.handleKeyDown\" id=\"accordion-item-1\" class=\"wp-block-accordion-heading__toggle\"><span class=\"wp-block-accordion-heading__toggle-title\">Kje lahko kupim o\u010dala Ray-Ban Meta (Gen 2)?<\/span><span class=\"wp-block-accordion-heading__toggle-icon\" aria-hidden=\"true\">+<\/span><\/button><\/h3>\n\n\n\n<div inert aria-labelledby=\"accordion-item-1\" data-wp-bind--inert=\"!state.isOpen\" id=\"accordion-item-1-panel\" role=\"region\" class=\"wp-block-accordion-panel is-layout-flow wp-block-accordion-panel-is-layout-flow\">\n<p>O\u010dala Ray-Ban Meta lahko kupite v Zdru\u017eenih dr\u017eavah Amerike, Kanadi, Zdru\u017eenem kraljestvu, Avstraliji, Franciji, Italiji, \u0160paniji in Nem\u010diji prek spletnega mesta Meta in drugih certificiranih prodajaln Meta.&nbsp;<\/p>\n\n\n\n<p>Na voljo so tudi na spletni strani Ray-Ban.com, v uradnih trgovinah Ray-Ban in pri poobla\u0161\u010denih prodajalcih Ray-Ban (na spletu in v trgovinah). Trenutno jih je mogo\u010de kupiti v Zdru\u017eenih dr\u017eavah Amerike, Kanadi, Zdru\u017eenem kraljestvu, na Irskem, v Avstriji, Belgiji, Franciji, Italiji, \u0160paniji, Nem\u010diji, na Finskem, Norve\u0161kem, Danskem, \u0160vedskem in v Avstraliji.<\/p>\n<\/div>\n<\/div>\n<\/div>\n\n\n\n<div data-wp-context=\"{ &quot;autoclose&quot;: false, &quot;accordionItems&quot;: [] }\" data-wp-interactive=\"core\/accordion\" role=\"group\" class=\"wp-block-accordion is-layout-flow wp-block-accordion-is-layout-flow\">\n<div data-wp-class--is-open=\"state.isOpen\" data-wp-context=\"{ &quot;id&quot;: &quot;accordion-item-2&quot;, &quot;openByDefault&quot;: false }\" data-wp-init=\"callbacks.initAccordionItems\" data-wp-on-window--hashchange=\"callbacks.hashChange\" class=\"wp-block-accordion-item is-layout-flow wp-block-accordion-item-is-layout-flow\">\n<h3 class=\"wp-block-accordion-heading\"><button aria-expanded=\"false\" aria-controls=\"accordion-item-2-panel\" data-wp-bind--aria-expanded=\"state.isOpen\" data-wp-on--click=\"actions.toggle\" data-wp-on--keydown=\"actions.handleKeyDown\" id=\"accordion-item-2\" class=\"wp-block-accordion-heading__toggle\"><span class=\"wp-block-accordion-heading__toggle-title\">V \u010dem se o\u010dala Ray-Ban Meta (Gen 2) razlikujejo od o\u010dal Ray-Ban Meta (Gen 1)?<\/span><span class=\"wp-block-accordion-heading__toggle-icon\" aria-hidden=\"true\">+<\/span><\/button><\/h3>\n\n\n\n<div inert aria-labelledby=\"accordion-item-2\" data-wp-bind--inert=\"!state.isOpen\" id=\"accordion-item-2-panel\" role=\"region\" class=\"wp-block-accordion-panel is-layout-flow wp-block-accordion-panel-is-layout-flow\">\n<p>Ray-Ban Meta (Gen 2) ima nadgrajeno kamero z izbolj\u0161ano lo\u010dljivostjo videa 3K Ultra HD in do 8 ur delovanja baterije z enim polnjenjem, kar je dvakrat ve\u010d kot pri Ray-Ban Meta (Gen 1).<\/p>\n<\/div>\n<\/div>\n<\/div>","protected":false},"excerpt":{"rendered":"","protected":false},"author":1,"featured_media":0,"parent":0,"menu_order":0,"comment_status":"closed","ping_status":"closed","template":"","meta":{"footnotes":""},"class_list":["post-336","page","type-page","status-publish","hentry"],"_hostinger_reach_plugin_has_subscription_block":false,"_hostinger_reach_plugin_is_elementor":false,"_links":{"self":[{"href":"https:\/\/ivanzo.com\/sl\/wp-json\/wp\/v2\/pages\/336","targetHints":{"allow":["GET"]}}],"collection":[{"href":"https:\/\/ivanzo.com\/sl\/wp-json\/wp\/v2\/pages"}],"about":[{"href":"https:\/\/ivanzo.com\/sl\/wp-json\/wp\/v2\/types\/page"}],"author":[{"embeddable":true,"href":"https:\/\/ivanzo.com\/sl\/wp-json\/wp\/v2\/users\/1"}],"replies":[{"embeddable":true,"href":"https:\/\/ivanzo.com\/sl\/wp-json\/wp\/v2\/comments?post=336"}],"version-history":[{"count":2,"href":"https:\/\/ivanzo.com\/sl\/wp-json\/wp\/v2\/pages\/336\/revisions"}],"predecessor-version":[{"id":339,"href":"https:\/\/ivanzo.com\/sl\/wp-json\/wp\/v2\/pages\/336\/revisions\/339"}],"wp:attachment":[{"href":"https:\/\/ivanzo.com\/sl\/wp-json\/wp\/v2\/media?parent=336"}],"curies":[{"name":"wp","href":"https:\/\/api.w.org\/{rel}","templated":true}]}}