{"id":144,"date":"2026-01-01T08:01:42","date_gmt":"2026-01-01T08:01:42","guid":{"rendered":"https:\/\/ivanzo.com\/?page_id=144"},"modified":"2026-01-01T08:08:12","modified_gmt":"2026-01-01T08:08:12","slug":"pogoji-in-dolocila","status":"publish","type":"page","link":"https:\/\/ivanzo.com\/sl\/terms-and-conditions\/","title":{"rendered":"Pogoji in dolo\u010dila"},"content":{"rendered":"<p>Ti pogoji urejajo uporabo te e-trgovine in pogodbeno razmerje med kupcem (\u201ckupec\u201d) in prodajalcem (\u201cprodajalec\u201d). Kupec z oddajo naro\u010dila potrjuje, da je prebral, razumel in se strinja s temi pogoji.<\/p>\n\n\n\n<hr class=\"wp-block-separator has-alpha-channel-opacity\"\/>\n\n\n\n<h3 class=\"wp-block-heading\"><strong>1. Informacije o prodajalcu<\/strong><\/h3>\n\n\n\n<p><strong>Ime podjetja:<\/strong>&nbsp;Trending Up s. r. o.<\/p>\n\n\n\n<p><strong>Naslov sede\u017ea:<\/strong><\/p>\n\n\n\n<p>\u0160ari\u0161sk\u00fd \u0160tiavnik 13<\/p>\n\n\n\n<p>090 42 \u0160ari\u0161sk\u00fd \u0160tiavnik<\/p>\n\n\n\n<p>Slova\u0161ka republika<\/p>\n\n\n\n<p><strong>ID podjetja (I\u010cO):<\/strong>&nbsp;56383771<\/p>\n\n\n\n<p><strong>ID ZA DDV:<\/strong>&nbsp;SK2122289125<\/p>\n\n\n\n<p><strong>Registriran v:<\/strong>&nbsp;Poslovni register okro\u017enega sodi\u0161\u010da v Pre\u0161ovu<\/p>\n\n\n\n<p><strong>Oddelek:<\/strong>&nbsp;Sro<\/p>\n\n\n\n<p><strong>\u0160tevilka spisa:<\/strong>&nbsp;48226\/P<\/p>\n\n\n\n<p><strong>Kontaktna e-po\u0161ta:<\/strong>&nbsp;info@ivanzo.com<\/p>\n\n\n\n<p><strong>Telefon:<\/strong>&nbsp;+421 944 780 345<\/p>\n\n\n\n<hr class=\"wp-block-separator has-alpha-channel-opacity\"\/>\n\n\n\n<h3 class=\"wp-block-heading\"><strong>2. Podro\u010dje uporabe<\/strong><\/h3>\n\n\n\n<p>Ti pogoji veljajo za vse kupoprodajne pogodbe, sklenjene prek prodajal\u010deve e-trgovine s strankami, ki se nahajajo v Evropski uniji.<\/p>\n\n\n\n<hr class=\"wp-block-separator has-alpha-channel-opacity\"\/>\n\n\n\n<h3 class=\"wp-block-heading\"><strong>3. Izdelki in razpolo\u017eljivost<\/strong><\/h3>\n\n\n\n<p>Prodajalec ponuja pametna o\u010dala z umetno inteligenco, med drugim:<\/p>\n\n\n\n<ul class=\"wp-block-list\">\n<li>Ray-Ban Meta<\/li>\n\n\n\n<li>Oakley Meta Vanguard<\/li>\n\n\n\n<li>Oakley Meta HSTN<\/li>\n\n\n\n<li>Meta zaslon Ray-Ban<\/li>\n<\/ul>\n\n\n\n<p>Vsi izdelki, ki so na voljo v e-trgovini, so originalni in izvirajo iz uradnih ali poobla\u0161\u010denih distribucijskih kanalov.<\/p>\n\n\n\n<p>Razpolo\u017eljivost izdelka in predvideni datumi dostave so prikazani na strani izdelka, v nakupovalni ko\u0161arici in med odjavo.<\/p>\n\n\n\n<hr class=\"wp-block-separator has-alpha-channel-opacity\"\/>\n\n\n\n<h3 class=\"wp-block-heading\"><strong>4. Cene<\/strong><\/h3>\n\n\n\n<p>Vse cene, prikazane v e-trgovini, so kon\u010dne cene, vklju\u010dno z veljavnim DDV, razen \u010de ni navedeno druga\u010de. Stro\u0161ki po\u0161iljanja so prikazani lo\u010deno med naro\u010danjem.<\/p>\n\n\n\n<hr class=\"wp-block-separator has-alpha-channel-opacity\"\/>\n\n\n\n<h3 class=\"wp-block-heading\"><strong>5. Po\u0161iljanje in dostava<\/strong><\/h3>\n\n\n\n<ul class=\"wp-block-list\">\n<li><strong>Dostava na kraju prevzema:<\/strong>\u00a0brezpla\u010dno<\/li>\n\n\n\n<li><strong>Dostava na naslov:<\/strong>\u00a04 \u20ac<\/li>\n<\/ul>\n\n\n\n<p>Poseben na\u010din dostave in predvideni datum dostave sta prikazana v nakupovalni ko\u0161arici in na blagajni.<\/p>\n\n\n\n<hr class=\"wp-block-separator has-alpha-channel-opacity\"\/>\n\n\n\n<h3 class=\"wp-block-heading\"><strong>6. Na\u010dini pla\u010dila<\/strong><\/h3>\n\n\n\n<p>Kupec lahko pla\u010da na naslednje na\u010dine:<\/p>\n\n\n\n<ul class=\"wp-block-list\">\n<li>Pla\u010dilna kartica<\/li>\n\n\n\n<li>Klarna<\/li>\n\n\n\n<li>Ban\u010dno nakazilo<\/li>\n<\/ul>\n\n\n\n<p>Vse mo\u017enosti pla\u010dila so prikazane med prijavo.<\/p>\n\n\n\n<hr class=\"wp-block-separator has-alpha-channel-opacity\"\/>\n\n\n\n<h3 class=\"wp-block-heading\"><strong>7. Postopek naro\u010danja in sklenitev pogodbe<\/strong><\/h3>\n\n\n\n<p>Z oddajo naro\u010dila kupec zavezujo\u010de ponudi nakup izbranih izdelkov.<\/p>\n\n\n\n<p>Kupoprodajna pogodba je sklenjena, ko prodajalec po elektronski po\u0161ti potrdi naro\u010dilo.<\/p>\n\n\n\n<hr class=\"wp-block-separator has-alpha-channel-opacity\"\/>\n\n\n\n<h3 class=\"wp-block-heading\"><strong>8. Pravica do odstopa od pogodbe (vra\u010dila)<\/strong><\/h3>\n\n\n\n<p>Kupec ima pravico odstopiti od pogodbe&nbsp;<strong>v 14 dneh<\/strong>&nbsp;po prejemu blaga, brez navedbe razloga, v skladu z zakonodajo EU o varstvu potro\u0161nikov.<\/p>\n\n\n\n<p>Za uveljavljanje pravice do odstopa od pogodbe mora kupec pred vra\u010dilom blaga stopiti v stik s prodajalcem po elektronski po\u0161ti.<\/p>\n\n\n\n<p>Vrnjeni izdelki morajo biti neuporabljeni, nepo\u0161kodovani in v originalni embala\u017ei.<\/p>\n\n\n\n<hr class=\"wp-block-separator has-alpha-channel-opacity\"\/>\n\n\n\n<h3 class=\"wp-block-heading\"><strong>9. Garancija in reklamacije<\/strong><\/h3>\n\n\n\n<p>Prodajalec je odgovoren za napake v skladu z veljavnimi zakonskimi predpisi.<\/p>\n\n\n\n<p>\u010ce izdelek ne deluje pravilno ali ima napake, se mora kupec takoj obrniti na prodajalca po elektronski po\u0161ti ali telefonu. Prito\u017ebe bodo obravnavane brez nepotrebnega odla\u0161anja.<\/p>\n\n\n\n<hr class=\"wp-block-separator has-alpha-channel-opacity\"\/>\n\n\n\n<h3 class=\"wp-block-heading\"><strong>10. Varstvo osebnih podatkov<\/strong><\/h3>\n\n\n\n<p>Prodajalec obdeluje osebne podatke v skladu z veljavnimi zakoni o varstvu podatkov, vklju\u010dno z GDPR. Osebni podatki se uporabljajo izklju\u010dno za obdelavo naro\u010dil, dostavo in komunikacijo s strankami.<\/p>\n\n\n\n<hr class=\"wp-block-separator has-alpha-channel-opacity\"\/>\n\n\n\n<h3 class=\"wp-block-heading\"><strong>11. Alternativno re\u0161evanje sporov (ADR)<\/strong><\/h3>\n\n\n\n<p>V primeru spora ima kupec pravico, da se obrne na organ za alternativno re\u0161evanje sporov.<\/p>\n\n\n\n<p><strong>Slova\u0161ki trgovinski in\u0161pektorat (SOI):<\/strong><\/p>\n\n\n\n<p>In\u0161pektorat slova\u0161ke trgovinske in\u0161pekcije za regijo Pre\u0161ov<\/p>\n\n\n\n<p>Obrancov mieru 6<\/p>\n\n\n\n<p>080 01 Pre\u0161ov<\/p>\n\n\n\n<p>Slova\u0161ka republika<\/p>\n\n\n\n<p>Kupec lahko uporabi tudi&nbsp;<strong>Platforma za spletno re\u0161evanje sporov (ODR)<\/strong>&nbsp;zagotovila Evropska komisija.<\/p>\n\n\n\n<hr class=\"wp-block-separator has-alpha-channel-opacity\"\/>\n\n\n\n<h3 class=\"wp-block-heading\"><strong>12. Kon\u010dne dolo\u010dbe<\/strong><\/h3>\n\n\n\n<p>Te pogoje ureja zakonodaja Slova\u0161ke republike.<\/p>\n\n\n\n<p>Prodajalec si pridr\u017euje pravico, da te pogoje kadar koli spremeni. Velja razli\u010dica, veljavna v \u010dasu oddaje naro\u010dila.<\/p>","protected":false},"excerpt":{"rendered":"<p>These Terms and Conditions govern the use of this e-shop and the contractual relationship between the customer (the \u201cBuyer\u201d) and the seller (the \u201cSeller\u201d). By placing an order, the Buyer confirms that they have read, understood, and agree to these Terms and Conditions. 1. Seller Information Company name:&nbsp;Trending Up s. r. o. Registered address: \u0160ari\u0161sk\u00fd [&hellip;]<\/p>\n","protected":false},"author":1,"featured_media":0,"parent":0,"menu_order":0,"comment_status":"closed","ping_status":"closed","template":"","meta":{"footnotes":""},"class_list":["post-144","page","type-page","status-publish","hentry"],"_hostinger_reach_plugin_has_subscription_block":false,"_hostinger_reach_plugin_is_elementor":false,"_links":{"self":[{"href":"https:\/\/ivanzo.com\/sl\/wp-json\/wp\/v2\/pages\/144","targetHints":{"allow":["GET"]}}],"collection":[{"href":"https:\/\/ivanzo.com\/sl\/wp-json\/wp\/v2\/pages"}],"about":[{"href":"https:\/\/ivanzo.com\/sl\/wp-json\/wp\/v2\/types\/page"}],"author":[{"embeddable":true,"href":"https:\/\/ivanzo.com\/sl\/wp-json\/wp\/v2\/users\/1"}],"replies":[{"embeddable":true,"href":"https:\/\/ivanzo.com\/sl\/wp-json\/wp\/v2\/comments?post=144"}],"version-history":[{"count":2,"href":"https:\/\/ivanzo.com\/sl\/wp-json\/wp\/v2\/pages\/144\/revisions"}],"predecessor-version":[{"id":146,"href":"https:\/\/ivanzo.com\/sl\/wp-json\/wp\/v2\/pages\/144\/revisions\/146"}],"wp:attachment":[{"href":"https:\/\/ivanzo.com\/sl\/wp-json\/wp\/v2\/media?parent=144"}],"curies":[{"name":"wp","href":"https:\/\/api.w.org\/{rel}","templated":true}]}}