{"id":142,"date":"2026-01-01T07:54:49","date_gmt":"2026-01-01T07:54:49","guid":{"rendered":"https:\/\/ivanzo.com\/?page_id=142"},"modified":"2026-01-01T10:58:21","modified_gmt":"2026-01-01T10:58:21","slug":"vprasalnik-o-napotkih","status":"publish","type":"page","link":"https:\/\/ivanzo.com\/sl\/faq\/","title":{"rendered":"Pogosta vpra\u0161anja - Pogosto zastavljena vpra\u0161anja"},"content":{"rendered":"<h3 class=\"wp-block-heading\"><strong>Ali so izdelki originalni?<\/strong><\/h3>\n\n\n\n<p>Da. Vsi izdelki, ki se prodajajo v na\u0161i trgovini, so 100% originalni in izvirajo iz uradnih in preverjenih distribucijskih kanalov. Prodajamo samo originalna pametna o\u010dala Meta.<\/p>\n\n\n\n<hr class=\"wp-block-separator has-alpha-channel-opacity\"\/>\n\n\n\n<h3 class=\"wp-block-heading\"><strong>Ali po\u0161iljate po Evropi?<\/strong><\/h3>\n\n\n\n<p>Da, po\u0161iljamo v vse dr\u017eave Evropske unije. Razpolo\u017eljivost, na\u010din dostave in predvideni datum dostave so prikazani v ko\u0161arici in na blagajni.<\/p>\n\n\n\n<hr class=\"wp-block-separator has-alpha-channel-opacity\"\/>\n\n\n\n<h3 class=\"wp-block-heading\"><strong>Koliko stane po\u0161iljanje?<\/strong><\/h3>\n\n\n\n<ul class=\"wp-block-list\">\n<li><strong>To\u010dka prevzema:<\/strong>&nbsp;Brezpla\u010dno<\/li>\n\n\n\n<li><strong>Dostava na dom:<\/strong>&nbsp;\u20ac4<\/li>\n<\/ul>\n\n\n\n<p>Kon\u010dna mo\u017enost po\u0161iljanja in datum dostave bosta prikazana med naro\u010danjem.<\/p>\n\n\n\n<hr class=\"wp-block-separator has-alpha-channel-opacity\"\/>\n\n\n\n<h3 class=\"wp-block-heading\"><strong>Katere na\u010dine pla\u010dila sprejemate?<\/strong><\/h3>\n\n\n\n<p>Pla\u010date lahko z:<\/p>\n\n\n\n<ul class=\"wp-block-list\">\n<li>Kreditna ali debetna kartica<\/li>\n\n\n\n<li>Klarna<\/li>\n\n\n\n<li>Ban\u010dno nakazilo<\/li>\n<\/ul>\n\n\n\n<p>Vsa pla\u010dila so varno obdelana.<\/p>\n\n\n\n<hr class=\"wp-block-separator has-alpha-channel-opacity\"\/>\n\n\n\n<h3 class=\"wp-block-heading\"><strong>Ali lahko vrnem svoje naro\u010dilo?<\/strong><\/h3>\n\n\n\n<p>Da. V skladu z zakonodajo EU o varstvu potro\u0161nikov imate pravico vrniti naro\u010dilo.&nbsp;<strong>v 14 dneh<\/strong>&nbsp;po prejemu izdelka brez navedbe razloga.<\/p>\n\n\n\n<p>Vrnjeni izdelki morajo biti neuporabljeni, nepo\u0161kodovani in v originalni embala\u017ei. Podrobna navodila za vra\u010dilo lahko dobite, \u010de nas kontaktirate.<\/p>\n\n\n\n<hr class=\"wp-block-separator has-alpha-channel-opacity\"\/>\n\n\n\n<h3 class=\"wp-block-heading\"><strong>Kaj naj storim, \u010de moj izdelek ne deluje pravilno?<\/strong><\/h3>\n\n\n\n<p>\u010ce imate te\u017eave z izdelkom, se \u010dim prej obrnite na nas. Na\u0161a ekipa za podporo vam bo pomagala pri odpravljanju te\u017eav, zamenjavi ali vrnitvi, \u010de bo to potrebno.<\/p>\n\n\n\n<hr class=\"wp-block-separator has-alpha-channel-opacity\"\/>\n\n\n\n<h3 class=\"wp-block-heading\"><strong>Kako lahko stopim v stik z vami?<\/strong><\/h3>\n\n\n\n<p>Lahko nas kontaktirate prek:<\/p>\n\n\n\n<ul class=\"wp-block-list\">\n<li>Elektronska po\u0161ta:\u00a0<strong><a href=\"mailto:info@ivanzo.com\">info@ivanzo.com<\/a><\/strong><\/li>\n\n\n\n<li>Telefon:\u00a0<strong><a href=\"tel:421944780345\">+421 944 780 345<\/a><\/strong><\/li>\n<\/ul>\n\n\n\n<p>Na\u0161e razpolo\u017eljive ure so navedene na strani za stike.<\/p>\n\n\n\n<hr class=\"wp-block-separator has-alpha-channel-opacity\"\/>\n\n\n\n<h3 class=\"wp-block-heading\"><strong>Kje je sede\u017e va\u0161ega podjetja?<\/strong><\/h3>\n\n\n\n<p>Sede\u017e imamo v&nbsp;<strong>Slova\u0161ka<\/strong>&nbsp;in delujejo pod okriljem dru\u017ebe&nbsp;<strong>Trending Up s. r. o.<\/strong>, ki je uradno registrirana pri okro\u017enem sodi\u0161\u010du v Pre\u0161ovu.<\/p>","protected":false},"excerpt":{"rendered":"<p>Are the products original? Yes. All products sold in our store are 100% original and sourced from official and verified distribution channels. We only sell genuine Meta smart glasses. Do you ship across Europe? Yes, we ship to all European Union countries. Availability, delivery method, and estimated delivery date are displayed in the cart and [&hellip;]<\/p>\n","protected":false},"author":1,"featured_media":0,"parent":0,"menu_order":0,"comment_status":"closed","ping_status":"closed","template":"","meta":{"footnotes":""},"class_list":["post-142","page","type-page","status-publish","hentry"],"_hostinger_reach_plugin_has_subscription_block":false,"_hostinger_reach_plugin_is_elementor":false,"_links":{"self":[{"href":"https:\/\/ivanzo.com\/sl\/wp-json\/wp\/v2\/pages\/142","targetHints":{"allow":["GET"]}}],"collection":[{"href":"https:\/\/ivanzo.com\/sl\/wp-json\/wp\/v2\/pages"}],"about":[{"href":"https:\/\/ivanzo.com\/sl\/wp-json\/wp\/v2\/types\/page"}],"author":[{"embeddable":true,"href":"https:\/\/ivanzo.com\/sl\/wp-json\/wp\/v2\/users\/1"}],"replies":[{"embeddable":true,"href":"https:\/\/ivanzo.com\/sl\/wp-json\/wp\/v2\/comments?post=142"}],"version-history":[{"count":2,"href":"https:\/\/ivanzo.com\/sl\/wp-json\/wp\/v2\/pages\/142\/revisions"}],"predecessor-version":[{"id":234,"href":"https:\/\/ivanzo.com\/sl\/wp-json\/wp\/v2\/pages\/142\/revisions\/234"}],"wp:attachment":[{"href":"https:\/\/ivanzo.com\/sl\/wp-json\/wp\/v2\/media?parent=142"}],"curies":[{"name":"wp","href":"https:\/\/api.w.org\/{rel}","templated":true}]}}