{"id":137,"date":"2026-01-01T07:46:33","date_gmt":"2026-01-01T07:46:33","guid":{"rendered":"https:\/\/ivanzo.com\/?page_id=137"},"modified":"2026-01-01T07:47:14","modified_gmt":"2026-01-01T07:47:14","slug":"placilo-za-dostavo","status":"publish","type":"page","link":"https:\/\/ivanzo.com\/sl\/shipping-payment\/","title":{"rendered":"Dostava in pla\u010dilo"},"content":{"rendered":"<h3 class=\"wp-block-heading\"><strong>Informacije o dostavi<\/strong><\/h3>\n\n\n\n<p>Svoje izdelke dostavljamo po vsej Evropi.<\/p>\n\n\n\n<p>Spletna stran&nbsp;<strong>natan\u010den datum dostave in na\u010din po\u0161iljanja<\/strong>&nbsp;se prika\u017ee neposredno na&nbsp;<strong>stran izdelka<\/strong>, pa tudi v&nbsp;<strong>nakupovalna ko\u0161arica in blagajna<\/strong>&nbsp;pred dokon\u010danjem naro\u010dila.<\/p>\n\n\n\n<h4 class=\"wp-block-heading\"><strong>Mo\u017enosti po\u0161iljanja in cene<\/strong><\/h4>\n\n\n\n<ul class=\"wp-block-list\">\n<li><strong>To\u010dka prevzema<\/strong>: Brezpla\u010dno<\/li>\n\n\n\n<li><strong>Dostava na dom (dostava na naslov)<\/strong>: \u20ac4<\/li>\n<\/ul>\n\n\n\n<p>Stro\u0161ki po\u0161iljanja so jasno prikazani pred pla\u010dilom, brez skritih pristojbin.<\/p>\n\n\n\n<hr class=\"wp-block-separator has-alpha-channel-opacity\"\/>\n\n\n\n<h3 class=\"wp-block-heading\"><strong>Na\u010dini pla\u010dila<\/strong><\/h3>\n\n\n\n<p>Ponujamo ve\u010d varnih in priro\u010dnih na\u010dinov pla\u010dila:<\/p>\n\n\n\n<ul class=\"wp-block-list\">\n<li><strong>Kreditna \/ debetna kartica<\/strong><\/li>\n\n\n\n<li><strong>Klarna<\/strong><\/li>\n\n\n\n<li><strong>Ban\u010dno nakazilo<\/strong><\/li>\n<\/ul>\n\n\n\n<p>Vsa pla\u010dila so varno obdelana. Va\u0161e naro\u010dilo bo pripravljeno za odpremo, ko bo pla\u010dilo uspe\u0161no potrjeno.<\/p>\n\n\n\n<hr class=\"wp-block-separator has-alpha-channel-opacity\"\/>\n\n\n\n<p>\u010ce imate kakr\u0161na koli vpra\u0161anja v zvezi z dostavo ali pla\u010dilom, se lahko obrnete na nas prek na\u0161e kontaktne strani ali e-po\u0161te.<\/p>","protected":false},"excerpt":{"rendered":"<p>Shipping Information We deliver our products across Europe. The&nbsp;exact delivery date and shipping method&nbsp;will be displayed directly on the&nbsp;product page, as well as in the&nbsp;shopping cart and checkout&nbsp;before completing your order. Shipping Options &amp; Prices Shipping costs are clearly shown before payment, with no hidden fees. Payment Methods We offer several secure and convenient payment [&hellip;]<\/p>\n","protected":false},"author":1,"featured_media":0,"parent":0,"menu_order":0,"comment_status":"closed","ping_status":"closed","template":"","meta":{"footnotes":""},"class_list":["post-137","page","type-page","status-publish","hentry"],"_hostinger_reach_plugin_has_subscription_block":false,"_hostinger_reach_plugin_is_elementor":false,"_links":{"self":[{"href":"https:\/\/ivanzo.com\/sl\/wp-json\/wp\/v2\/pages\/137","targetHints":{"allow":["GET"]}}],"collection":[{"href":"https:\/\/ivanzo.com\/sl\/wp-json\/wp\/v2\/pages"}],"about":[{"href":"https:\/\/ivanzo.com\/sl\/wp-json\/wp\/v2\/types\/page"}],"author":[{"embeddable":true,"href":"https:\/\/ivanzo.com\/sl\/wp-json\/wp\/v2\/users\/1"}],"replies":[{"embeddable":true,"href":"https:\/\/ivanzo.com\/sl\/wp-json\/wp\/v2\/comments?post=137"}],"version-history":[{"count":3,"href":"https:\/\/ivanzo.com\/sl\/wp-json\/wp\/v2\/pages\/137\/revisions"}],"predecessor-version":[{"id":140,"href":"https:\/\/ivanzo.com\/sl\/wp-json\/wp\/v2\/pages\/137\/revisions\/140"}],"wp:attachment":[{"href":"https:\/\/ivanzo.com\/sl\/wp-json\/wp\/v2\/media?parent=137"}],"curies":[{"name":"wp","href":"https:\/\/api.w.org\/{rel}","templated":true}]}}