{"id":135,"date":"2025-12-31T16:00:44","date_gmt":"2025-12-31T16:00:44","guid":{"rendered":"https:\/\/ivanzo.com\/?page_id=135"},"modified":"2026-01-01T10:15:27","modified_gmt":"2026-01-01T10:15:27","slug":"kontaktirajte","status":"publish","type":"page","link":"https:\/\/ivanzo.com\/sl\/contact\/","title":{"rendered":"Pi\u0161ite na"},"content":{"rendered":"<p>Imate vpra\u0161anje o na\u0161ih izdelkih, naro\u010dilu ali potrebujete podporo?<\/p>\n\n\n\n<p>Obrnite se na nas - z veseljem vam bomo pomagali.<\/p>\n\n\n\n<h3 class=\"wp-block-heading\"><strong>Podpora strankam<\/strong><\/h3>\n\n\n\n<p><strong>Elektronska po\u0161ta:<\/strong>\u00a0<a href=\"mailto:info@ivanzo.com\">info@ivanzo.com<\/a><\/p>\n\n\n\n<p><strong>Telefon:<\/strong>\u00a0<a href=\"tel:421944780345\">+421 944 780 345<\/a><\/p>\n\n\n\n<p><strong>Razpolo\u017eljivost:<\/strong><\/p>\n\n\n\n<p>Od ponedeljka do petka, od 9:00 do 17:00 (CET)<\/p>\n\n\n\n<p>Obi\u010dajno se odzovemo v enem delovnem dnevu.<\/p>\n\n\n\n<p>\u010ce kar koli ne deluje po pri\u010dakovanjih, nas preprosto kontaktirajte in poskrbeli bomo za to.<\/p>\n\n\n\n<hr class=\"wp-block-separator has-alpha-channel-opacity\"\/>\n\n\n\n<h3 class=\"wp-block-heading\"><strong>Podrobnosti o podjetju<\/strong><\/h3>\n\n\n\n<p><strong>Ime podjetja:<\/strong>&nbsp;Trending Up s. r. o.<\/p>\n\n\n\n<p><strong>Naslov sede\u017ea:<\/strong><\/p>\n\n\n\n<p>\u0160ari\u0161sk\u00fd \u0160tiavnik 13<\/p>\n\n\n\n<p>090 42 \u0160ari\u0161sk\u00fd \u0160tiavnik<\/p>\n\n\n\n<p>Slova\u0161ka republika<\/p>\n\n\n\n<p><strong>ID podjetja (I\u010cO):<\/strong>&nbsp;56383771<\/p>\n\n\n\n<p><strong>Dav\u010dna \u0161tevilka (DI\u010c):<\/strong>&nbsp;2122289125<\/p>\n\n\n\n<p><strong>ID ZA DDV:<\/strong>&nbsp;SK2122289125<\/p>\n\n\n\n<hr class=\"wp-block-separator has-alpha-channel-opacity\"\/>\n\n\n\n<h3 class=\"wp-block-heading\"><strong>Pravne informacije<\/strong><\/h3>\n\n\n\n<p>Podjetje je vpisano v poslovni register okro\u017enega sodi\u0161\u010da v Pre\u0161ovu,<\/p>\n\n\n\n<p>Oddelek: 48226\/P<\/p>","protected":false},"excerpt":{"rendered":"<p>Have a question about our products, your order, or need support? Feel free to contact us \u2014 we\u2019ll be happy to help. Customer Support Email:\u00a0info@ivanzo.com Phone:\u00a0+421 944 780 345 Availability: Monday \u2013 Friday, 9:00 \u2013 17:00 (CET) We usually respond within one business day. If anything doesn\u2019t work as expected, simply contact us and we [&hellip;]<\/p>\n","protected":false},"author":1,"featured_media":0,"parent":0,"menu_order":0,"comment_status":"closed","ping_status":"closed","template":"","meta":{"footnotes":""},"class_list":["post-135","page","type-page","status-publish","hentry"],"_hostinger_reach_plugin_has_subscription_block":false,"_hostinger_reach_plugin_is_elementor":false,"_links":{"self":[{"href":"https:\/\/ivanzo.com\/sl\/wp-json\/wp\/v2\/pages\/135","targetHints":{"allow":["GET"]}}],"collection":[{"href":"https:\/\/ivanzo.com\/sl\/wp-json\/wp\/v2\/pages"}],"about":[{"href":"https:\/\/ivanzo.com\/sl\/wp-json\/wp\/v2\/types\/page"}],"author":[{"embeddable":true,"href":"https:\/\/ivanzo.com\/sl\/wp-json\/wp\/v2\/users\/1"}],"replies":[{"embeddable":true,"href":"https:\/\/ivanzo.com\/sl\/wp-json\/wp\/v2\/comments?post=135"}],"version-history":[{"count":2,"href":"https:\/\/ivanzo.com\/sl\/wp-json\/wp\/v2\/pages\/135\/revisions"}],"predecessor-version":[{"id":218,"href":"https:\/\/ivanzo.com\/sl\/wp-json\/wp\/v2\/pages\/135\/revisions\/218"}],"wp:attachment":[{"href":"https:\/\/ivanzo.com\/sl\/wp-json\/wp\/v2\/media?parent=135"}],"curies":[{"name":"wp","href":"https:\/\/api.w.org\/{rel}","templated":true}]}}