{"id":133,"date":"2025-12-31T04:43:46","date_gmt":"2025-12-31T04:43:46","guid":{"rendered":"https:\/\/ivanzo.com\/?page_id=133"},"modified":"2026-01-01T07:48:41","modified_gmt":"2026-01-01T07:48:41","slug":"o-nas","status":"publish","type":"page","link":"https:\/\/ivanzo.com\/sl\/about-us\/","title":{"rendered":"O nas"},"content":{"rendered":"<p>Smo spletna trgovina s sede\u017eem na Slova\u0161kem, ki se osredoto\u010da na zagotavljanje&nbsp;<strong>Pametna o\u010dala z umetno inteligenco<\/strong>&nbsp;strankam po vsej Evropi.<\/p>\n\n\n\n<p>Na\u0161a zgodba se je za\u010dela s preprostim razo\u010daranjem:&nbsp;<strong>ti izdelki niso bili na voljo nikjer v na\u0161i dr\u017eavi.<\/strong>. Medtem ko inovativna o\u010dala z umetno inteligenco, kot so npr.&nbsp;<strong>Ray-Ban Meta<\/strong>,&nbsp;<strong>Oakley Meta Vanguard<\/strong>,&nbsp;<strong>Oakley Meta HSTN<\/strong>, in&nbsp;<strong>Meta zaslon Ray-Ban<\/strong>&nbsp;so v tujini \u017ee oblikovali prihodnost, stranke na Slova\u0161kem do njih niso imele dostopa. Odlo\u010dili smo se, da to spremenimo.<\/p>\n\n\n\n<p>Ustanovil jo je tehnolo\u0161ki navdu\u0161enec in deluje pod&nbsp;<strong>Trending Up s. r. o.<\/strong>, na\u0161e poslanstvo je omogo\u010diti dostop do vrhunske nosljive umetne inteligence v dr\u017eavah, kjer jo je te\u017eko najti.<\/p>\n\n\n\n<p>Prodajamo&nbsp;<strong>100% samo originalni izdelki<\/strong>, ki jih pridobivajo od zaupanja vrednih partnerjev. Vsak izdelek je skrbno izbran zaradi svoje zasnove, zmogljivosti in uporabnosti v resni\u010dnem svetu. Verjamemo, da so pametna o\u010dala ve\u010d kot pripomo\u010dek - so naravna raz\u0161iritev na\u010dina, kako se ljudje povezujejo, ustvarjajo in do\u017eivljajo tehnologijo.<\/p>\n\n\n\n<p>Na\u0161i izdelki so zasnovani za&nbsp;<strong>ustvarjalci, \u0161portniki, tehnolo\u0161ki navdu\u0161enci in vsakdanji uporabniki.<\/strong>&nbsp;ki \u017eelijo ujeti trenutke brez uporabe rok, ostati povezani na poti in raziskati prihodnost nosljivih naprav z umetno inteligenco.<\/p>\n\n\n\n<p>Po Evropi po\u0161iljamo zanesljivo in stojimo za tem, kar prodajamo.&nbsp;<strong>\u010ce kar koli ne deluje po pri\u010dakovanjih, nas lahko preprosto kontaktirate in poskrbeli bomo za to.<\/strong><\/p>\n\n\n\n<p>Od Slova\u0161ke do vse Evrope -&nbsp;<strong>Prihodnost pametnega vida se za\u010dne tukaj<\/strong>.<\/p>","protected":false},"excerpt":{"rendered":"<p>We are a Slovakia-based online store focused on bringing&nbsp;AI-powered smart glasses&nbsp;to customers across Europe. Our story began with a simple frustration:&nbsp;these products were not available anywhere in our country. While innovative AI glasses such as&nbsp;Ray-Ban Meta,&nbsp;Oakley Meta Vanguard,&nbsp;Oakley Meta HSTN, and&nbsp;Meta Ray-Ban Display&nbsp;were already shaping the future abroad, customers in Slovakia had no access to [&hellip;]<\/p>\n","protected":false},"author":1,"featured_media":0,"parent":0,"menu_order":0,"comment_status":"closed","ping_status":"closed","template":"","meta":{"footnotes":""},"class_list":["post-133","page","type-page","status-publish","hentry"],"_hostinger_reach_plugin_has_subscription_block":false,"_hostinger_reach_plugin_is_elementor":false,"_links":{"self":[{"href":"https:\/\/ivanzo.com\/sl\/wp-json\/wp\/v2\/pages\/133","targetHints":{"allow":["GET"]}}],"collection":[{"href":"https:\/\/ivanzo.com\/sl\/wp-json\/wp\/v2\/pages"}],"about":[{"href":"https:\/\/ivanzo.com\/sl\/wp-json\/wp\/v2\/types\/page"}],"author":[{"embeddable":true,"href":"https:\/\/ivanzo.com\/sl\/wp-json\/wp\/v2\/users\/1"}],"replies":[{"embeddable":true,"href":"https:\/\/ivanzo.com\/sl\/wp-json\/wp\/v2\/comments?post=133"}],"version-history":[{"count":2,"href":"https:\/\/ivanzo.com\/sl\/wp-json\/wp\/v2\/pages\/133\/revisions"}],"predecessor-version":[{"id":141,"href":"https:\/\/ivanzo.com\/sl\/wp-json\/wp\/v2\/pages\/133\/revisions\/141"}],"wp:attachment":[{"href":"https:\/\/ivanzo.com\/sl\/wp-json\/wp\/v2\/media?parent=133"}],"curies":[{"name":"wp","href":"https:\/\/api.w.org\/{rel}","templated":true}]}}