{"id":408,"date":"2026-01-12T10:49:11","date_gmt":"2026-01-12T10:49:11","guid":{"rendered":"https:\/\/ivanzo.com\/?post_type=product&#038;p=408"},"modified":"2026-01-12T10:51:47","modified_gmt":"2026-01-12T10:51:47","slug":"ray-ban-meta-wayfarer-gen-1-negru-mat-ai-ochelari-cu-lentile-negre","status":"publish","type":"product","link":"https:\/\/ivanzo.com\/ro\/product\/ray-ban-meta-wayfarer-gen-1-matte-black-ai-glasses-with-black-lenses\/","title":{"rendered":"Ochelari Ray-Ban Meta Wayfarer (Gen 1) Matte Black AI cu lentile negre"},"content":{"rendered":"<div class=\"xeuugli x2lwn1j xl49iz1 xx9i6jc xl0nj6t x78zum5 x1dn74xm x4a20bl xtatjob x79b4n4 x15p7v3w x1or4hh0 xhr6100 x13fuv20 x18b5jzi x1q0q8m5 x1t7ytsu x972fbf x10w94by x1qhh985 x14e42zd\">\n<div class=\"xeuugli x2lwn1j x78zum5 xig2svb x18vy5xy xlluq36 x17fa7br x1m967cu x15n2tc2 x79b4n4 x15p7v3w x1or4hh0 xhr6100 x13fuv20 x18b5jzi x1q0q8m5 x1t7ytsu x972fbf x10w94by x1qhh985 x14e42zd\">\n<div class=\"x193iq5w xh8yej3 x9f619 xdl72j9 x1c4vz4f x2lah0s x10rn61k xu9dp86 x1a9upw4 x1wx46er x9i2r8e x15dkgw3 x174qce6 x1reuy37 x1yhw3ld xwy3nlu xpu8j0z xfzd5jt\">\n<div class=\"ma-wd_739px xeuugli x2lwn1j x78zum5 xig2svb x18vy5xy xlluq36 x79b4n4 x15p7v3w x1or4hh0 xhr6100 x13fuv20 x18b5jzi x1q0q8m5 x1t7ytsu x972fbf x10w94by x1qhh985 x14e42zd\">\n<div class=\"xeuugli x2lwn1j x78zum5 xig2svb x18vy5xy xlluq36 xwy3nlu xvaqop8 x1ovcrgv x79b4n4 x15p7v3w x1or4hh0 xhr6100 x13fuv20 x18b5jzi x1q0q8m5 x1t7ytsu x972fbf x10w94by x1qhh985 x14e42zd\">\n<div class=\"ma-wd_739px xeuugli x2lwn1j x78zum5 xig2svb x18vy5xy xlluq36 x79b4n4 x15p7v3w x1or4hh0 xhr6100 x13fuv20 x18b5jzi x1q0q8m5 x1t7ytsu x972fbf x10w94by x1qhh985 x14e42zd\">\n<div><span class=\"xbks1sj x17gzxuv x3a6nna xm5vtmc x1t2x7uc x1o1n6r0 x1wsgf3v x1c773n9 x1k03ns3 xpbi8i2 x9820fh x1npfmwo xhj0du5 xrm2kyc xjprkx4 xlu1awn x12429cg x6tc29j xbq7h4v x6jdkww xq9mrsl\">Rame negre lucioase cu lentile transparente cu filtru de lumin\u0103 albastr\u0103-violet* care v\u0103 protejeaz\u0103 ochii de ecranele digitale, lumina fluorescent\u0103 din interior \u0219i chiar de razele solare.<\/span><\/div>\n<\/div>\n<\/div>\n<\/div>\n<\/div>\n<ul>\n<li><b class=\"\">Camer\u0103 ultra-wide de 12 MP<\/b> pentru fotografii \u0219i clipuri video HD<\/li>\n<li><b class=\"\">2 construite la comand\u0103<\/b> difuzoare cu urechi deschise \u0219i o gam\u0103 de 5 microfoane cu <a class=\"x1i10hfl x1qjc9v5 xjbqb8w xjqpnuy xc5r6h4 xqeqjp1 x1phubyo x13fuv20 x18b5jzi x1q0q8m5 x1t7ytsu x972fbf x10w94by x1qhh985 x14e42zd x9f619 x1ypdohk xdl72j9 xdt5ytf x2lah0s x3ct3a4 xdj266r x14z9mp xat24cr x1lziwak x2lwn1j xeuugli xexx8yu xyri2b x18d9i69 x1c1uobl x16tdsg8 xggy1nq x1ja2u2z x1t137rt xt0psk2 x1hl2dhg xt0b8zv xmy21w2 x1uhb9sk\" tabindex=\"0\" role=\"link\" href=\"https:\/\/www.meta.com\/ai-glasses\/bluetooth-glasses\/\" target=\"_self\" data-auto-logging-id=\"f10022277\" rel=\"noopener\">Conectivitate Bluetooth<\/a><\/li>\n<li><b class=\"\">32 GB spa\u021biu de stocare flash<\/b> (500+ fotografii, 100+ videoclipuri din anii '30)<\/li>\n<li><b class=\"\">P\u00e2n\u0103 la 36 de ore<\/b> durata de via\u021b\u0103 a bateriei cu carcasa complet \u00eenc\u0103rcat\u0103; p\u00e2n\u0103 la 4 ore la o singur\u0103 \u00eenc\u0103rcare. <a class=\"x1i10hfl x1qjc9v5 xjbqb8w xjqpnuy xc5r6h4 xqeqjp1 x1phubyo x13fuv20 x18b5jzi x1q0q8m5 x1t7ytsu x972fbf x10w94by x1qhh985 x14e42zd x9f619 x1ypdohk xdl72j9 xdt5ytf x2lah0s x3ct3a4 xdj266r x14z9mp xat24cr x1lziwak x2lwn1j xeuugli xexx8yu xyri2b x18d9i69 x1c1uobl x16tdsg8 xggy1nq x1ja2u2z x1t137rt xt0psk2 x1hl2dhg x1lku1pv xmy21w2 x1uhb9sk\" tabindex=\"0\" role=\"link\" href=\"https:\/\/www.meta.com\/legal\/ray-ban-meta\/disclosures\/#battery-case\" target=\"_self\" rel=\"noopener\">Detalii suplimentare aici.<\/a><\/li>\n<\/ul>\n<h3 class=\"x16g9bbj xobpncf xjliv6m x1yxlzaz xsp84uj x1uc5f31 xxgyeuj x166pohu xakorsv xcxolhg xwczod1 x13mtej6 xjlskvi x1hhp1i x1i6xp69 xr4g9wi x12429cg x6tc29j xbq7h4v x6jdkww xq9mrsl x1a2a7pz\">Meta AI<\/h3>\n<\/div>\n<\/div>\n<div class=\"mma-wd767px_ma-wd_100 mmi-wd768pxandma-wd1024px_ma-wd_352px mmi-wd1025px_ma-wd_352px xeuugli x2lwn1j x78zum5 xig2svb x18vy5xy xlluq36 xwy3nlu xpu8j0z xfzd5jt x79b4n4 x15p7v3w x1or4hh0 xhr6100 x13fuv20 x18b5jzi x1q0q8m5 x1t7ytsu x972fbf x10w94by x1qhh985 x14e42zd\">\n<div class=\"mg-b_12px xeuugli x2lwn1j x78zum5 xig2svb x18vy5xy xlluq36 x79b4n4 x15p7v3w x1or4hh0 xhr6100 x13fuv20 x18b5jzi x1q0q8m5 x1t7ytsu x972fbf x10w94by x1qhh985 x14e42zd\">Ob\u021bine\u021bi sugestii \u0219i memento-uri \u00een timp real cu Meta AI. Cere\u021bi ochelarilor dvs. AI re\u021bete \u00een timp ce v\u0103 deplasa\u021bi, reaminti\u021bi-v\u0103 unde a\u021bi parcat \u0219i chiar afla\u021bi despre punctele de reper pe l\u00e2ng\u0103 care trece\u021bi.<\/div>\n<div>\n<div class=\"xeuugli x2lwn1j x1uttgrm x1dces20 xb4t8oj x78zum5 x1dn74xm x4a20bl xtatjob xwy3nlu x102t0zd x1gw87hn x79b4n4 x15p7v3w x1or4hh0 xhr6100 x13fuv20 x18b5jzi x1q0q8m5 x1t7ytsu x972fbf x10w94by x1qhh985 x14e42zd\">\n<h3 class=\"x16g9bbj xobpncf xjliv6m x1yxlzaz xsp84uj x1uc5f31 xxgyeuj x166pohu xakorsv xcxolhg xwczod1 x13mtej6 xjlskvi x1hhp1i x1i6xp69 xr4g9wi x12429cg x6tc29j xbq7h4v x6jdkww xq9mrsl x1a2a7pz\">Captur\u0103<\/h3>\n<\/div>\n<div class=\"xeuugli x2lwn1j x78zum5 xig2svb x18vy5xy xlluq36 xwy3nlu xpu8j0z xfzd5jt x79b4n4 x15p7v3w x1or4hh0 xhr6100 x13fuv20 x18b5jzi x1q0q8m5 x1t7ytsu x972fbf x10w94by x1qhh985 x14e42zd\">\n<div class=\"x193iq5w xh8yej3 x9f619 xdl72j9 x1c4vz4f x2lah0s x10rn61k xu9dp86 x1a9upw4 x1wx46er x9i2r8e x15dkgw3 x174qce6 x1reuy37 x1yhw3ld\">\n<div class=\"ht_100 xeuugli x2lwn1j xrs1zhw xunqylw x1lf6g7z x78zum5 xig2svb x18vy5xy xlluq36 x1cza4f xrt85ju x79b4n4 x15p7v3w x1or4hh0 xhr6100 x13fuv20 x18b5jzi x1q0q8m5 x1t7ytsu x972fbf x10w94by x1qhh985 x14e42zd\">\n<div class=\"xeuugli x2lwn1j x78zum5 xig2svb x18vy5xy xlluq36 xwy3nlu xpu8j0z xfzd5jt x79b4n4 x15p7v3w x1or4hh0 xhr6100 x13fuv20 x18b5jzi x1q0q8m5 x1t7ytsu x972fbf x10w94by x1qhh985 x14e42zd\"><span class=\"xbks1sj x17gzxuv x3a6nna xm5vtmc x1t2x7uc x1o1n6r0 x1wsgf3v x1c773n9 x1k03ns3 xpbi8i2 x9820fh x1npfmwo xhj0du5 xrm2kyc xjprkx4 xlu1awn x12429cg x6tc29j xbq7h4v x6jdkww xq9mrsl\">Captura\u021bi ceea ce vede\u021bi \u0219i auzi\u021bi cu m\u00e2inile libere. Ap\u0103sa\u021bi butonul de captur\u0103 sau spune\u021bi \u201cHei Meta, f\u0103 o poz\u0103\u201d pentru a realiza fotografii \u0219i clipuri video de \u00eenalt\u0103 calitate cu o camer\u0103 ultra-wide modernizat\u0103 de 12 MP \u0219i un sistem cu cinci microfoane.<\/span><\/div>\n<\/div>\n<\/div>\n<\/div>\n<div>\n<div class=\"xeuugli x2lwn1j x1uttgrm x1dces20 xb4t8oj x78zum5 x1dn74xm x4a20bl xtatjob xwy3nlu x102t0zd x1gw87hn x79b4n4 x15p7v3w x1or4hh0 xhr6100 x13fuv20 x18b5jzi x1q0q8m5 x1t7ytsu x972fbf x10w94by x1qhh985 x14e42zd\">\n<h3 class=\"x16g9bbj xobpncf xjliv6m x1yxlzaz xsp84uj x1uc5f31 xxgyeuj x166pohu xakorsv xcxolhg xwczod1 x13mtej6 xjlskvi x1hhp1i x1i6xp69 xr4g9wi x12429cg x6tc29j xbq7h4v x6jdkww xq9mrsl x1a2a7pz\">Asculta\u021bi<\/h3>\n<\/div>\n<div class=\"xeuugli x2lwn1j x78zum5 xig2svb x18vy5xy xlluq36 xwy3nlu xpu8j0z xfzd5jt x79b4n4 x15p7v3w x1or4hh0 xhr6100 x13fuv20 x18b5jzi x1q0q8m5 x1t7ytsu x972fbf x10w94by x1qhh985 x14e42zd\">\n<div class=\"xeuugli x2lwn1j x78zum5 xig2svb x18vy5xy xlluq36 xwy3nlu xpu8j0z xfzd5jt x79b4n4 x15p7v3w x1or4hh0 xhr6100 x13fuv20 x18b5jzi x1q0q8m5 x1t7ytsu x972fbf x10w94by x1qhh985 x14e42zd\"><span class=\"xbks1sj x17gzxuv x3a6nna xm5vtmc x1t2x7uc x1o1n6r0 x1wsgf3v x1c773n9 x1k03ns3 xpbi8i2 x9820fh x1npfmwo xhj0du5 xrm2kyc xjprkx4 xlu1awn x12429cg x6tc29j xbq7h4v x6jdkww xq9mrsl\">Difuzoarele conectate prin Bluetooth \u00eencorporate \u00een bra\u021bele ochelarilor ofer\u0103 un sunet pe care numai tu \u00eel po\u021bi auzi, \u00een timp ce 5 microfoane \u00eencorporate capteaz\u0103 sunet clar pentru apelurile telefonice.<\/span><\/div>\n<\/div>\n<div>\n<div class=\"xeuugli x2lwn1j x1uttgrm x1dces20 xb4t8oj x78zum5 x1dn74xm x4a20bl xtatjob xwy3nlu x102t0zd x1gw87hn x79b4n4 x15p7v3w x1or4hh0 xhr6100 x13fuv20 x18b5jzi x1q0q8m5 x1t7ytsu x972fbf x10w94by x1qhh985 x14e42zd\">\n<h3 class=\"x16g9bbj xobpncf xjliv6m x1yxlzaz xsp84uj x1uc5f31 xxgyeuj x166pohu xakorsv xcxolhg xwczod1 x13mtej6 xjlskvi x1hhp1i x1i6xp69 xr4g9wi x12429cg x6tc29j xbq7h4v x6jdkww xq9mrsl x1a2a7pz\">Comunicare m\u00e2ini libere<\/h3>\n<\/div>\n<div class=\"xeuugli x2lwn1j x78zum5 xig2svb x18vy5xy xlluq36 xwy3nlu xpu8j0z xfzd5jt x79b4n4 x15p7v3w x1or4hh0 xhr6100 x13fuv20 x18b5jzi x1q0q8m5 x1t7ytsu x972fbf x10w94by x1qhh985 x14e42zd\">\n<div class=\"xeuugli x2lwn1j x78zum5 xig2svb x18vy5xy xlluq36 xwy3nlu xpu8j0z xfzd5jt x79b4n4 x15p7v3w x1or4hh0 xhr6100 x13fuv20 x18b5jzi x1q0q8m5 x1t7ytsu x972fbf x10w94by x1qhh985 x14e42zd\"><span class=\"xbks1sj x17gzxuv x3a6nna xm5vtmc x1t2x7uc x1o1n6r0 x1wsgf3v x1c773n9 x1k03ns3 xpbi8i2 x9820fh x1npfmwo xhj0du5 xrm2kyc xjprkx4 xlu1awn x12429cg x6tc29j xbq7h4v x6jdkww xq9mrsl\">Trimite\u021bi mesaje text sau vocale, efectua\u021bi apeluri telefonice \u0219i primi\u021bi apeluri video cu m\u00e2inile libere, totul din ochelarii dvs. AI.<\/span><\/div>\n<\/div>\n<div>\n<div class=\"xeuugli x2lwn1j x1uttgrm x1dces20 xb4t8oj x78zum5 x1dn74xm x4a20bl xtatjob xwy3nlu x102t0zd x1gw87hn x79b4n4 x15p7v3w x1or4hh0 xhr6100 x13fuv20 x18b5jzi x1q0q8m5 x1t7ytsu x972fbf x10w94by x1qhh985 x14e42zd\">\n<h3 class=\"x16g9bbj xobpncf xjliv6m x1yxlzaz xsp84uj x1uc5f31 xxgyeuj x166pohu xakorsv xcxolhg xwczod1 x13mtej6 xjlskvi x1hhp1i x1i6xp69 xr4g9wi x12429cg x6tc29j xbq7h4v x6jdkww xq9mrsl x1a2a7pz\">Tradu<\/h3>\n<\/div>\n<div class=\"xeuugli x2lwn1j x78zum5 xig2svb x18vy5xy xlluq36 xwy3nlu xpu8j0z xfzd5jt x79b4n4 x15p7v3w x1or4hh0 xhr6100 x13fuv20 x18b5jzi x1q0q8m5 x1t7ytsu x972fbf x10w94by x1qhh985 x14e42zd\">Traduce\u021bi conversa\u021bii \u00een alte limbi \u00een timp real. Traducerea live este disponibil\u0103 \u00een francez\u0103, italian\u0103, spaniol\u0103 \u0219i englez\u0103.<\/div>\n<div>\n<div class=\"xeuugli x2lwn1j xl49iz1 xx9i6jc xl0nj6t x78zum5 x1dn74xm x4a20bl xtatjob xwy3nlu x102t0zd x1gw87hn x79b4n4 x15p7v3w x1or4hh0 xhr6100 x13fuv20 x18b5jzi x1q0q8m5 x1t7ytsu x972fbf x10w94by x1qhh985 x14e42zd\">\n<h3 class=\"x16g9bbj xobpncf xjliv6m x1yxlzaz xsp84uj x1uc5f31 xxgyeuj x166pohu xakorsv xcxolhg xwczod1 x13mtej6 xjlskvi x1hhp1i x1i6xp69 xr4g9wi x12429cg x6tc29j xbq7h4v x6jdkww xq9mrsl x1a2a7pz\">Aplica\u021bia Meta AI<\/h3>\n<\/div>\n<div class=\"xeuugli x2lwn1j x78zum5 xig2svb x18vy5xy xlluq36 xwy3nlu xpu8j0z xfzd5jt x79b4n4 x15p7v3w x1or4hh0 xhr6100 x13fuv20 x18b5jzi x1q0q8m5 x1t7ytsu x972fbf x10w94by x1qhh985 x14e42zd\">\n<div class=\"x193iq5w xh8yej3 x9f619 xdl72j9 x1c4vz4f x2lah0s x10rn61k xu9dp86 x1a9upw4 x1wx46er x9i2r8e x15dkgw3 x174qce6 x1reuy37 x1yhw3ld\">\n<div class=\"ht_100 xeuugli x2lwn1j xrs1zhw xunqylw x1lf6g7z x78zum5 xig2svb x18vy5xy xlluq36 x1cza4f xrt85ju x79b4n4 x15p7v3w x1or4hh0 xhr6100 x13fuv20 x18b5jzi x1q0q8m5 x1t7ytsu x972fbf x10w94by x1qhh985 x14e42zd\">\n<div class=\"xeuugli x2lwn1j x78zum5 xig2svb x18vy5xy xlluq36 xwy3nlu xpu8j0z xfzd5jt x79b4n4 x15p7v3w x1or4hh0 xhr6100 x13fuv20 x18b5jzi x1q0q8m5 x1t7ytsu x972fbf x10w94by x1qhh985 x14e42zd\"><span class=\"xbks1sj x17gzxuv x3a6nna xm5vtmc x1t2x7uc x1o1n6r0 x1wsgf3v x1c773n9 x1k03ns3 xpbi8i2 x9820fh x1npfmwo xhj0du5 xrm2kyc xjprkx4 xlu1awn x12429cg x6tc29j xbq7h4v x6jdkww xq9mrsl\">Gestiona\u021bi ochelarii Ray-Ban Meta \u0219i personaliza\u021bi set\u0103rile, importa\u021bi \u0219i partaja\u021bi fotografii \u0219i interac\u021biona\u021bi cu asistentul Meta AI at\u00e2t pe ochelari, c\u00e2t \u0219i pe aplica\u021bie. Afla\u021bi despre noile caracteristici \u0219i vede\u021bi cum al\u021bii profit\u0103 la maximum de <span class=\"x1rg5ohu xdnwjd9\">Meta AI<\/span>.<\/span><\/div>\n<div>\n<div class=\"xeuugli x2lwn1j x1uttgrm x1dces20 xb4t8oj x78zum5 x1dn74xm x4a20bl xtatjob xwy3nlu x102t0zd x1gw87hn x79b4n4 x15p7v3w x1or4hh0 xhr6100 x13fuv20 x18b5jzi x1q0q8m5 x1t7ytsu x972fbf x10w94by x1qhh985 x14e42zd\">\n<h3 class=\"x16g9bbj xobpncf xjliv6m x1yxlzaz xsp84uj x1uc5f31 xxgyeuj x166pohu xakorsv xcxolhg xwczod1 x13mtej6 xjlskvi x1hhp1i x1i6xp69 xr4g9wi x12429cg x6tc29j xbq7h4v x6jdkww xq9mrsl x1a2a7pz\">Carcas\u0103 de \u00eenc\u0103rcare<\/h3>\n<\/div>\n<div class=\"xeuugli x2lwn1j x78zum5 xig2svb x18vy5xy xlluq36 xwy3nlu xpu8j0z xfzd5jt x79b4n4 x15p7v3w x1or4hh0 xhr6100 x13fuv20 x18b5jzi x1q0q8m5 x1t7ytsu x972fbf x10w94by x1qhh985 x14e42zd\"><span class=\"xbks1sj x17gzxuv x3a6nna xm5vtmc x1t2x7uc x1o1n6r0 x1wsgf3v x1c773n9 x1k03ns3 xpbi8i2 x9820fh x1npfmwo xhj0du5 xrm2kyc xjprkx4 xlu1awn x12429cg x6tc29j xbq7h4v x6jdkww xq9mrsl\">Fiecare pereche de ochelari Ray-Ban Meta vine cu o carcas\u0103 de \u00eenc\u0103rcare care poate oferi p\u00e2n\u0103 la 32 de ore de \u00eenc\u0103rcare \u00een mi\u0219care. Cutia poate fi \u00eenc\u0103rcat\u0103 complet \u00een 3,5 ore folosind un cablu USB-C.<\/span><\/div>\n<\/div>\n<\/div>\n<\/div>\n<\/div>\n<\/div>\n<\/div>\n<\/div>\n<\/div>\n<\/div>\n<\/div>","protected":false},"excerpt":{"rendered":"<div class=\"xeuugli x2lwn1j x78zum5 xig2svb x18vy5xy xlluq36 xwy3nlu xpu8j0z xfzd5jt x79b4n4 x15p7v3w x1or4hh0 xhr6100 x13fuv20 x18b5jzi x1q0q8m5 x1t7ytsu x972fbf x10w94by x1qhh985 x14e42zd\"><span class=\"xbks1sj x17gzxuv x3a6nna xm5vtmc x1t2x7uc x1o1n6r0 x1wsgf3v x1c773n9 x1k03ns3 xpbi8i2 x9820fh x1npfmwo xhj0du5 xrm2kyc xjprkx4 xlu1awn x12429cg x6tc29j xbq7h4v x6jdkww xq9mrsl\">Combin\u00e2nd stilul iconic de la Hollywood cu Meta AI, ace\u0219ti ochelari AI v\u0103 permit s\u0103 reac\u021biona\u021bi la ceea ce vede\u021bi, s\u0103 face\u021bi fotografii \u0219i videoclipuri, s\u0103 asculta\u021bi din mers \u0219i s\u0103 efectua\u021bi apeluri \u0219i s\u0103 trimite\u021bi mesaje f\u0103r\u0103 s\u0103 atinge\u021bi telefonul.<\/span><\/div>","protected":false},"featured_media":411,"comment_status":"open","ping_status":"closed","template":"","meta":[],"product_brand":[26],"product_cat":[15,93,20],"product_tag":[108],"class_list":{"0":"post-408","1":"product","2":"type-product","3":"status-publish","4":"has-post-thumbnail","6":"product_brand-ray-ban-meta","7":"product_cat-ai-glasses","8":"product_cat-ray-ban-meta","9":"product_cat-wayfarer-gen-1","10":"product_tag-gen-1","12":"first","13":"instock","14":"sold-individually","15":"shipping-taxable","16":"purchasable","17":"product-type-variable","18":"has-default-attributes"},"_links":{"self":[{"href":"https:\/\/ivanzo.com\/ro\/wp-json\/wp\/v2\/product\/408","targetHints":{"allow":["GET"]}}],"collection":[{"href":"https:\/\/ivanzo.com\/ro\/wp-json\/wp\/v2\/product"}],"about":[{"href":"https:\/\/ivanzo.com\/ro\/wp-json\/wp\/v2\/types\/product"}],"replies":[{"embeddable":true,"href":"https:\/\/ivanzo.com\/ro\/wp-json\/wp\/v2\/comments?post=408"}],"wp:featuredmedia":[{"embeddable":true,"href":"https:\/\/ivanzo.com\/ro\/wp-json\/wp\/v2\/media\/411"}],"wp:attachment":[{"href":"https:\/\/ivanzo.com\/ro\/wp-json\/wp\/v2\/media?parent=408"}],"wp:term":[{"taxonomy":"product_brand","embeddable":true,"href":"https:\/\/ivanzo.com\/ro\/wp-json\/wp\/v2\/product_brand?post=408"},{"taxonomy":"product_cat","embeddable":true,"href":"https:\/\/ivanzo.com\/ro\/wp-json\/wp\/v2\/product_cat?post=408"},{"taxonomy":"product_tag","embeddable":true,"href":"https:\/\/ivanzo.com\/ro\/wp-json\/wp\/v2\/product_tag?post=408"}],"curies":[{"name":"wp","href":"https:\/\/api.w.org\/{rel}","templated":true}]}}