{"id":336,"date":"2026-01-10T08:04:04","date_gmt":"2026-01-10T08:04:04","guid":{"rendered":"https:\/\/ivanzo.com\/?page_id=336"},"modified":"2026-01-10T08:04:05","modified_gmt":"2026-01-10T08:04:05","slug":"intrebari-frecvente-wayfarer-gen-2","status":"publish","type":"page","link":"https:\/\/ivanzo.com\/ro\/frequently-asked-questions-wayfarer-gen-2\/","title":{"rendered":"\u00centreb\u0103ri puse frecvent Wayfarer (Gen 2)"},"content":{"rendered":"<div data-wp-context=\"{ &quot;autoclose&quot;: false, &quot;accordionItems&quot;: [] }\" data-wp-interactive=\"core\/accordion\" role=\"group\" class=\"wp-block-accordion is-layout-flow wp-block-accordion-is-layout-flow\">\n<div data-wp-class--is-open=\"state.isOpen\" data-wp-context=\"{ &quot;id&quot;: &quot;accordion-item-1&quot;, &quot;openByDefault&quot;: false }\" data-wp-init=\"callbacks.initAccordionItems\" data-wp-on-window--hashchange=\"callbacks.hashChange\" class=\"wp-block-accordion-item is-layout-flow wp-block-accordion-item-is-layout-flow\">\n<h3 class=\"wp-block-accordion-heading\"><button aria-expanded=\"false\" aria-controls=\"accordion-item-1-panel\" data-wp-bind--aria-expanded=\"state.isOpen\" data-wp-on--click=\"actions.toggle\" data-wp-on--keydown=\"actions.handleKeyDown\" id=\"accordion-item-1\" class=\"wp-block-accordion-heading__toggle\"><span class=\"wp-block-accordion-heading__toggle-title\">De unde pot cump\u0103ra ochelarii Ray-Ban Meta (Gen 2)?<\/span><span class=\"wp-block-accordion-heading__toggle-icon\" aria-hidden=\"true\">+<\/span><\/button><\/h3>\n\n\n\n<div inert aria-labelledby=\"accordion-item-1\" data-wp-bind--inert=\"!state.isOpen\" id=\"accordion-item-1-panel\" role=\"region\" class=\"wp-block-accordion-panel is-layout-flow wp-block-accordion-panel-is-layout-flow\">\n<p>Pute\u021bi cump\u0103ra ochelari Ray-Ban Meta \u00een Statele Unite, Canada, Regatul Unit, Australia, Fran\u021ba, Italia, Spania \u0219i Germania prin intermediul site-ului Meta \u0219i al altor comercian\u021bi cu am\u0103nuntul certifica\u021bi Meta.&nbsp;<\/p>\n\n\n\n<p>De asemenea, sunt disponibile pe Ray-Ban.com, \u00een magazinele oficiale Ray-Ban \u0219i la distribuitorii certifica\u021bi Ray-Ban (online \u0219i \u00een magazin). \u00cen prezent, sunt disponibile pentru achizi\u021bionare \u00een Statele Unite, Canada, Regatul Unit, Irlanda, Austria, Belgia, Fran\u021ba, Italia, Spania, Germania, Finlanda, Norvegia, Danemarca, Suedia \u0219i Australia.<\/p>\n<\/div>\n<\/div>\n<\/div>\n\n\n\n<div data-wp-context=\"{ &quot;autoclose&quot;: false, &quot;accordionItems&quot;: [] }\" data-wp-interactive=\"core\/accordion\" role=\"group\" class=\"wp-block-accordion is-layout-flow wp-block-accordion-is-layout-flow\">\n<div data-wp-class--is-open=\"state.isOpen\" data-wp-context=\"{ &quot;id&quot;: &quot;accordion-item-2&quot;, &quot;openByDefault&quot;: false }\" data-wp-init=\"callbacks.initAccordionItems\" data-wp-on-window--hashchange=\"callbacks.hashChange\" class=\"wp-block-accordion-item is-layout-flow wp-block-accordion-item-is-layout-flow\">\n<h3 class=\"wp-block-accordion-heading\"><button aria-expanded=\"false\" aria-controls=\"accordion-item-2-panel\" data-wp-bind--aria-expanded=\"state.isOpen\" data-wp-on--click=\"actions.toggle\" data-wp-on--keydown=\"actions.handleKeyDown\" id=\"accordion-item-2\" class=\"wp-block-accordion-heading__toggle\"><span class=\"wp-block-accordion-heading__toggle-title\">Cu ce difer\u0103 ochelarii Ray-Ban Meta (Gen 2) de ochelarii Ray-Ban Meta (Gen 1)?<\/span><span class=\"wp-block-accordion-heading__toggle-icon\" aria-hidden=\"true\">+<\/span><\/button><\/h3>\n\n\n\n<div inert aria-labelledby=\"accordion-item-2\" data-wp-bind--inert=\"!state.isOpen\" id=\"accordion-item-2-panel\" role=\"region\" class=\"wp-block-accordion-panel is-layout-flow wp-block-accordion-panel-is-layout-flow\">\n<p>Ray-Ban Meta (Gen 2) are o camer\u0103 \u00eembun\u0103t\u0103\u021bit\u0103 cu rezolu\u021bie video 3K Ultra HD \u0219i o autonomie a bateriei de p\u00e2n\u0103 la 8 ore la o singur\u0103 \u00eenc\u0103rcare, de dou\u0103 ori mai mare dec\u00e2t cea a Ray-Ban Meta (Gen 1).<\/p>\n<\/div>\n<\/div>\n<\/div>","protected":false},"excerpt":{"rendered":"","protected":false},"author":1,"featured_media":0,"parent":0,"menu_order":0,"comment_status":"closed","ping_status":"closed","template":"","meta":{"footnotes":""},"class_list":["post-336","page","type-page","status-publish","hentry"],"_hostinger_reach_plugin_has_subscription_block":false,"_hostinger_reach_plugin_is_elementor":false,"_links":{"self":[{"href":"https:\/\/ivanzo.com\/ro\/wp-json\/wp\/v2\/pages\/336","targetHints":{"allow":["GET"]}}],"collection":[{"href":"https:\/\/ivanzo.com\/ro\/wp-json\/wp\/v2\/pages"}],"about":[{"href":"https:\/\/ivanzo.com\/ro\/wp-json\/wp\/v2\/types\/page"}],"author":[{"embeddable":true,"href":"https:\/\/ivanzo.com\/ro\/wp-json\/wp\/v2\/users\/1"}],"replies":[{"embeddable":true,"href":"https:\/\/ivanzo.com\/ro\/wp-json\/wp\/v2\/comments?post=336"}],"version-history":[{"count":2,"href":"https:\/\/ivanzo.com\/ro\/wp-json\/wp\/v2\/pages\/336\/revisions"}],"predecessor-version":[{"id":339,"href":"https:\/\/ivanzo.com\/ro\/wp-json\/wp\/v2\/pages\/336\/revisions\/339"}],"wp:attachment":[{"href":"https:\/\/ivanzo.com\/ro\/wp-json\/wp\/v2\/media?parent=336"}],"curies":[{"name":"wp","href":"https:\/\/api.w.org\/{rel}","templated":true}]}}