{"id":249,"date":"2026-01-03T05:33:43","date_gmt":"2026-01-03T05:33:43","guid":{"rendered":"https:\/\/ivanzo.com\/?page_id=249"},"modified":"2026-02-22T08:10:47","modified_gmt":"2026-02-22T08:10:47","slug":"ivanzo","status":"publish","type":"page","link":"https:\/\/ivanzo.com\/ro\/","title":{"rendered":"Ochelari AI pentru o conexiune f\u0103r\u0103 efort"},"content":{"rendered":"<p>Descoperi\u021bi inova\u021biile \u00een domeniul ochelarilor, schimb\u00e2nd modul \u00een care vede\u021bi \u0219i v\u0103 conecta\u021bi cu lumea din jurul dumneavoastr\u0103.<\/p>\n\n\n\n<div class=\"wp-block-group is-content-justification-space-between is-layout-flex wp-container-core-group-is-layout-9366075c wp-block-group-is-layout-flex\">\n<h2 class=\"wp-block-heading\">ochelari AI<\/h2>\n\n\n\n<div class=\"wp-block-buttons is-layout-flex wp-block-buttons-is-layout-flex\">\n<div class=\"wp-block-button\"><a class=\"wp-block-button__link wp-element-button\" href=\"\/ro\/categorie-produs\/ochelari-ai\/\">Cump\u0103r\u0103 tot<\/a><\/div>\n<\/div>\n<\/div>","protected":false},"excerpt":{"rendered":"<p>Descoper\u0103 inova\u021bii \u00een ochelari, schimb\u00e2nd modul \u00een care vezi \u0219i te conectezi cu lumea din jur. Ochelari inteligen\u021bi (AI)<\/p>","protected":false},"author":1,"featured_media":0,"parent":0,"menu_order":0,"comment_status":"closed","ping_status":"closed","template":"","meta":{"footnotes":""},"class_list":["post-249","page","type-page","status-publish","hentry"],"_hostinger_reach_plugin_has_subscription_block":false,"_hostinger_reach_plugin_is_elementor":false,"_links":{"self":[{"href":"https:\/\/ivanzo.com\/ro\/wp-json\/wp\/v2\/pages\/249","targetHints":{"allow":["GET"]}}],"collection":[{"href":"https:\/\/ivanzo.com\/ro\/wp-json\/wp\/v2\/pages"}],"about":[{"href":"https:\/\/ivanzo.com\/ro\/wp-json\/wp\/v2\/types\/page"}],"author":[{"embeddable":true,"href":"https:\/\/ivanzo.com\/ro\/wp-json\/wp\/v2\/users\/1"}],"replies":[{"embeddable":true,"href":"https:\/\/ivanzo.com\/ro\/wp-json\/wp\/v2\/comments?post=249"}],"version-history":[{"count":7,"href":"https:\/\/ivanzo.com\/ro\/wp-json\/wp\/v2\/pages\/249\/revisions"}],"predecessor-version":[{"id":575,"href":"https:\/\/ivanzo.com\/ro\/wp-json\/wp\/v2\/pages\/249\/revisions\/575"}],"wp:attachment":[{"href":"https:\/\/ivanzo.com\/ro\/wp-json\/wp\/v2\/media?parent=249"}],"curies":[{"name":"wp","href":"https:\/\/api.w.org\/{rel}","templated":true}]}}