{"id":137,"date":"2026-01-01T07:46:33","date_gmt":"2026-01-01T07:46:33","guid":{"rendered":"https:\/\/ivanzo.com\/?page_id=137"},"modified":"2026-01-01T07:47:14","modified_gmt":"2026-01-01T07:47:14","slug":"plata-expedierii","status":"publish","type":"page","link":"https:\/\/ivanzo.com\/ro\/shipping-payment\/","title":{"rendered":"Livrare \u0219i plat\u0103"},"content":{"rendered":"<h3 class=\"wp-block-heading\"><strong>Informa\u021bii privind expedierea<\/strong><\/h3>\n\n\n\n<p>Livr\u0103m produsele noastre \u00een \u00eentreaga Europ\u0103.<\/p>\n\n\n\n<p>The&nbsp;<strong>data exact\u0103 a livr\u0103rii \u0219i metoda de expediere<\/strong>&nbsp;va fi afi\u0219at direct pe&nbsp;<strong>pagina produsului<\/strong>, precum \u0219i \u00een&nbsp;<strong>co\u0219 de cump\u0103r\u0103turi \u0219i checkout<\/strong>&nbsp;\u00eenainte de finalizarea comenzii.<\/p>\n\n\n\n<h4 class=\"wp-block-heading\"><strong>Op\u021biuni \u0219i pre\u021buri de expediere<\/strong><\/h4>\n\n\n\n<ul class=\"wp-block-list\">\n<li><strong>Punct de preluare<\/strong>: Gratuit<\/li>\n\n\n\n<li><strong>Livrare la domiciliu (livrare la adres\u0103)<\/strong>: \u20ac4<\/li>\n<\/ul>\n\n\n\n<p>Costurile de expediere sunt afi\u0219ate \u00een mod clar \u00eenainte de plat\u0103, f\u0103r\u0103 taxe ascunse.<\/p>\n\n\n\n<hr class=\"wp-block-separator has-alpha-channel-opacity\"\/>\n\n\n\n<h3 class=\"wp-block-heading\"><strong>Metode de plat\u0103<\/strong><\/h3>\n\n\n\n<p>Oferim mai multe op\u021biuni de plat\u0103 sigure \u0219i convenabile:<\/p>\n\n\n\n<ul class=\"wp-block-list\">\n<li><strong>Card de credit\/debit<\/strong><\/li>\n\n\n\n<li><strong>Klarna<\/strong><\/li>\n\n\n\n<li><strong>Transfer bancar<\/strong><\/li>\n<\/ul>\n\n\n\n<p>Toate pl\u0103\u021bile sunt procesate \u00een siguran\u021b\u0103. Comanda dvs. va fi preg\u0103tit\u0103 pentru expediere odat\u0103 ce plata este confirmat\u0103 cu succes.<\/p>\n\n\n\n<hr class=\"wp-block-separator has-alpha-channel-opacity\"\/>\n\n\n\n<p>Dac\u0103 ave\u021bi \u00eentreb\u0103ri privind expedierea sau plata, nu ezita\u021bi s\u0103 ne contacta\u021bi prin intermediul paginii noastre de contact sau prin e-mail.<\/p>","protected":false},"excerpt":{"rendered":"<p>Shipping Information We deliver our products across Europe. The&nbsp;exact delivery date and shipping method&nbsp;will be displayed directly on the&nbsp;product page, as well as in the&nbsp;shopping cart and checkout&nbsp;before completing your order. Shipping Options &amp; Prices Shipping costs are clearly shown before payment, with no hidden fees. Payment Methods We offer several secure and convenient payment [&hellip;]<\/p>\n","protected":false},"author":1,"featured_media":0,"parent":0,"menu_order":0,"comment_status":"closed","ping_status":"closed","template":"","meta":{"footnotes":""},"class_list":["post-137","page","type-page","status-publish","hentry"],"_hostinger_reach_plugin_has_subscription_block":false,"_hostinger_reach_plugin_is_elementor":false,"_links":{"self":[{"href":"https:\/\/ivanzo.com\/ro\/wp-json\/wp\/v2\/pages\/137","targetHints":{"allow":["GET"]}}],"collection":[{"href":"https:\/\/ivanzo.com\/ro\/wp-json\/wp\/v2\/pages"}],"about":[{"href":"https:\/\/ivanzo.com\/ro\/wp-json\/wp\/v2\/types\/page"}],"author":[{"embeddable":true,"href":"https:\/\/ivanzo.com\/ro\/wp-json\/wp\/v2\/users\/1"}],"replies":[{"embeddable":true,"href":"https:\/\/ivanzo.com\/ro\/wp-json\/wp\/v2\/comments?post=137"}],"version-history":[{"count":3,"href":"https:\/\/ivanzo.com\/ro\/wp-json\/wp\/v2\/pages\/137\/revisions"}],"predecessor-version":[{"id":140,"href":"https:\/\/ivanzo.com\/ro\/wp-json\/wp\/v2\/pages\/137\/revisions\/140"}],"wp:attachment":[{"href":"https:\/\/ivanzo.com\/ro\/wp-json\/wp\/v2\/media?parent=137"}],"curies":[{"name":"wp","href":"https:\/\/api.w.org\/{rel}","templated":true}]}}