{"id":135,"date":"2025-12-31T16:00:44","date_gmt":"2025-12-31T16:00:44","guid":{"rendered":"https:\/\/ivanzo.com\/?page_id=135"},"modified":"2026-01-01T10:15:27","modified_gmt":"2026-01-01T10:15:27","slug":"contact","status":"publish","type":"page","link":"https:\/\/ivanzo.com\/ro\/contact\/","title":{"rendered":"Persoan\u0103 de contact"},"content":{"rendered":"<p>Ave\u021bi o \u00eentrebare despre produsele noastre, comanda dvs. sau ave\u021bi nevoie de asisten\u021b\u0103?<\/p>\n\n\n\n<p>Nu ezita\u021bi s\u0103 ne contacta\u021bi - vom fi bucuro\u0219i s\u0103 v\u0103 ajut\u0103m.<\/p>\n\n\n\n<h3 class=\"wp-block-heading\"><strong>Asisten\u021b\u0103 pentru clien\u021bi<\/strong><\/h3>\n\n\n\n<p><strong>Email:<\/strong>\u00a0<a href=\"mailto:info@ivanzo.com\">info@ivanzo.com<\/a><\/p>\n\n\n\n<p><strong>Telefon:<\/strong>\u00a0<a href=\"tel:421944780345\">+421 944 780 345<\/a><\/p>\n\n\n\n<p><strong>Disponibilitate:<\/strong><\/p>\n\n\n\n<p>Luni - Vineri, 9:00 - 17:00 (CET)<\/p>\n\n\n\n<p>De obicei, r\u0103spundem \u00een termen de o zi lucr\u0103toare.<\/p>\n\n\n\n<p>Dac\u0103 ceva nu func\u021bioneaz\u0103 conform a\u0219tept\u0103rilor, pur \u0219i simplu contacta\u021bi-ne \u0219i ne vom ocupa de asta.<\/p>\n\n\n\n<hr class=\"wp-block-separator has-alpha-channel-opacity\"\/>\n\n\n\n<h3 class=\"wp-block-heading\"><strong>Detalii despre companie<\/strong><\/h3>\n\n\n\n<p><strong>Numele companiei:<\/strong>&nbsp;Trending Up s. r. o.<\/p>\n\n\n\n<p><strong>Adresa de \u00eenregistrare:<\/strong><\/p>\n\n\n\n<p>\u0160ari\u0161sk\u00fd \u0160tiavnik 13<\/p>\n\n\n\n<p>090 42 \u0160ari\u0161sk\u00fd \u0160tiavnik<\/p>\n\n\n\n<p>Republica Slovac\u0103<\/p>\n\n\n\n<p><strong>ID-ul companiei (I\u010cO):<\/strong>&nbsp;56383771<\/p>\n\n\n\n<p><strong>Cod de identificare fiscal\u0103 (DI\u010c):<\/strong>&nbsp;2122289125<\/p>\n\n\n\n<p><strong>TVA ID:<\/strong>&nbsp;SK2122289125<\/p>\n\n\n\n<hr class=\"wp-block-separator has-alpha-channel-opacity\"\/>\n\n\n\n<h3 class=\"wp-block-heading\"><strong>Informa\u021bii juridice<\/strong><\/h3>\n\n\n\n<p>Societatea este \u00eenregistrat\u0103 \u00een Registrul Comer\u021bului al Tribunalului Pre\u0161ov,<\/p>\n\n\n\n<p>Sec\u021biunea: Sro, Dosar nr.: 48226\/P<\/p>","protected":false},"excerpt":{"rendered":"<p>Have a question about our products, your order, or need support? Feel free to contact us \u2014 we\u2019ll be happy to help. Customer Support Email:\u00a0info@ivanzo.com Phone:\u00a0+421 944 780 345 Availability: Monday \u2013 Friday, 9:00 \u2013 17:00 (CET) We usually respond within one business day. If anything doesn\u2019t work as expected, simply contact us and we [&hellip;]<\/p>\n","protected":false},"author":1,"featured_media":0,"parent":0,"menu_order":0,"comment_status":"closed","ping_status":"closed","template":"","meta":{"footnotes":""},"class_list":["post-135","page","type-page","status-publish","hentry"],"_hostinger_reach_plugin_has_subscription_block":false,"_hostinger_reach_plugin_is_elementor":false,"_links":{"self":[{"href":"https:\/\/ivanzo.com\/ro\/wp-json\/wp\/v2\/pages\/135","targetHints":{"allow":["GET"]}}],"collection":[{"href":"https:\/\/ivanzo.com\/ro\/wp-json\/wp\/v2\/pages"}],"about":[{"href":"https:\/\/ivanzo.com\/ro\/wp-json\/wp\/v2\/types\/page"}],"author":[{"embeddable":true,"href":"https:\/\/ivanzo.com\/ro\/wp-json\/wp\/v2\/users\/1"}],"replies":[{"embeddable":true,"href":"https:\/\/ivanzo.com\/ro\/wp-json\/wp\/v2\/comments?post=135"}],"version-history":[{"count":2,"href":"https:\/\/ivanzo.com\/ro\/wp-json\/wp\/v2\/pages\/135\/revisions"}],"predecessor-version":[{"id":218,"href":"https:\/\/ivanzo.com\/ro\/wp-json\/wp\/v2\/pages\/135\/revisions\/218"}],"wp:attachment":[{"href":"https:\/\/ivanzo.com\/ro\/wp-json\/wp\/v2\/media?parent=135"}],"curies":[{"name":"wp","href":"https:\/\/api.w.org\/{rel}","templated":true}]}}