{"id":133,"date":"2025-12-31T04:43:46","date_gmt":"2025-12-31T04:43:46","guid":{"rendered":"https:\/\/ivanzo.com\/?page_id=133"},"modified":"2026-01-01T07:48:41","modified_gmt":"2026-01-01T07:48:41","slug":"despre-noi","status":"publish","type":"page","link":"https:\/\/ivanzo.com\/ro\/about-us\/","title":{"rendered":"Despre noi"},"content":{"rendered":"<p>Suntem un magazin online cu sediul \u00een Slovacia axat pe aducerea&nbsp;<strong>Ochelari inteligen\u021bi alimenta\u021bi cu inteligen\u021b\u0103 artificial\u0103<\/strong>&nbsp;pentru clien\u021bii din \u00eentreaga Europ\u0103.<\/p>\n\n\n\n<p>Povestea noastr\u0103 a \u00eenceput cu o frustrare simpl\u0103:&nbsp;<strong>aceste produse nu erau disponibile nic\u0103ieri \u00een \u021bara noastr\u0103<\/strong>. \u00cen timp ce ochelarii AI inovatori, cum ar fi&nbsp;<strong>Ray-Ban Meta<\/strong>,&nbsp;<strong>Oakley Meta Vanguard<\/strong>,&nbsp;<strong>Oakley Meta HSTN<\/strong>, \u0219i&nbsp;<strong>Meta Ray-Ban Display<\/strong>&nbsp;modelau deja viitorul \u00een str\u0103in\u0103tate, clien\u021bii din Slovacia nu aveau acces la acestea. Am decis s\u0103 schimb\u0103m acest lucru.<\/p>\n\n\n\n<p>Fondat\u0103 de un pasionat de tehnologie \u0219i oper\u00e2nd sub&nbsp;<strong>Trending Up s. r. o.<\/strong>, misiunea noastr\u0103 este de a face inteligen\u021ba artificial\u0103 portabil\u0103 de ultim\u0103 genera\u021bie accesibil\u0103 \u00een \u021b\u0103rile \u00een care aceasta este greu de g\u0103sit.<\/p>\n\n\n\n<p>Noi vindem&nbsp;<strong>100% numai produse originale<\/strong>, ob\u021binute de la parteneri de \u00eencredere. Fiecare produs este selectat cu aten\u021bie pentru design, performan\u021b\u0103 \u0219i utilitate \u00een lumea real\u0103. Noi credem c\u0103 ochelarii inteligen\u021bi sunt mai mult dec\u00e2t un gadget - sunt o extensie natural\u0103 a modului \u00een care oamenii se conecteaz\u0103, creeaz\u0103 \u0219i experimenteaz\u0103 tehnologia.<\/p>\n\n\n\n<p>Produsele noastre sunt concepute pentru&nbsp;<strong>creatori, sportivi, pasiona\u021bi de tehnologie \u0219i utilizatori obi\u0219nui\u021bi<\/strong>&nbsp;care doresc s\u0103 surprind\u0103 momente cu m\u00e2inile libere, s\u0103 r\u0103m\u00e2n\u0103 conecta\u021bi din mers \u0219i s\u0103 exploreze viitorul dispozitivelor portabile cu inteligen\u021b\u0103 artificial\u0103.<\/p>\n\n\n\n<p>Livr\u0103m \u00een mod fiabil \u00een \u00eentreaga Europ\u0103 \u0219i sus\u021binem ceea ce vindem.&nbsp;<strong>Dac\u0103 ceva nu func\u021bioneaz\u0103 conform a\u0219tept\u0103rilor, clien\u021bii ne pot contacta pur \u0219i simplu \u0219i ne vom ocupa de asta.<\/strong><\/p>\n\n\n\n<p>De la Slovacia la \u00eentreaga Europ\u0103 -&nbsp;<strong>viitorul viziunii inteligente \u00eencepe aici<\/strong>.<\/p>","protected":false},"excerpt":{"rendered":"<p>We are a Slovakia-based online store focused on bringing&nbsp;AI-powered smart glasses&nbsp;to customers across Europe. Our story began with a simple frustration:&nbsp;these products were not available anywhere in our country. While innovative AI glasses such as&nbsp;Ray-Ban Meta,&nbsp;Oakley Meta Vanguard,&nbsp;Oakley Meta HSTN, and&nbsp;Meta Ray-Ban Display&nbsp;were already shaping the future abroad, customers in Slovakia had no access to [&hellip;]<\/p>\n","protected":false},"author":1,"featured_media":0,"parent":0,"menu_order":0,"comment_status":"closed","ping_status":"closed","template":"","meta":{"footnotes":""},"class_list":["post-133","page","type-page","status-publish","hentry"],"_hostinger_reach_plugin_has_subscription_block":false,"_hostinger_reach_plugin_is_elementor":false,"_links":{"self":[{"href":"https:\/\/ivanzo.com\/ro\/wp-json\/wp\/v2\/pages\/133","targetHints":{"allow":["GET"]}}],"collection":[{"href":"https:\/\/ivanzo.com\/ro\/wp-json\/wp\/v2\/pages"}],"about":[{"href":"https:\/\/ivanzo.com\/ro\/wp-json\/wp\/v2\/types\/page"}],"author":[{"embeddable":true,"href":"https:\/\/ivanzo.com\/ro\/wp-json\/wp\/v2\/users\/1"}],"replies":[{"embeddable":true,"href":"https:\/\/ivanzo.com\/ro\/wp-json\/wp\/v2\/comments?post=133"}],"version-history":[{"count":2,"href":"https:\/\/ivanzo.com\/ro\/wp-json\/wp\/v2\/pages\/133\/revisions"}],"predecessor-version":[{"id":141,"href":"https:\/\/ivanzo.com\/ro\/wp-json\/wp\/v2\/pages\/133\/revisions\/141"}],"wp:attachment":[{"href":"https:\/\/ivanzo.com\/ro\/wp-json\/wp\/v2\/media?parent=133"}],"curies":[{"name":"wp","href":"https:\/\/api.w.org\/{rel}","templated":true}]}}