{"id":416,"date":"2026-01-12T10:52:59","date_gmt":"2026-01-12T10:52:59","guid":{"rendered":"https:\/\/ivanzo.com\/?post_type=product&#038;p=416"},"modified":"2026-01-12T10:54:34","modified_gmt":"2026-01-12T10:54:34","slug":"ray-ban-meta-wayfarer-gen-1-matte-black-ai-okulary-z-czarnymi-soczewkami-2","status":"publish","type":"product","link":"https:\/\/ivanzo.com\/pl\/product\/ray-ban-meta-wayfarer-gen-1-matte-black-ai-glasses-with-black-lenses-2\/","title":{"rendered":"Okulary Ray-Ban Meta Wayfarer (Gen 1) Matte Black AI z czarnymi soczewkami"},"content":{"rendered":"<div class=\"xeuugli x2lwn1j xl49iz1 xx9i6jc xl0nj6t x78zum5 x1dn74xm x4a20bl xtatjob x79b4n4 x15p7v3w x1or4hh0 xhr6100 x13fuv20 x18b5jzi x1q0q8m5 x1t7ytsu x972fbf x10w94by x1qhh985 x14e42zd\">\n<div class=\"xeuugli x2lwn1j x78zum5 xig2svb x18vy5xy xlluq36 x17fa7br x1m967cu x15n2tc2 x79b4n4 x15p7v3w x1or4hh0 xhr6100 x13fuv20 x18b5jzi x1q0q8m5 x1t7ytsu x972fbf x10w94by x1qhh985 x14e42zd\">\n<div class=\"x193iq5w xh8yej3 x9f619 xdl72j9 x1c4vz4f x2lah0s x10rn61k xu9dp86 x1a9upw4 x1wx46er x9i2r8e x15dkgw3 x174qce6 x1reuy37 x1yhw3ld xwy3nlu xpu8j0z xfzd5jt\">\n<div class=\"ma-wd_739px xeuugli x2lwn1j x78zum5 xig2svb x18vy5xy xlluq36 x79b4n4 x15p7v3w x1or4hh0 xhr6100 x13fuv20 x18b5jzi x1q0q8m5 x1t7ytsu x972fbf x10w94by x1qhh985 x14e42zd\">\n<div class=\"xeuugli x2lwn1j x78zum5 xig2svb x18vy5xy xlluq36 xwy3nlu xvaqop8 x1ovcrgv x79b4n4 x15p7v3w x1or4hh0 xhr6100 x13fuv20 x18b5jzi x1q0q8m5 x1t7ytsu x972fbf x10w94by x1qhh985 x14e42zd\">\n<div class=\"ma-wd_739px xeuugli x2lwn1j x78zum5 xig2svb x18vy5xy xlluq36 x79b4n4 x15p7v3w x1or4hh0 xhr6100 x13fuv20 x18b5jzi x1q0q8m5 x1t7ytsu x972fbf x10w94by x1qhh985 x14e42zd\">\n<div><span class=\"xbks1sj x17gzxuv x3a6nna xm5vtmc x1t2x7uc x1o1n6r0 x1wsgf3v x1c773n9 x1k03ns3 xpbi8i2 x9820fh x1npfmwo xhj0du5 xrm2kyc xjprkx4 xlu1awn x12429cg x6tc29j xbq7h4v x6jdkww xq9mrsl\">B\u0142yszcz\u0105ce czarne oprawki z przezroczystymi soczewkami z filtrem \u015bwiat\u0142a niebiesko-fioletowego*, kt\u00f3re chroni\u0105 oczy przed ekranami cyfrowymi, \u015bwiat\u0142em fluorescencyjnym w pomieszczeniach, a nawet promieniami s\u0142onecznymi.<\/span><\/div>\n<\/div>\n<\/div>\n<\/div>\n<\/div>\n<ul>\n<li><b class=\"\">Ultraszerokok\u0105tny aparat 12 MP<\/b> do zdj\u0119\u0107 i film\u00f3w HD<\/li>\n<li><b class=\"\">2 wykonane na zam\u00f3wienie<\/b> g\u0142o\u015bniki otwarte i zestaw 5 mikrofon\u00f3w z <a class=\"x1i10hfl x1qjc9v5 xjbqb8w xjqpnuy xc5r6h4 xqeqjp1 x1phubyo x13fuv20 x18b5jzi x1q0q8m5 x1t7ytsu x972fbf x10w94by x1qhh985 x14e42zd x9f619 x1ypdohk xdl72j9 xdt5ytf x2lah0s x3ct3a4 xdj266r x14z9mp xat24cr x1lziwak x2lwn1j xeuugli xexx8yu xyri2b x18d9i69 x1c1uobl x16tdsg8 xggy1nq x1ja2u2z x1t137rt xt0psk2 x1hl2dhg xt0b8zv xmy21w2 x1uhb9sk\" tabindex=\"0\" role=\"link\" href=\"https:\/\/www.meta.com\/ai-glasses\/bluetooth-glasses\/\" target=\"_self\" data-auto-logging-id=\"f10022277\" rel=\"noopener\">\u0141\u0105czno\u015b\u0107 Bluetooth<\/a><\/li>\n<li><b class=\"\">32 GB pami\u0119ci flash<\/b> (Ponad 500 zdj\u0119\u0107, ponad 100 film\u00f3w z lat 30.)<\/li>\n<li><b class=\"\">Do 36 godzin<\/b> \u017bywotno\u015b\u0107 baterii przy w pe\u0142ni na\u0142adowanej obudowie; do 4 godzin na jednym \u0142adowaniu. <a class=\"x1i10hfl x1qjc9v5 xjbqb8w xjqpnuy xc5r6h4 xqeqjp1 x1phubyo x13fuv20 x18b5jzi x1q0q8m5 x1t7ytsu x972fbf x10w94by x1qhh985 x14e42zd x9f619 x1ypdohk xdl72j9 xdt5ytf x2lah0s x3ct3a4 xdj266r x14z9mp xat24cr x1lziwak x2lwn1j xeuugli xexx8yu xyri2b x18d9i69 x1c1uobl x16tdsg8 xggy1nq x1ja2u2z x1t137rt xt0psk2 x1hl2dhg x1lku1pv xmy21w2 x1uhb9sk\" tabindex=\"0\" role=\"link\" href=\"https:\/\/www.meta.com\/legal\/ray-ban-meta\/disclosures\/#battery-case\" target=\"_self\" rel=\"noopener\">Dodatkowe szczeg\u00f3\u0142y tutaj.<\/a><\/li>\n<\/ul>\n<h3 class=\"x16g9bbj xobpncf xjliv6m x1yxlzaz xsp84uj x1uc5f31 xxgyeuj x166pohu xakorsv xcxolhg xwczod1 x13mtej6 xjlskvi x1hhp1i x1i6xp69 xr4g9wi x12429cg x6tc29j xbq7h4v x6jdkww xq9mrsl x1a2a7pz\">Meta AI<\/h3>\n<\/div>\n<\/div>\n<div class=\"mma-wd767px_ma-wd_100 mmi-wd768pxandma-wd1024px_ma-wd_352px mmi-wd1025px_ma-wd_352px xeuugli x2lwn1j x78zum5 xig2svb x18vy5xy xlluq36 xwy3nlu xpu8j0z xfzd5jt x79b4n4 x15p7v3w x1or4hh0 xhr6100 x13fuv20 x18b5jzi x1q0q8m5 x1t7ytsu x972fbf x10w94by x1qhh985 x14e42zd\">\n<div class=\"mg-b_12px xeuugli x2lwn1j x78zum5 xig2svb x18vy5xy xlluq36 x79b4n4 x15p7v3w x1or4hh0 xhr6100 x13fuv20 x18b5jzi x1q0q8m5 x1t7ytsu x972fbf x10w94by x1qhh985 x14e42zd\">Uzyskaj sugestie i przypomnienia w czasie rzeczywistym dzi\u0119ki Meta AI. Zapytaj swoje okulary AI o przepisy, gdy jeste\u015b w drodze, przypomnij sobie, gdzie zaparkowa\u0142e\u015b, a nawet dowiedz si\u0119 o punktach orientacyjnych, obok kt\u00f3rych przechodzisz.<\/div>\n<div>\n<div class=\"xeuugli x2lwn1j x1uttgrm x1dces20 xb4t8oj x78zum5 x1dn74xm x4a20bl xtatjob xwy3nlu x102t0zd x1gw87hn x79b4n4 x15p7v3w x1or4hh0 xhr6100 x13fuv20 x18b5jzi x1q0q8m5 x1t7ytsu x972fbf x10w94by x1qhh985 x14e42zd\">\n<h3 class=\"x16g9bbj xobpncf xjliv6m x1yxlzaz xsp84uj x1uc5f31 xxgyeuj x166pohu xakorsv xcxolhg xwczod1 x13mtej6 xjlskvi x1hhp1i x1i6xp69 xr4g9wi x12429cg x6tc29j xbq7h4v x6jdkww xq9mrsl x1a2a7pz\">Przechwytywanie<\/h3>\n<\/div>\n<div class=\"xeuugli x2lwn1j x78zum5 xig2svb x18vy5xy xlluq36 xwy3nlu xpu8j0z xfzd5jt x79b4n4 x15p7v3w x1or4hh0 xhr6100 x13fuv20 x18b5jzi x1q0q8m5 x1t7ytsu x972fbf x10w94by x1qhh985 x14e42zd\">\n<div class=\"x193iq5w xh8yej3 x9f619 xdl72j9 x1c4vz4f x2lah0s x10rn61k xu9dp86 x1a9upw4 x1wx46er x9i2r8e x15dkgw3 x174qce6 x1reuy37 x1yhw3ld\">\n<div class=\"ht_100 xeuugli x2lwn1j xrs1zhw xunqylw x1lf6g7z x78zum5 xig2svb x18vy5xy xlluq36 x1cza4f xrt85ju x79b4n4 x15p7v3w x1or4hh0 xhr6100 x13fuv20 x18b5jzi x1q0q8m5 x1t7ytsu x972fbf x10w94by x1qhh985 x14e42zd\">\n<div class=\"xeuugli x2lwn1j x78zum5 xig2svb x18vy5xy xlluq36 xwy3nlu xpu8j0z xfzd5jt x79b4n4 x15p7v3w x1or4hh0 xhr6100 x13fuv20 x18b5jzi x1q0q8m5 x1t7ytsu x972fbf x10w94by x1qhh985 x14e42zd\"><span class=\"xbks1sj x17gzxuv x3a6nna xm5vtmc x1t2x7uc x1o1n6r0 x1wsgf3v x1c773n9 x1k03ns3 xpbi8i2 x9820fh x1npfmwo xhj0du5 xrm2kyc xjprkx4 xlu1awn x12429cg x6tc29j xbq7h4v x6jdkww xq9mrsl\">Uchwy\u0107 to, co widzisz i s\u0142yszysz bez u\u017cycia r\u0105k. Naci\u015bnij przycisk przechwytywania lub powiedz \u201cHej Meta, zr\u00f3b zdj\u0119cie\u201d, aby robi\u0107 wysokiej jako\u015bci zdj\u0119cia i filmy za pomoc\u0105 ulepszonego ultraszerokiego aparatu 12 MP i systemu pi\u0119ciu mikrofon\u00f3w.<\/span><\/div>\n<\/div>\n<\/div>\n<\/div>\n<div>\n<div class=\"xeuugli x2lwn1j x1uttgrm x1dces20 xb4t8oj x78zum5 x1dn74xm x4a20bl xtatjob xwy3nlu x102t0zd x1gw87hn x79b4n4 x15p7v3w x1or4hh0 xhr6100 x13fuv20 x18b5jzi x1q0q8m5 x1t7ytsu x972fbf x10w94by x1qhh985 x14e42zd\">\n<h3 class=\"x16g9bbj xobpncf xjliv6m x1yxlzaz xsp84uj x1uc5f31 xxgyeuj x166pohu xakorsv xcxolhg xwczod1 x13mtej6 xjlskvi x1hhp1i x1i6xp69 xr4g9wi x12429cg x6tc29j xbq7h4v x6jdkww xq9mrsl x1a2a7pz\">Pos\u0142uchaj<\/h3>\n<\/div>\n<div class=\"xeuugli x2lwn1j x78zum5 xig2svb x18vy5xy xlluq36 xwy3nlu xpu8j0z xfzd5jt x79b4n4 x15p7v3w x1or4hh0 xhr6100 x13fuv20 x18b5jzi x1q0q8m5 x1t7ytsu x972fbf x10w94by x1qhh985 x14e42zd\">\n<div class=\"xeuugli x2lwn1j x78zum5 xig2svb x18vy5xy xlluq36 xwy3nlu xpu8j0z xfzd5jt x79b4n4 x15p7v3w x1or4hh0 xhr6100 x13fuv20 x18b5jzi x1q0q8m5 x1t7ytsu x972fbf x10w94by x1qhh985 x14e42zd\"><span class=\"xbks1sj x17gzxuv x3a6nna xm5vtmc x1t2x7uc x1o1n6r0 x1wsgf3v x1c773n9 x1k03ns3 xpbi8i2 x9820fh x1npfmwo xhj0du5 xrm2kyc xjprkx4 xlu1awn x12429cg x6tc29j xbq7h4v x6jdkww xq9mrsl\">G\u0142o\u015bniki Bluetooth wbudowane w ramiona okular\u00f3w zapewniaj\u0105 d\u017awi\u0119k, kt\u00f3ry s\u0142yszysz tylko Ty, a 5 wbudowanych mikrofon\u00f3w odbiera wyra\u017any d\u017awi\u0119k podczas rozm\u00f3w telefonicznych.<\/span><\/div>\n<\/div>\n<div>\n<div class=\"xeuugli x2lwn1j x1uttgrm x1dces20 xb4t8oj x78zum5 x1dn74xm x4a20bl xtatjob xwy3nlu x102t0zd x1gw87hn x79b4n4 x15p7v3w x1or4hh0 xhr6100 x13fuv20 x18b5jzi x1q0q8m5 x1t7ytsu x972fbf x10w94by x1qhh985 x14e42zd\">\n<h3 class=\"x16g9bbj xobpncf xjliv6m x1yxlzaz xsp84uj x1uc5f31 xxgyeuj x166pohu xakorsv xcxolhg xwczod1 x13mtej6 xjlskvi x1hhp1i x1i6xp69 xr4g9wi x12429cg x6tc29j xbq7h4v x6jdkww xq9mrsl x1a2a7pz\">Komunikacja w trybie g\u0142o\u015bnom\u00f3wi\u0105cym<\/h3>\n<\/div>\n<div class=\"xeuugli x2lwn1j x78zum5 xig2svb x18vy5xy xlluq36 xwy3nlu xpu8j0z xfzd5jt x79b4n4 x15p7v3w x1or4hh0 xhr6100 x13fuv20 x18b5jzi x1q0q8m5 x1t7ytsu x972fbf x10w94by x1qhh985 x14e42zd\">\n<div class=\"xeuugli x2lwn1j x78zum5 xig2svb x18vy5xy xlluq36 xwy3nlu xpu8j0z xfzd5jt x79b4n4 x15p7v3w x1or4hh0 xhr6100 x13fuv20 x18b5jzi x1q0q8m5 x1t7ytsu x972fbf x10w94by x1qhh985 x14e42zd\"><span class=\"xbks1sj x17gzxuv x3a6nna xm5vtmc x1t2x7uc x1o1n6r0 x1wsgf3v x1c773n9 x1k03ns3 xpbi8i2 x9820fh x1npfmwo xhj0du5 xrm2kyc xjprkx4 xlu1awn x12429cg x6tc29j xbq7h4v x6jdkww xq9mrsl\">Wysy\u0142aj wiadomo\u015bci tekstowe lub g\u0142osowe, wykonuj po\u0142\u0105czenia telefoniczne i odbieraj po\u0142\u0105czenia wideo bez u\u017cycia r\u0105k - wszystko za pomoc\u0105 okular\u00f3w AI.<\/span><\/div>\n<\/div>\n<div>\n<div class=\"xeuugli x2lwn1j x1uttgrm x1dces20 xb4t8oj x78zum5 x1dn74xm x4a20bl xtatjob xwy3nlu x102t0zd x1gw87hn x79b4n4 x15p7v3w x1or4hh0 xhr6100 x13fuv20 x18b5jzi x1q0q8m5 x1t7ytsu x972fbf x10w94by x1qhh985 x14e42zd\">\n<h3 class=\"x16g9bbj xobpncf xjliv6m x1yxlzaz xsp84uj x1uc5f31 xxgyeuj x166pohu xakorsv xcxolhg xwczod1 x13mtej6 xjlskvi x1hhp1i x1i6xp69 xr4g9wi x12429cg x6tc29j xbq7h4v x6jdkww xq9mrsl x1a2a7pz\">T\u0142umaczenie<\/h3>\n<\/div>\n<div class=\"xeuugli x2lwn1j x78zum5 xig2svb x18vy5xy xlluq36 xwy3nlu xpu8j0z xfzd5jt x79b4n4 x15p7v3w x1or4hh0 xhr6100 x13fuv20 x18b5jzi x1q0q8m5 x1t7ytsu x972fbf x10w94by x1qhh985 x14e42zd\">T\u0142umacz rozmowy w innych j\u0119zykach w czasie rzeczywistym. T\u0142umaczenie na \u017cywo jest dost\u0119pne w j\u0119zyku francuskim, w\u0142oskim, hiszpa\u0144skim i angielskim.<\/div>\n<div>\n<div class=\"xeuugli x2lwn1j xl49iz1 xx9i6jc xl0nj6t x78zum5 x1dn74xm x4a20bl xtatjob xwy3nlu x102t0zd x1gw87hn x79b4n4 x15p7v3w x1or4hh0 xhr6100 x13fuv20 x18b5jzi x1q0q8m5 x1t7ytsu x972fbf x10w94by x1qhh985 x14e42zd\">\n<h3 class=\"x16g9bbj xobpncf xjliv6m x1yxlzaz xsp84uj x1uc5f31 xxgyeuj x166pohu xakorsv xcxolhg xwczod1 x13mtej6 xjlskvi x1hhp1i x1i6xp69 xr4g9wi x12429cg x6tc29j xbq7h4v x6jdkww xq9mrsl x1a2a7pz\">Aplikacja Meta AI<\/h3>\n<\/div>\n<div class=\"xeuugli x2lwn1j x78zum5 xig2svb x18vy5xy xlluq36 xwy3nlu xpu8j0z xfzd5jt x79b4n4 x15p7v3w x1or4hh0 xhr6100 x13fuv20 x18b5jzi x1q0q8m5 x1t7ytsu x972fbf x10w94by x1qhh985 x14e42zd\">\n<div class=\"x193iq5w xh8yej3 x9f619 xdl72j9 x1c4vz4f x2lah0s x10rn61k xu9dp86 x1a9upw4 x1wx46er x9i2r8e x15dkgw3 x174qce6 x1reuy37 x1yhw3ld\">\n<div class=\"ht_100 xeuugli x2lwn1j xrs1zhw xunqylw x1lf6g7z x78zum5 xig2svb x18vy5xy xlluq36 x1cza4f xrt85ju x79b4n4 x15p7v3w x1or4hh0 xhr6100 x13fuv20 x18b5jzi x1q0q8m5 x1t7ytsu x972fbf x10w94by x1qhh985 x14e42zd\">\n<div class=\"xeuugli x2lwn1j x78zum5 xig2svb x18vy5xy xlluq36 xwy3nlu xpu8j0z xfzd5jt x79b4n4 x15p7v3w x1or4hh0 xhr6100 x13fuv20 x18b5jzi x1q0q8m5 x1t7ytsu x972fbf x10w94by x1qhh985 x14e42zd\"><span class=\"xbks1sj x17gzxuv x3a6nna xm5vtmc x1t2x7uc x1o1n6r0 x1wsgf3v x1c773n9 x1k03ns3 xpbi8i2 x9820fh x1npfmwo xhj0du5 xrm2kyc xjprkx4 xlu1awn x12429cg x6tc29j xbq7h4v x6jdkww xq9mrsl\">Zarz\u0105dzaj okularami Ray-Ban Meta i dostosowuj ustawienia, importuj i udost\u0119pniaj zdj\u0119cia oraz korzystaj z asystenta Meta AI zar\u00f3wno w okularach, jak i w aplikacji. Dowiedz si\u0119 wi\u0119cej o nowych funkcjach i zobacz, jak inni w pe\u0142ni wykorzystuj\u0105 <span class=\"x1rg5ohu xdnwjd9\">Meta AI<\/span>.<\/span><\/div>\n<div>\n<div class=\"xeuugli x2lwn1j x1uttgrm x1dces20 xb4t8oj x78zum5 x1dn74xm x4a20bl xtatjob xwy3nlu x102t0zd x1gw87hn x79b4n4 x15p7v3w x1or4hh0 xhr6100 x13fuv20 x18b5jzi x1q0q8m5 x1t7ytsu x972fbf x10w94by x1qhh985 x14e42zd\">\n<h3 class=\"x16g9bbj xobpncf xjliv6m x1yxlzaz xsp84uj x1uc5f31 xxgyeuj x166pohu xakorsv xcxolhg xwczod1 x13mtej6 xjlskvi x1hhp1i x1i6xp69 xr4g9wi x12429cg x6tc29j xbq7h4v x6jdkww xq9mrsl x1a2a7pz\">Etui \u0142aduj\u0105ce<\/h3>\n<\/div>\n<div class=\"xeuugli x2lwn1j x78zum5 xig2svb x18vy5xy xlluq36 xwy3nlu xpu8j0z xfzd5jt x79b4n4 x15p7v3w x1or4hh0 xhr6100 x13fuv20 x18b5jzi x1q0q8m5 x1t7ytsu x972fbf x10w94by x1qhh985 x14e42zd\"><span class=\"xbks1sj x17gzxuv x3a6nna xm5vtmc x1t2x7uc x1o1n6r0 x1wsgf3v x1c773n9 x1k03ns3 xpbi8i2 x9820fh x1npfmwo xhj0du5 xrm2kyc xjprkx4 xlu1awn x12429cg x6tc29j xbq7h4v x6jdkww xq9mrsl\">Ka\u017cda para okular\u00f3w Ray-Ban Meta jest dostarczana z etui \u0142aduj\u0105cym, kt\u00f3re mo\u017ce zapewni\u0107 do 32 godzin \u0142adowania w podr\u00f3\u017cy. Etui mo\u017cna w pe\u0142ni na\u0142adowa\u0107 w 3,5 godziny za pomoc\u0105 kabla USB-C.<\/span><\/div>\n<\/div>\n<\/div>\n<\/div>\n<\/div>\n<\/div>\n<\/div>\n<\/div>\n<\/div>\n<\/div>\n<\/div>","protected":false},"excerpt":{"rendered":"<div class=\"xeuugli x2lwn1j x78zum5 xig2svb x18vy5xy xlluq36 xwy3nlu xpu8j0z xfzd5jt x79b4n4 x15p7v3w x1or4hh0 xhr6100 x13fuv20 x18b5jzi x1q0q8m5 x1t7ytsu x972fbf x10w94by x1qhh985 x14e42zd\"><span class=\"xbks1sj x17gzxuv x3a6nna xm5vtmc x1t2x7uc x1o1n6r0 x1wsgf3v x1c773n9 x1k03ns3 xpbi8i2 x9820fh x1npfmwo xhj0du5 xrm2kyc xjprkx4 xlu1awn x12429cg x6tc29j xbq7h4v x6jdkww xq9mrsl\">\u0141\u0105cz\u0105c kultowy hollywoodzki styl z Meta AI, te okulary AI pozwalaj\u0105 reagowa\u0107 na to, co widzisz, robi\u0107 zdj\u0119cia i filmy, s\u0142ucha\u0107 w ruchu oraz wykonywa\u0107 po\u0142\u0105czenia i wysy\u0142a\u0107 wiadomo\u015bci bez dotykania telefonu.<\/span><\/div>","protected":false},"featured_media":419,"comment_status":"open","ping_status":"closed","template":"","meta":[],"product_brand":[26],"product_cat":[15,93,20],"product_tag":[108],"class_list":{"0":"post-416","1":"product","2":"type-product","3":"status-publish","4":"has-post-thumbnail","6":"product_brand-ray-ban-meta","7":"product_cat-ai-glasses","8":"product_cat-ray-ban-meta","9":"product_cat-wayfarer-gen-1","10":"product_tag-gen-1","12":"first","13":"instock","14":"sold-individually","15":"shipping-taxable","16":"purchasable","17":"product-type-variable","18":"has-default-attributes"},"_links":{"self":[{"href":"https:\/\/ivanzo.com\/pl\/wp-json\/wp\/v2\/product\/416","targetHints":{"allow":["GET"]}}],"collection":[{"href":"https:\/\/ivanzo.com\/pl\/wp-json\/wp\/v2\/product"}],"about":[{"href":"https:\/\/ivanzo.com\/pl\/wp-json\/wp\/v2\/types\/product"}],"replies":[{"embeddable":true,"href":"https:\/\/ivanzo.com\/pl\/wp-json\/wp\/v2\/comments?post=416"}],"wp:featuredmedia":[{"embeddable":true,"href":"https:\/\/ivanzo.com\/pl\/wp-json\/wp\/v2\/media\/419"}],"wp:attachment":[{"href":"https:\/\/ivanzo.com\/pl\/wp-json\/wp\/v2\/media?parent=416"}],"wp:term":[{"taxonomy":"product_brand","embeddable":true,"href":"https:\/\/ivanzo.com\/pl\/wp-json\/wp\/v2\/product_brand?post=416"},{"taxonomy":"product_cat","embeddable":true,"href":"https:\/\/ivanzo.com\/pl\/wp-json\/wp\/v2\/product_cat?post=416"},{"taxonomy":"product_tag","embeddable":true,"href":"https:\/\/ivanzo.com\/pl\/wp-json\/wp\/v2\/product_tag?post=416"}],"curies":[{"name":"wp","href":"https:\/\/api.w.org\/{rel}","templated":true}]}}