{"id":336,"date":"2026-01-10T08:04:04","date_gmt":"2026-01-10T08:04:04","guid":{"rendered":"https:\/\/ivanzo.com\/?page_id=336"},"modified":"2026-01-10T08:04:05","modified_gmt":"2026-01-10T08:04:05","slug":"czesto-zadawane-pytania-wayfarer-gen-2","status":"publish","type":"page","link":"https:\/\/ivanzo.com\/pl\/frequently-asked-questions-wayfarer-gen-2\/","title":{"rendered":"Najcz\u0119\u015bciej zadawane pytania Wayfarer (Gen 2)"},"content":{"rendered":"<div data-wp-context=\"{ &quot;autoclose&quot;: false, &quot;accordionItems&quot;: [] }\" data-wp-interactive=\"core\/accordion\" role=\"group\" class=\"wp-block-accordion is-layout-flow wp-block-accordion-is-layout-flow\">\n<div data-wp-class--is-open=\"state.isOpen\" data-wp-context=\"{ &quot;id&quot;: &quot;accordion-item-1&quot;, &quot;openByDefault&quot;: false }\" data-wp-init=\"callbacks.initAccordionItems\" data-wp-on-window--hashchange=\"callbacks.hashChange\" class=\"wp-block-accordion-item is-layout-flow wp-block-accordion-item-is-layout-flow\">\n<h3 class=\"wp-block-accordion-heading\"><button aria-expanded=\"false\" aria-controls=\"accordion-item-1-panel\" data-wp-bind--aria-expanded=\"state.isOpen\" data-wp-on--click=\"actions.toggle\" data-wp-on--keydown=\"actions.handleKeyDown\" id=\"accordion-item-1\" class=\"wp-block-accordion-heading__toggle\"><span class=\"wp-block-accordion-heading__toggle-title\">Gdzie mog\u0119 kupi\u0107 okulary Ray-Ban Meta (Gen 2)?<\/span><span class=\"wp-block-accordion-heading__toggle-icon\" aria-hidden=\"true\">+<\/span><\/button><\/h3>\n\n\n\n<div inert aria-labelledby=\"accordion-item-1\" data-wp-bind--inert=\"!state.isOpen\" id=\"accordion-item-1-panel\" role=\"region\" class=\"wp-block-accordion-panel is-layout-flow wp-block-accordion-panel-is-layout-flow\">\n<p>Okulary Ray-Ban Meta mo\u017cna kupi\u0107 w Stanach Zjednoczonych, Kanadzie, Wielkiej Brytanii, Australii, Francji, W\u0142oszech, Hiszpanii i Niemczech za po\u015brednictwem strony internetowej Meta i innych certyfikowanych sprzedawc\u00f3w Meta.&nbsp;<\/p>\n\n\n\n<p>S\u0105 one r\u00f3wnie\u017c dost\u0119pne na Ray-Ban.com, w oficjalnych sklepach Ray-Ban i u certyfikowanych dealer\u00f3w Ray-Ban (online i w sklepach). Obecnie mo\u017cna je kupi\u0107 w Stanach Zjednoczonych, Kanadzie, Wielkiej Brytanii, Irlandii, Austrii, Belgii, Francji, W\u0142oszech, Hiszpanii, Niemczech, Finlandii, Norwegii, Danii, Szwecji i Australii.<\/p>\n<\/div>\n<\/div>\n<\/div>\n\n\n\n<div data-wp-context=\"{ &quot;autoclose&quot;: false, &quot;accordionItems&quot;: [] }\" data-wp-interactive=\"core\/accordion\" role=\"group\" class=\"wp-block-accordion is-layout-flow wp-block-accordion-is-layout-flow\">\n<div data-wp-class--is-open=\"state.isOpen\" data-wp-context=\"{ &quot;id&quot;: &quot;accordion-item-2&quot;, &quot;openByDefault&quot;: false }\" data-wp-init=\"callbacks.initAccordionItems\" data-wp-on-window--hashchange=\"callbacks.hashChange\" class=\"wp-block-accordion-item is-layout-flow wp-block-accordion-item-is-layout-flow\">\n<h3 class=\"wp-block-accordion-heading\"><button aria-expanded=\"false\" aria-controls=\"accordion-item-2-panel\" data-wp-bind--aria-expanded=\"state.isOpen\" data-wp-on--click=\"actions.toggle\" data-wp-on--keydown=\"actions.handleKeyDown\" id=\"accordion-item-2\" class=\"wp-block-accordion-heading__toggle\"><span class=\"wp-block-accordion-heading__toggle-title\">Czym r\u00f3\u017cni\u0105 si\u0119 okulary Ray-Ban Meta (Gen 2) od okular\u00f3w Ray-Ban Meta (Gen 1)?<\/span><span class=\"wp-block-accordion-heading__toggle-icon\" aria-hidden=\"true\">+<\/span><\/button><\/h3>\n\n\n\n<div inert aria-labelledby=\"accordion-item-2\" data-wp-bind--inert=\"!state.isOpen\" id=\"accordion-item-2-panel\" role=\"region\" class=\"wp-block-accordion-panel is-layout-flow wp-block-accordion-panel-is-layout-flow\">\n<p>Ray-Ban Meta (Gen 2) posiada ulepszon\u0105 kamer\u0119 z ulepszon\u0105 rozdzielczo\u015bci\u0105 wideo 3K Ultra HD i do 8 godzin pracy na jednym \u0142adowaniu baterii, co stanowi 2-krotno\u015b\u0107 \u017cywotno\u015bci baterii Ray-Ban Meta (Gen 1).<\/p>\n<\/div>\n<\/div>\n<\/div>","protected":false},"excerpt":{"rendered":"","protected":false},"author":1,"featured_media":0,"parent":0,"menu_order":0,"comment_status":"closed","ping_status":"closed","template":"","meta":{"footnotes":""},"class_list":["post-336","page","type-page","status-publish","hentry"],"_hostinger_reach_plugin_has_subscription_block":false,"_hostinger_reach_plugin_is_elementor":false,"_links":{"self":[{"href":"https:\/\/ivanzo.com\/pl\/wp-json\/wp\/v2\/pages\/336","targetHints":{"allow":["GET"]}}],"collection":[{"href":"https:\/\/ivanzo.com\/pl\/wp-json\/wp\/v2\/pages"}],"about":[{"href":"https:\/\/ivanzo.com\/pl\/wp-json\/wp\/v2\/types\/page"}],"author":[{"embeddable":true,"href":"https:\/\/ivanzo.com\/pl\/wp-json\/wp\/v2\/users\/1"}],"replies":[{"embeddable":true,"href":"https:\/\/ivanzo.com\/pl\/wp-json\/wp\/v2\/comments?post=336"}],"version-history":[{"count":2,"href":"https:\/\/ivanzo.com\/pl\/wp-json\/wp\/v2\/pages\/336\/revisions"}],"predecessor-version":[{"id":339,"href":"https:\/\/ivanzo.com\/pl\/wp-json\/wp\/v2\/pages\/336\/revisions\/339"}],"wp:attachment":[{"href":"https:\/\/ivanzo.com\/pl\/wp-json\/wp\/v2\/media?parent=336"}],"curies":[{"name":"wp","href":"https:\/\/api.w.org\/{rel}","templated":true}]}}