{"id":249,"date":"2026-01-03T05:33:43","date_gmt":"2026-01-03T05:33:43","guid":{"rendered":"https:\/\/ivanzo.com\/?page_id=249"},"modified":"2026-02-22T08:10:47","modified_gmt":"2026-02-22T08:10:47","slug":"ivanzo","status":"publish","type":"page","link":"https:\/\/ivanzo.com\/pl\/","title":{"rendered":"Okulary ze sztuczn\u0105 inteligencj\u0105 do \u0142atwego \u0142\u0105czenia"},"content":{"rendered":"<p>Odkryj innowacje w dziedzinie okular\u00f3w, zmieniaj\u0105c spos\u00f3b, w jaki widzisz i \u0142\u0105czysz si\u0119 z otaczaj\u0105cym Ci\u0119 \u015bwiatem.<\/p>\n\n\n\n<div class=\"wp-block-group is-content-justification-space-between is-layout-flex wp-container-core-group-is-layout-9366075c wp-block-group-is-layout-flex\">\n<h2 class=\"wp-block-heading\">okulary AI<\/h2>\n\n\n\n<div class=\"wp-block-buttons is-layout-flex wp-block-buttons-is-layout-flex\">\n<div class=\"wp-block-button\"><a class=\"wp-block-button__link wp-element-button\" href=\"\/pl\/kategoria-produktu\/okulary-ai\/\">Kupuj wszystko<\/a><\/div>\n<\/div>\n<\/div>","protected":false},"excerpt":{"rendered":"<p>Odkryj innowacje w optyce, kt\u00f3re zmieniaj\u0105 spos\u00f3b, w jaki widzisz \u015bwiat i \u0142\u0105czysz si\u0119 z otoczeniem. Okulary AI<\/p>","protected":false},"author":1,"featured_media":0,"parent":0,"menu_order":0,"comment_status":"closed","ping_status":"closed","template":"","meta":{"footnotes":""},"class_list":["post-249","page","type-page","status-publish","hentry"],"_hostinger_reach_plugin_has_subscription_block":false,"_hostinger_reach_plugin_is_elementor":false,"_links":{"self":[{"href":"https:\/\/ivanzo.com\/pl\/wp-json\/wp\/v2\/pages\/249","targetHints":{"allow":["GET"]}}],"collection":[{"href":"https:\/\/ivanzo.com\/pl\/wp-json\/wp\/v2\/pages"}],"about":[{"href":"https:\/\/ivanzo.com\/pl\/wp-json\/wp\/v2\/types\/page"}],"author":[{"embeddable":true,"href":"https:\/\/ivanzo.com\/pl\/wp-json\/wp\/v2\/users\/1"}],"replies":[{"embeddable":true,"href":"https:\/\/ivanzo.com\/pl\/wp-json\/wp\/v2\/comments?post=249"}],"version-history":[{"count":7,"href":"https:\/\/ivanzo.com\/pl\/wp-json\/wp\/v2\/pages\/249\/revisions"}],"predecessor-version":[{"id":575,"href":"https:\/\/ivanzo.com\/pl\/wp-json\/wp\/v2\/pages\/249\/revisions\/575"}],"wp:attachment":[{"href":"https:\/\/ivanzo.com\/pl\/wp-json\/wp\/v2\/media?parent=249"}],"curies":[{"name":"wp","href":"https:\/\/api.w.org\/{rel}","templated":true}]}}