{"id":144,"date":"2026-01-01T08:01:42","date_gmt":"2026-01-01T08:01:42","guid":{"rendered":"https:\/\/ivanzo.com\/?page_id=144"},"modified":"2026-01-01T08:08:12","modified_gmt":"2026-01-01T08:08:12","slug":"zasady-i-warunki","status":"publish","type":"page","link":"https:\/\/ivanzo.com\/pl\/terms-and-conditions\/","title":{"rendered":"Zasady i warunki"},"content":{"rendered":"<p>Niniejszy Regulamin reguluje korzystanie z niniejszego sklepu internetowego oraz stosunek umowny mi\u0119dzy klientem (\u201cKupuj\u0105cy\u201d) a sprzedawc\u0105 (\u201cSprzedawca\u201d). Sk\u0142adaj\u0105c zam\u00f3wienie, Kupuj\u0105cy potwierdza, \u017ce przeczyta\u0142, zrozumia\u0142 i akceptuje niniejszy Regulamin.<\/p>\n\n\n\n<hr class=\"wp-block-separator has-alpha-channel-opacity\"\/>\n\n\n\n<h3 class=\"wp-block-heading\"><strong>1. Informacje o sprzedawcy<\/strong><\/h3>\n\n\n\n<p><strong>Nazwa firmy:<\/strong>&nbsp;Trending Up s. r. o.<\/p>\n\n\n\n<p><strong>Zarejestrowany adres:<\/strong><\/p>\n\n\n\n<p>\u0160ari\u0161sk\u00fd \u0160tiavnik 13<\/p>\n\n\n\n<p>090 42 \u0160ari\u0161sk\u00fd \u0160tiavnik<\/p>\n\n\n\n<p>Republika S\u0142owacka<\/p>\n\n\n\n<p><strong>Identyfikator firmy (I\u010cO):<\/strong>&nbsp;56383771<\/p>\n\n\n\n<p><strong>IDENTYFIKATOR VAT:<\/strong>&nbsp;SK2122289125<\/p>\n\n\n\n<p><strong>Zarejestrowany w:<\/strong>&nbsp;Rejestr handlowy s\u0105du rejonowego w Preszowie<\/p>\n\n\n\n<p><strong>Sekcja:<\/strong>&nbsp;Sro<\/p>\n\n\n\n<p><strong>Numer pliku:<\/strong>&nbsp;48226\/P<\/p>\n\n\n\n<p><strong>Kontakt e-mail:<\/strong>&nbsp;info@ivanzo.com<\/p>\n\n\n\n<p><strong>Telefon:<\/strong>&nbsp;+421 944 780 345<\/p>\n\n\n\n<hr class=\"wp-block-separator has-alpha-channel-opacity\"\/>\n\n\n\n<h3 class=\"wp-block-heading\"><strong>2. Zakres zastosowania<\/strong><\/h3>\n\n\n\n<p>Niniejsze Warunki maj\u0105 zastosowanie do wszystkich um\u00f3w kupna zawieranych za po\u015brednictwem sklepu internetowego Sprzedawcy z klientami znajduj\u0105cymi si\u0119 na terenie Unii Europejskiej.<\/p>\n\n\n\n<hr class=\"wp-block-separator has-alpha-channel-opacity\"\/>\n\n\n\n<h3 class=\"wp-block-heading\"><strong>3. Produkty i dost\u0119pno\u015b\u0107<\/strong><\/h3>\n\n\n\n<p>Sprzedawca oferuje inteligentne okulary AI, w tym mi\u0119dzy innymi:<\/p>\n\n\n\n<ul class=\"wp-block-list\">\n<li>Ray-Ban Meta<\/li>\n\n\n\n<li>Oakley Meta Vanguard<\/li>\n\n\n\n<li>Oakley Meta HSTN<\/li>\n\n\n\n<li>Wy\u015bwietlacz Meta Ray-Ban<\/li>\n<\/ul>\n\n\n\n<p>Wszystkie produkty oferowane w sklepie internetowym s\u0105 oryginalne i pochodz\u0105 z oficjalnych lub autoryzowanych kana\u0142\u00f3w dystrybucji.<\/p>\n\n\n\n<p>Dost\u0119pno\u015b\u0107 produkt\u00f3w i szacowane daty dostawy s\u0105 wy\u015bwietlane na stronie produktu, w koszyku i podczas realizacji zakupu.<\/p>\n\n\n\n<hr class=\"wp-block-separator has-alpha-channel-opacity\"\/>\n\n\n\n<h3 class=\"wp-block-heading\"><strong>4. Ceny<\/strong><\/h3>\n\n\n\n<p>Wszystkie ceny wy\u015bwietlane w sklepie internetowym s\u0105 cenami ostatecznymi, w tym obowi\u0105zuj\u0105cy podatek VAT, chyba \u017ce okre\u015blono inaczej. Koszty wysy\u0142ki s\u0105 wy\u015bwietlane osobno podczas p\u0142atno\u015bci.<\/p>\n\n\n\n<hr class=\"wp-block-separator has-alpha-channel-opacity\"\/>\n\n\n\n<h3 class=\"wp-block-heading\"><strong>5. Wysy\u0142ka i dostawa<\/strong><\/h3>\n\n\n\n<ul class=\"wp-block-list\">\n<li><strong>Dostawa do punktu odbioru:<\/strong>\u00a0bezp\u0142atnie<\/li>\n\n\n\n<li><strong>Dostawa na adres:<\/strong>\u00a04 \u20ac<\/li>\n<\/ul>\n\n\n\n<p>Konkretna metoda dostawy i szacowana data dostawy s\u0105 wy\u015bwietlane w koszyku i przy kasie.<\/p>\n\n\n\n<hr class=\"wp-block-separator has-alpha-channel-opacity\"\/>\n\n\n\n<h3 class=\"wp-block-heading\"><strong>6. Metody p\u0142atno\u015bci<\/strong><\/h3>\n\n\n\n<p>Kupuj\u0105cy mo\u017ce dokona\u0107 p\u0142atno\u015bci przy u\u017cyciu nast\u0119puj\u0105cych metod:<\/p>\n\n\n\n<ul class=\"wp-block-list\">\n<li>Karta p\u0142atnicza<\/li>\n\n\n\n<li>Klarna<\/li>\n\n\n\n<li>Przelew bankowy<\/li>\n<\/ul>\n\n\n\n<p>Wszystkie opcje p\u0142atno\u015bci s\u0105 wy\u015bwietlane podczas realizacji transakcji.<\/p>\n\n\n\n<hr class=\"wp-block-separator has-alpha-channel-opacity\"\/>\n\n\n\n<h3 class=\"wp-block-heading\"><strong>7. Proces zam\u00f3wienia i zawarcie umowy<\/strong><\/h3>\n\n\n\n<p>Sk\u0142adaj\u0105c zam\u00f3wienie, Kupuj\u0105cy sk\u0142ada wi\u0105\u017c\u0105c\u0105 ofert\u0119 zakupu wybranych produkt\u00f3w.<\/p>\n\n\n\n<p>Umowa kupna-sprzeda\u017cy zostaje zawarta z chwil\u0105 potwierdzenia zam\u00f3wienia przez Sprzedawc\u0119 poczt\u0105 elektroniczn\u0105.<\/p>\n\n\n\n<hr class=\"wp-block-separator has-alpha-channel-opacity\"\/>\n\n\n\n<h3 class=\"wp-block-heading\"><strong>8. Prawo do odst\u0105pienia od umowy (zwroty)<\/strong><\/h3>\n\n\n\n<p>Kupuj\u0105cy ma prawo odst\u0105pi\u0107 od umowy&nbsp;<strong>w ci\u0105gu 14 dni<\/strong>&nbsp;od otrzymania towar\u00f3w, bez podania przyczyny, zgodnie z przepisami UE dotycz\u0105cymi ochrony konsument\u00f3w.<\/p>\n\n\n\n<p>Aby skorzysta\u0107 z prawa do odst\u0105pienia od umowy, Kupuj\u0105cy musi skontaktowa\u0107 si\u0119 ze Sprzedawc\u0105 za po\u015brednictwem poczty elektronicznej przed dokonaniem zwrotu towaru.<\/p>\n\n\n\n<p>Zwracane produkty musz\u0105 by\u0107 nieu\u017cywane, nieuszkodzone i w oryginalnym opakowaniu.<\/p>\n\n\n\n<hr class=\"wp-block-separator has-alpha-channel-opacity\"\/>\n\n\n\n<h3 class=\"wp-block-heading\"><strong>9. Gwarancja i reklamacje<\/strong><\/h3>\n\n\n\n<p>Sprzedawca ponosi odpowiedzialno\u015b\u0107 za wady zgodnie z obowi\u0105zuj\u0105cymi przepisami prawa.<\/p>\n\n\n\n<p>Je\u017celi produkt nie dzia\u0142a prawid\u0142owo lub wykazuje wady, Kupuj\u0105cy powinien niezw\u0142ocznie skontaktowa\u0107 si\u0119 ze Sprzedawc\u0105 za po\u015brednictwem poczty elektronicznej lub telefonicznie. Reklamacje b\u0119d\u0105 rozpatrywane bez zb\u0119dnej zw\u0142oki.<\/p>\n\n\n\n<hr class=\"wp-block-separator has-alpha-channel-opacity\"\/>\n\n\n\n<h3 class=\"wp-block-heading\"><strong>10. Ochrona danych osobowych<\/strong><\/h3>\n\n\n\n<p>Sprzedawca przetwarza dane osobowe zgodnie z obowi\u0105zuj\u0105cymi przepisami o ochronie danych osobowych, w tym RODO. Dane osobowe s\u0105 wykorzystywane wy\u0142\u0105cznie do przetwarzania zam\u00f3wie\u0144, dostawy i komunikacji z klientami.<\/p>\n\n\n\n<hr class=\"wp-block-separator has-alpha-channel-opacity\"\/>\n\n\n\n<h3 class=\"wp-block-heading\"><strong>11. Alternatywne metody rozwi\u0105zywania spor\u00f3w (ADR)<\/strong><\/h3>\n\n\n\n<p>W przypadku sporu Kupuj\u0105cy ma prawo skontaktowa\u0107 si\u0119 z alternatywnym organem rozstrzygania spor\u00f3w.<\/p>\n\n\n\n<p><strong>S\u0142owacka Inspekcja Handlowa (SOI):<\/strong><\/p>\n\n\n\n<p>Inspektorat S\u0142owackiej Inspekcji Handlowej dla Kraju Preszowskiego<\/p>\n\n\n\n<p>Obrancov mieru 6<\/p>\n\n\n\n<p>080 01 Presz\u00f3w<\/p>\n\n\n\n<p>Republika S\u0142owacka<\/p>\n\n\n\n<p>Kupuj\u0105cy mo\u017ce r\u00f3wnie\u017c korzysta\u0107 z&nbsp;<strong>Platforma internetowego rozstrzygania spor\u00f3w (ODR)<\/strong>&nbsp;dostarczone przez Komisj\u0119 Europejsk\u0105.<\/p>\n\n\n\n<hr class=\"wp-block-separator has-alpha-channel-opacity\"\/>\n\n\n\n<h3 class=\"wp-block-heading\"><strong>12. Postanowienia ko\u0144cowe<\/strong><\/h3>\n\n\n\n<p>Niniejsze Warunki podlegaj\u0105 prawu Republiki S\u0142owackiej.<\/p>\n\n\n\n<p>Sprzedawca zastrzega sobie prawo do zmiany niniejszych Warunk\u00f3w w dowolnym czasie. Zastosowanie ma wersja obowi\u0105zuj\u0105ca w momencie sk\u0142adania zam\u00f3wienia.<\/p>","protected":false},"excerpt":{"rendered":"<p>These Terms and Conditions govern the use of this e-shop and the contractual relationship between the customer (the \u201cBuyer\u201d) and the seller (the \u201cSeller\u201d). By placing an order, the Buyer confirms that they have read, understood, and agree to these Terms and Conditions. 1. Seller Information Company name:&nbsp;Trending Up s. r. o. Registered address: \u0160ari\u0161sk\u00fd [&hellip;]<\/p>\n","protected":false},"author":1,"featured_media":0,"parent":0,"menu_order":0,"comment_status":"closed","ping_status":"closed","template":"","meta":{"footnotes":""},"class_list":["post-144","page","type-page","status-publish","hentry"],"_hostinger_reach_plugin_has_subscription_block":false,"_hostinger_reach_plugin_is_elementor":false,"_links":{"self":[{"href":"https:\/\/ivanzo.com\/pl\/wp-json\/wp\/v2\/pages\/144","targetHints":{"allow":["GET"]}}],"collection":[{"href":"https:\/\/ivanzo.com\/pl\/wp-json\/wp\/v2\/pages"}],"about":[{"href":"https:\/\/ivanzo.com\/pl\/wp-json\/wp\/v2\/types\/page"}],"author":[{"embeddable":true,"href":"https:\/\/ivanzo.com\/pl\/wp-json\/wp\/v2\/users\/1"}],"replies":[{"embeddable":true,"href":"https:\/\/ivanzo.com\/pl\/wp-json\/wp\/v2\/comments?post=144"}],"version-history":[{"count":2,"href":"https:\/\/ivanzo.com\/pl\/wp-json\/wp\/v2\/pages\/144\/revisions"}],"predecessor-version":[{"id":146,"href":"https:\/\/ivanzo.com\/pl\/wp-json\/wp\/v2\/pages\/144\/revisions\/146"}],"wp:attachment":[{"href":"https:\/\/ivanzo.com\/pl\/wp-json\/wp\/v2\/media?parent=144"}],"curies":[{"name":"wp","href":"https:\/\/api.w.org\/{rel}","templated":true}]}}