{"id":142,"date":"2026-01-01T07:54:49","date_gmt":"2026-01-01T07:54:49","guid":{"rendered":"https:\/\/ivanzo.com\/?page_id=142"},"modified":"2026-01-01T10:58:21","modified_gmt":"2026-01-01T10:58:21","slug":"faq","status":"publish","type":"page","link":"https:\/\/ivanzo.com\/pl\/faq\/","title":{"rendered":"FAQ - Cz\u0119sto zadawane pytania"},"content":{"rendered":"<h3 class=\"wp-block-heading\"><strong>Czy produkty s\u0105 oryginalne?<\/strong><\/h3>\n\n\n\n<p>Tak. Wszystkie produkty sprzedawane w naszym sklepie s\u0105 oryginalne 100% i pochodz\u0105 z oficjalnych i zweryfikowanych kana\u0142\u00f3w dystrybucji. Sprzedajemy tylko oryginalne inteligentne okulary Meta.<\/p>\n\n\n\n<hr class=\"wp-block-separator has-alpha-channel-opacity\"\/>\n\n\n\n<h3 class=\"wp-block-heading\"><strong>Czy wysy\u0142acie produkty na terenie Europy?<\/strong><\/h3>\n\n\n\n<p>Tak, wysy\u0142amy do wszystkich kraj\u00f3w Unii Europejskiej. Dost\u0119pno\u015b\u0107, spos\u00f3b dostawy i szacowana data dostawy s\u0105 wy\u015bwietlane w koszyku i przy kasie.<\/p>\n\n\n\n<hr class=\"wp-block-separator has-alpha-channel-opacity\"\/>\n\n\n\n<h3 class=\"wp-block-heading\"><strong>Ile kosztuje wysy\u0142ka?<\/strong><\/h3>\n\n\n\n<ul class=\"wp-block-list\">\n<li><strong>Miejsce odbioru:<\/strong>&nbsp;Bezp\u0142atnie<\/li>\n\n\n\n<li><strong>Dostawa do domu:<\/strong>&nbsp;\u20ac4<\/li>\n<\/ul>\n\n\n\n<p>Ostateczna opcja wysy\u0142ki i data dostawy zostan\u0105 wy\u015bwietlone podczas p\u0142atno\u015bci.<\/p>\n\n\n\n<hr class=\"wp-block-separator has-alpha-channel-opacity\"\/>\n\n\n\n<h3 class=\"wp-block-heading\"><strong>Jakie metody p\u0142atno\u015bci s\u0105 akceptowane?<\/strong><\/h3>\n\n\n\n<p>Mo\u017cesz zap\u0142aci\u0107 za pomoc\u0105:<\/p>\n\n\n\n<ul class=\"wp-block-list\">\n<li>Karta kredytowa lub debetowa<\/li>\n\n\n\n<li>Klarna<\/li>\n\n\n\n<li>Przelew bankowy<\/li>\n<\/ul>\n\n\n\n<p>Wszystkie p\u0142atno\u015bci s\u0105 przetwarzane w bezpieczny spos\u00f3b.<\/p>\n\n\n\n<hr class=\"wp-block-separator has-alpha-channel-opacity\"\/>\n\n\n\n<h3 class=\"wp-block-heading\"><strong>Czy mog\u0119 zwr\u00f3ci\u0107 moje zam\u00f3wienie?<\/strong><\/h3>\n\n\n\n<p>Tak. Zgodnie z przepisami UE dotycz\u0105cymi ochrony konsument\u00f3w, masz prawo do zwrotu zam\u00f3wienia&nbsp;<strong>w ci\u0105gu 14 dni<\/strong>&nbsp;od otrzymania produktu, bez podania przyczyny.<\/p>\n\n\n\n<p>Zwracane produkty musz\u0105 by\u0107 nieu\u017cywane, nieuszkodzone i w oryginalnym opakowaniu. Szczeg\u00f3\u0142owe instrukcje dotycz\u0105ce zwrotu mo\u017cna uzyska\u0107, kontaktuj\u0105c si\u0119 z nami.<\/p>\n\n\n\n<hr class=\"wp-block-separator has-alpha-channel-opacity\"\/>\n\n\n\n<h3 class=\"wp-block-heading\"><strong>Co powinienem zrobi\u0107, je\u015bli m\u00f3j produkt nie dzia\u0142a prawid\u0142owo?<\/strong><\/h3>\n\n\n\n<p>W przypadku jakichkolwiek problem\u00f3w z produktem prosimy o jak najszybszy kontakt. Nasz zesp\u00f3\u0142 pomocy technicznej pomo\u017ce w rozwi\u0105zywaniu problem\u00f3w, wymianie lub zwrocie, je\u015bli zajdzie taka potrzeba.<\/p>\n\n\n\n<hr class=\"wp-block-separator has-alpha-channel-opacity\"\/>\n\n\n\n<h3 class=\"wp-block-heading\"><strong>Jak mog\u0119 si\u0119 z wami skontaktowa\u0107?<\/strong><\/h3>\n\n\n\n<p>Mo\u017cna si\u0119 z nami skontaktowa\u0107 poprzez:<\/p>\n\n\n\n<ul class=\"wp-block-list\">\n<li>E-mail:\u00a0<strong><a href=\"mailto:info@ivanzo.com\">info@ivanzo.com<\/a><\/strong><\/li>\n\n\n\n<li>Telefon:\u00a0<strong><a href=\"tel:421944780345\">+421 944 780 345<\/a><\/strong><\/li>\n<\/ul>\n\n\n\n<p>Nasze godziny dost\u0119pno\u015bci s\u0105 podane na stronie Kontakt.<\/p>\n\n\n\n<hr class=\"wp-block-separator has-alpha-channel-opacity\"\/>\n\n\n\n<h3 class=\"wp-block-heading\"><strong>Gdzie znajduje si\u0119 siedziba firmy?<\/strong><\/h3>\n\n\n\n<p>Nasza siedziba znajduje si\u0119 w&nbsp;<strong>S\u0142owacja<\/strong>&nbsp;i dzia\u0142aj\u0105 pod firm\u0105&nbsp;<strong>Trending Up s. r. o.<\/strong>, oficjalnie zarejestrowana w S\u0105dzie Rejonowym w Preszowie.<\/p>","protected":false},"excerpt":{"rendered":"<p>Are the products original? Yes. All products sold in our store are 100% original and sourced from official and verified distribution channels. We only sell genuine Meta smart glasses. Do you ship across Europe? Yes, we ship to all European Union countries. Availability, delivery method, and estimated delivery date are displayed in the cart and [&hellip;]<\/p>\n","protected":false},"author":1,"featured_media":0,"parent":0,"menu_order":0,"comment_status":"closed","ping_status":"closed","template":"","meta":{"footnotes":""},"class_list":["post-142","page","type-page","status-publish","hentry"],"_hostinger_reach_plugin_has_subscription_block":false,"_hostinger_reach_plugin_is_elementor":false,"_links":{"self":[{"href":"https:\/\/ivanzo.com\/pl\/wp-json\/wp\/v2\/pages\/142","targetHints":{"allow":["GET"]}}],"collection":[{"href":"https:\/\/ivanzo.com\/pl\/wp-json\/wp\/v2\/pages"}],"about":[{"href":"https:\/\/ivanzo.com\/pl\/wp-json\/wp\/v2\/types\/page"}],"author":[{"embeddable":true,"href":"https:\/\/ivanzo.com\/pl\/wp-json\/wp\/v2\/users\/1"}],"replies":[{"embeddable":true,"href":"https:\/\/ivanzo.com\/pl\/wp-json\/wp\/v2\/comments?post=142"}],"version-history":[{"count":2,"href":"https:\/\/ivanzo.com\/pl\/wp-json\/wp\/v2\/pages\/142\/revisions"}],"predecessor-version":[{"id":234,"href":"https:\/\/ivanzo.com\/pl\/wp-json\/wp\/v2\/pages\/142\/revisions\/234"}],"wp:attachment":[{"href":"https:\/\/ivanzo.com\/pl\/wp-json\/wp\/v2\/media?parent=142"}],"curies":[{"name":"wp","href":"https:\/\/api.w.org\/{rel}","templated":true}]}}