{"id":137,"date":"2026-01-01T07:46:33","date_gmt":"2026-01-01T07:46:33","guid":{"rendered":"https:\/\/ivanzo.com\/?page_id=137"},"modified":"2026-01-01T07:47:14","modified_gmt":"2026-01-01T07:47:14","slug":"platnosc-za-wysylke","status":"publish","type":"page","link":"https:\/\/ivanzo.com\/pl\/shipping-payment\/","title":{"rendered":"Wysy\u0142ka i p\u0142atno\u015b\u0107"},"content":{"rendered":"<h3 class=\"wp-block-heading\"><strong>Informacje o wysy\u0142ce<\/strong><\/h3>\n\n\n\n<p>Dostarczamy nasze produkty na terenie ca\u0142ej Europy.<\/p>\n\n\n\n<p>The&nbsp;<strong>Dok\u0142adna data dostawy i metoda wysy\u0142ki<\/strong>&nbsp;b\u0119d\u0105 wy\u015bwietlane bezpo\u015brednio na ekranie&nbsp;<strong>strona produktu<\/strong>, jak r\u00f3wnie\u017c w&nbsp;<strong>Koszyk i p\u0142atno\u015b\u0107<\/strong>&nbsp;przed sfinalizowaniem zam\u00f3wienia.<\/p>\n\n\n\n<h4 class=\"wp-block-heading\"><strong>Opcje i ceny wysy\u0142ki<\/strong><\/h4>\n\n\n\n<ul class=\"wp-block-list\">\n<li><strong>Punkt odbioru<\/strong>: Bezp\u0142atnie<\/li>\n\n\n\n<li><strong>Dostawa do domu (dostawa na adres)<\/strong>: \u20ac4<\/li>\n<\/ul>\n\n\n\n<p>Koszty wysy\u0142ki s\u0105 wyra\u017anie widoczne przed dokonaniem p\u0142atno\u015bci, bez ukrytych op\u0142at.<\/p>\n\n\n\n<hr class=\"wp-block-separator has-alpha-channel-opacity\"\/>\n\n\n\n<h3 class=\"wp-block-heading\"><strong>Metody p\u0142atno\u015bci<\/strong><\/h3>\n\n\n\n<p>Oferujemy kilka bezpiecznych i wygodnych opcji p\u0142atno\u015bci:<\/p>\n\n\n\n<ul class=\"wp-block-list\">\n<li><strong>Karta kredytowa \/ debetowa<\/strong><\/li>\n\n\n\n<li><strong>Klarna<\/strong><\/li>\n\n\n\n<li><strong>Przelew bankowy<\/strong><\/li>\n<\/ul>\n\n\n\n<p>Wszystkie p\u0142atno\u015bci s\u0105 przetwarzane w bezpieczny spos\u00f3b. Zam\u00f3wienie zostanie przygotowane do wysy\u0142ki po pomy\u015blnym potwierdzeniu p\u0142atno\u015bci.<\/p>\n\n\n\n<hr class=\"wp-block-separator has-alpha-channel-opacity\"\/>\n\n\n\n<p>Je\u015bli masz jakiekolwiek pytania dotycz\u0105ce wysy\u0142ki lub p\u0142atno\u015bci, skontaktuj si\u0119 z nami za po\u015brednictwem naszej strony kontaktowej lub poczty elektronicznej.<\/p>","protected":false},"excerpt":{"rendered":"<p>Shipping Information We deliver our products across Europe. The&nbsp;exact delivery date and shipping method&nbsp;will be displayed directly on the&nbsp;product page, as well as in the&nbsp;shopping cart and checkout&nbsp;before completing your order. Shipping Options &amp; Prices Shipping costs are clearly shown before payment, with no hidden fees. Payment Methods We offer several secure and convenient payment [&hellip;]<\/p>\n","protected":false},"author":1,"featured_media":0,"parent":0,"menu_order":0,"comment_status":"closed","ping_status":"closed","template":"","meta":{"footnotes":""},"class_list":["post-137","page","type-page","status-publish","hentry"],"_hostinger_reach_plugin_has_subscription_block":false,"_hostinger_reach_plugin_is_elementor":false,"_links":{"self":[{"href":"https:\/\/ivanzo.com\/pl\/wp-json\/wp\/v2\/pages\/137","targetHints":{"allow":["GET"]}}],"collection":[{"href":"https:\/\/ivanzo.com\/pl\/wp-json\/wp\/v2\/pages"}],"about":[{"href":"https:\/\/ivanzo.com\/pl\/wp-json\/wp\/v2\/types\/page"}],"author":[{"embeddable":true,"href":"https:\/\/ivanzo.com\/pl\/wp-json\/wp\/v2\/users\/1"}],"replies":[{"embeddable":true,"href":"https:\/\/ivanzo.com\/pl\/wp-json\/wp\/v2\/comments?post=137"}],"version-history":[{"count":3,"href":"https:\/\/ivanzo.com\/pl\/wp-json\/wp\/v2\/pages\/137\/revisions"}],"predecessor-version":[{"id":140,"href":"https:\/\/ivanzo.com\/pl\/wp-json\/wp\/v2\/pages\/137\/revisions\/140"}],"wp:attachment":[{"href":"https:\/\/ivanzo.com\/pl\/wp-json\/wp\/v2\/media?parent=137"}],"curies":[{"name":"wp","href":"https:\/\/api.w.org\/{rel}","templated":true}]}}