{"id":135,"date":"2025-12-31T16:00:44","date_gmt":"2025-12-31T16:00:44","guid":{"rendered":"https:\/\/ivanzo.com\/?page_id=135"},"modified":"2026-01-01T10:15:27","modified_gmt":"2026-01-01T10:15:27","slug":"kontakt","status":"publish","type":"page","link":"https:\/\/ivanzo.com\/pl\/contact\/","title":{"rendered":"Kontakt"},"content":{"rendered":"<p>Masz pytanie dotycz\u0105ce naszych produkt\u00f3w, zam\u00f3wienia lub potrzebujesz wsparcia?<\/p>\n\n\n\n<p>Zapraszamy do kontaktu - ch\u0119tnie pomo\u017cemy.<\/p>\n\n\n\n<h3 class=\"wp-block-heading\"><strong>Obs\u0142uga klienta<\/strong><\/h3>\n\n\n\n<p><strong>E-mail:<\/strong>\u00a0<a href=\"mailto:info@ivanzo.com\">info@ivanzo.com<\/a><\/p>\n\n\n\n<p><strong>Telefon:<\/strong>\u00a0<a href=\"tel:421944780345\">+421 944 780 345<\/a><\/p>\n\n\n\n<p><strong>Dost\u0119pno\u015b\u0107:<\/strong><\/p>\n\n\n\n<p>Poniedzia\u0142ek - pi\u0105tek, 9:00 - 17:00 (CET)<\/p>\n\n\n\n<p>Zwykle odpowiadamy w ci\u0105gu jednego dnia roboczego.<\/p>\n\n\n\n<p>Je\u015bli co\u015b nie dzia\u0142a zgodnie z oczekiwaniami, po prostu skontaktuj si\u0119 z nami, a my si\u0119 tym zajmiemy.<\/p>\n\n\n\n<hr class=\"wp-block-separator has-alpha-channel-opacity\"\/>\n\n\n\n<h3 class=\"wp-block-heading\"><strong>Szczeg\u00f3\u0142y firmy<\/strong><\/h3>\n\n\n\n<p><strong>Nazwa firmy:<\/strong>&nbsp;Trending Up s. r. o.<\/p>\n\n\n\n<p><strong>Zarejestrowany adres:<\/strong><\/p>\n\n\n\n<p>\u0160ari\u0161sk\u00fd \u0160tiavnik 13<\/p>\n\n\n\n<p>090 42 \u0160ari\u0161sk\u00fd \u0160tiavnik<\/p>\n\n\n\n<p>Republika S\u0142owacka<\/p>\n\n\n\n<p><strong>Identyfikator firmy (I\u010cO):<\/strong>&nbsp;56383771<\/p>\n\n\n\n<p><strong>Identyfikator podatkowy (DI\u010c):<\/strong>&nbsp;2122289125<\/p>\n\n\n\n<p><strong>IDENTYFIKATOR VAT:<\/strong>&nbsp;SK2122289125<\/p>\n\n\n\n<hr class=\"wp-block-separator has-alpha-channel-opacity\"\/>\n\n\n\n<h3 class=\"wp-block-heading\"><strong>Informacje prawne<\/strong><\/h3>\n\n\n\n<p>Sp\u00f3\u0142ka jest zarejestrowana w Rejestrze Handlowym S\u0105du Rejonowego w Preszowie,<\/p>\n\n\n\n<p>Sekcja: Sro, plik nr: 48226\/P<\/p>","protected":false},"excerpt":{"rendered":"<p>Have a question about our products, your order, or need support? Feel free to contact us \u2014 we\u2019ll be happy to help. Customer Support Email:\u00a0info@ivanzo.com Phone:\u00a0+421 944 780 345 Availability: Monday \u2013 Friday, 9:00 \u2013 17:00 (CET) We usually respond within one business day. If anything doesn\u2019t work as expected, simply contact us and we [&hellip;]<\/p>\n","protected":false},"author":1,"featured_media":0,"parent":0,"menu_order":0,"comment_status":"closed","ping_status":"closed","template":"","meta":{"footnotes":""},"class_list":["post-135","page","type-page","status-publish","hentry"],"_hostinger_reach_plugin_has_subscription_block":false,"_hostinger_reach_plugin_is_elementor":false,"_links":{"self":[{"href":"https:\/\/ivanzo.com\/pl\/wp-json\/wp\/v2\/pages\/135","targetHints":{"allow":["GET"]}}],"collection":[{"href":"https:\/\/ivanzo.com\/pl\/wp-json\/wp\/v2\/pages"}],"about":[{"href":"https:\/\/ivanzo.com\/pl\/wp-json\/wp\/v2\/types\/page"}],"author":[{"embeddable":true,"href":"https:\/\/ivanzo.com\/pl\/wp-json\/wp\/v2\/users\/1"}],"replies":[{"embeddable":true,"href":"https:\/\/ivanzo.com\/pl\/wp-json\/wp\/v2\/comments?post=135"}],"version-history":[{"count":2,"href":"https:\/\/ivanzo.com\/pl\/wp-json\/wp\/v2\/pages\/135\/revisions"}],"predecessor-version":[{"id":218,"href":"https:\/\/ivanzo.com\/pl\/wp-json\/wp\/v2\/pages\/135\/revisions\/218"}],"wp:attachment":[{"href":"https:\/\/ivanzo.com\/pl\/wp-json\/wp\/v2\/media?parent=135"}],"curies":[{"name":"wp","href":"https:\/\/api.w.org\/{rel}","templated":true}]}}