{"id":133,"date":"2025-12-31T04:43:46","date_gmt":"2025-12-31T04:43:46","guid":{"rendered":"https:\/\/ivanzo.com\/?page_id=133"},"modified":"2026-01-01T07:48:41","modified_gmt":"2026-01-01T07:48:41","slug":"o-nas","status":"publish","type":"page","link":"https:\/\/ivanzo.com\/pl\/about-us\/","title":{"rendered":"O nas"},"content":{"rendered":"<p>Jeste\u015bmy s\u0142owackim sklepem internetowym skupiaj\u0105cym si\u0119 na dostarczaniu&nbsp;<strong>Inteligentne okulary oparte na sztucznej inteligencji<\/strong>&nbsp;klientom w ca\u0142ej Europie.<\/p>\n\n\n\n<p>Nasza historia zacz\u0119\u0142a si\u0119 od prostej frustracji:&nbsp;<strong>produkty te nie by\u0142y dost\u0119pne nigdzie w naszym kraju<\/strong>. Podczas gdy innowacyjne okulary AI, takie jak&nbsp;<strong>Ray-Ban Meta<\/strong>,&nbsp;<strong>Oakley Meta Vanguard<\/strong>,&nbsp;<strong>Oakley Meta HSTN<\/strong>, oraz&nbsp;<strong>Wy\u015bwietlacz Meta Ray-Ban<\/strong>&nbsp;ju\u017c kszta\u0142towa\u0142y przysz\u0142o\u015b\u0107 za granic\u0105, klienci na S\u0142owacji nie mieli do nich dost\u0119pu. Postanowili\u015bmy to zmieni\u0107.<\/p>\n\n\n\n<p>Za\u0142o\u017cona przez entuzjast\u0119 technologii i dzia\u0142aj\u0105ca pod&nbsp;<strong>Trending Up s. r. o.<\/strong>, Nasz\u0105 misj\u0105 jest udost\u0119pnienie najnowocze\u015bniejszej sztucznej inteligencji do noszenia w krajach, w kt\u00f3rych trudno j\u0105 znale\u017a\u0107.<\/p>\n\n\n\n<p>Sprzedajemy&nbsp;<strong>Tylko oryginalne produkty 100%<\/strong>, pochodz\u0105ce od zaufanych partner\u00f3w. Ka\u017cdy produkt jest starannie wybierany ze wzgl\u0119du na jego konstrukcj\u0119, wydajno\u015b\u0107 i u\u017cyteczno\u015b\u0107 w \u015bwiecie rzeczywistym. Wierzymy, \u017ce inteligentne okulary to co\u015b wi\u0119cej ni\u017c gad\u017cet - to naturalne rozszerzenie sposobu, w jaki ludzie \u0142\u0105cz\u0105 si\u0119, tworz\u0105 i do\u015bwiadczaj\u0105 technologii.<\/p>\n\n\n\n<p>Nasze produkty s\u0105 przeznaczone dla&nbsp;<strong>tw\u00f3rcy, sportowcy, entuzja\u015bci technologii i zwykli u\u017cytkownicy<\/strong>&nbsp;kt\u00f3rzy chc\u0105 uchwyci\u0107 chwile bez u\u017cycia r\u0105k, pozosta\u0107 w kontakcie w podr\u00f3\u017cy i pozna\u0107 przysz\u0142o\u015b\u0107 urz\u0105dze\u0144 do noszenia ze sztuczn\u0105 inteligencj\u0105.<\/p>\n\n\n\n<p>Zapewniamy niezawodn\u0105 wysy\u0142k\u0119 na terenie ca\u0142ej Europy i stoimy za tym, co sprzedajemy.&nbsp;<strong>Je\u015bli co\u015b nie dzia\u0142a zgodnie z oczekiwaniami, klienci mog\u0105 po prostu skontaktowa\u0107 si\u0119 z nami, a my si\u0119 tym zajmiemy.<\/strong><\/p>\n\n\n\n<p>Od S\u0142owacji po ca\u0142\u0105 Europ\u0119 -&nbsp;<strong>Przysz\u0142o\u015b\u0107 inteligentnego widzenia zaczyna si\u0119 tutaj<\/strong>.<\/p>","protected":false},"excerpt":{"rendered":"<p>We are a Slovakia-based online store focused on bringing&nbsp;AI-powered smart glasses&nbsp;to customers across Europe. Our story began with a simple frustration:&nbsp;these products were not available anywhere in our country. While innovative AI glasses such as&nbsp;Ray-Ban Meta,&nbsp;Oakley Meta Vanguard,&nbsp;Oakley Meta HSTN, and&nbsp;Meta Ray-Ban Display&nbsp;were already shaping the future abroad, customers in Slovakia had no access to [&hellip;]<\/p>\n","protected":false},"author":1,"featured_media":0,"parent":0,"menu_order":0,"comment_status":"closed","ping_status":"closed","template":"","meta":{"footnotes":""},"class_list":["post-133","page","type-page","status-publish","hentry"],"_hostinger_reach_plugin_has_subscription_block":false,"_hostinger_reach_plugin_is_elementor":false,"_links":{"self":[{"href":"https:\/\/ivanzo.com\/pl\/wp-json\/wp\/v2\/pages\/133","targetHints":{"allow":["GET"]}}],"collection":[{"href":"https:\/\/ivanzo.com\/pl\/wp-json\/wp\/v2\/pages"}],"about":[{"href":"https:\/\/ivanzo.com\/pl\/wp-json\/wp\/v2\/types\/page"}],"author":[{"embeddable":true,"href":"https:\/\/ivanzo.com\/pl\/wp-json\/wp\/v2\/users\/1"}],"replies":[{"embeddable":true,"href":"https:\/\/ivanzo.com\/pl\/wp-json\/wp\/v2\/comments?post=133"}],"version-history":[{"count":2,"href":"https:\/\/ivanzo.com\/pl\/wp-json\/wp\/v2\/pages\/133\/revisions"}],"predecessor-version":[{"id":141,"href":"https:\/\/ivanzo.com\/pl\/wp-json\/wp\/v2\/pages\/133\/revisions\/141"}],"wp:attachment":[{"href":"https:\/\/ivanzo.com\/pl\/wp-json\/wp\/v2\/media?parent=133"}],"curies":[{"name":"wp","href":"https:\/\/api.w.org\/{rel}","templated":true}]}}