{"id":378,"date":"2026-01-11T17:27:43","date_gmt":"2026-01-11T17:27:43","guid":{"rendered":"https:\/\/ivanzo.com\/?post_type=product&#038;p=378"},"modified":"2026-01-12T07:56:53","modified_gmt":"2026-01-12T07:56:53","slug":"ray-ban-meta-skyler-fenyes-fekete-zold-gen-2","status":"publish","type":"product","link":"https:\/\/ivanzo.com\/hu\/product\/ray-ban-meta-skyler-shiny-black-green-gen-2\/","title":{"rendered":"Ray-Ban Meta Skyler (Gen 2) f\u00e9nyes fekete AI szem\u00fcveg z\u00f6ld lencs\u00e9kkel"},"content":{"rendered":"<div class=\"xeuugli x2lwn1j xl49iz1 xx9i6jc xl0nj6t x78zum5 x1dn74xm x4a20bl xtatjob x79b4n4 x15p7v3w x1or4hh0 xhr6100 x13fuv20 x18b5jzi x1q0q8m5 x1t7ytsu x972fbf x10w94by x1qhh985 x14e42zd\">\n<div class=\"xeuugli x2lwn1j x78zum5 xig2svb x18vy5xy xlluq36 x17fa7br x1m967cu x15n2tc2 x79b4n4 x15p7v3w x1or4hh0 xhr6100 x13fuv20 x18b5jzi x1q0q8m5 x1t7ytsu x972fbf x10w94by x1qhh985 x14e42zd\">\n<div class=\"x193iq5w xh8yej3 x9f619 xdl72j9 x1c4vz4f x2lah0s x10rn61k xu9dp86 x1a9upw4 x1wx46er x9i2r8e x15dkgw3 x174qce6 x1reuy37 x1yhw3ld xwy3nlu xpu8j0z xfzd5jt\">\n<div class=\"ma-wd_739px xeuugli x2lwn1j x78zum5 xig2svb x18vy5xy xlluq36 x79b4n4 x15p7v3w x1or4hh0 xhr6100 x13fuv20 x18b5jzi x1q0q8m5 x1t7ytsu x972fbf x10w94by x1qhh985 x14e42zd\">\n<div class=\"xeuugli x2lwn1j x78zum5 xig2svb x18vy5xy xlluq36 xwy3nlu xvaqop8 x1ovcrgv x79b4n4 x15p7v3w x1or4hh0 xhr6100 x13fuv20 x18b5jzi x1q0q8m5 x1t7ytsu x972fbf x10w94by x1qhh985 x14e42zd\">\n<div class=\"x193iq5w xh8yej3 x9f619 xdl72j9 x1c4vz4f x2lah0s x10rn61k xu9dp86 x1a9upw4 x1wx46er x9i2r8e x15dkgw3 x174qce6 x1reuy37 x1yhw3ld xwy3nlu xpu8j0z xfzd5jt\">\n<div class=\"ma-wd_739px xeuugli x2lwn1j x78zum5 xig2svb x18vy5xy xlluq36 x79b4n4 x15p7v3w x1or4hh0 xhr6100 x13fuv20 x18b5jzi x1q0q8m5 x1t7ytsu x972fbf x10w94by x1qhh985 x14e42zd\">\n<div class=\"xeuugli x2lwn1j x78zum5 xig2svb x18vy5xy xlluq36 xwy3nlu xvaqop8 x1ovcrgv x79b4n4 x15p7v3w x1or4hh0 xhr6100 x13fuv20 x18b5jzi x1q0q8m5 x1t7ytsu x972fbf x10w94by x1qhh985 x14e42zd\">\n<div><span class=\"xbks1sj x17gzxuv x3a6nna xm5vtmc x1t2x7uc x1o1n6r0 x1wsgf3v x1c773n9 x1k03ns3 xpbi8i2 x9820fh x1npfmwo xhj0du5 xrm2kyc xjprkx4 xlu1awn x12429cg x6tc29j xbq7h4v x6jdkww xq9mrsl\">Ez a p\u00e1r f\u00e9nyes fekete kerettel rendelkezik, z\u00f6ld napszem\u00fcveggel, belt\u00e9ri \/ k\u00fclt\u00e9ri haszn\u00e1latra, 100% UVA \u00e9s UVB v\u00e9delemmel.<\/span><\/div>\n<\/div>\n<\/div>\n<\/div>\n<\/div>\n<\/div>\n<\/div>\n<ul>\n<li><b class=\"\">3K Ultra HD<\/b> a legnagyobb felbont\u00e1s\u00fa vide\u00f3hoz<\/li>\n<li><b class=\"\">Ak\u00e1r 8 \u00f3r\u00e1s akkumul\u00e1tor-\u00fczemid\u0151<\/b>, tov\u00e1bbi 48 \u00f3r\u00e1n \u00e1t, teljesen felt\u00f6lt\u00f6tt tokkal. R\u00e9szletek itt<\/li>\n<li><b class=\"\">Receptk\u00f6teles<\/b> sz\u00e1mos lencset\u00edpus k\u00f6z\u00fcl v\u00e1laszthat. Tudjon meg t\u00f6bbet<\/li>\n<li><b class=\"\">12 MP ultrasz\u00e9les kamera<\/b> HD fot\u00f3khoz \u00e9s vide\u00f3khoz<\/li>\n<li><b class=\"\">Diszkr\u00e9t nyitott f\u00fcl\u0171 hangsz\u00f3r\u00f3k<\/b> \u00e9s egyedi 5 mikrofonos t\u00f6mb<\/li>\n<li><b class=\"\">32 GB flash t\u00e1rol\u00f3<\/b> (1,000+ fot\u00f3, 100+ 30-as vide\u00f3k)<\/li>\n<\/ul>\n<h3 class=\"x16g9bbj xobpncf xjliv6m x1yxlzaz xsp84uj x1uc5f31 xxgyeuj x166pohu xakorsv xcxolhg xwczod1 x13mtej6 xjlskvi x1hhp1i x1i6xp69 xr4g9wi x12429cg x6tc29j xbq7h4v x6jdkww xq9mrsl x1a2a7pz\">Meta AI<\/h3>\n<\/div>\n<\/div>\n<div class=\"mma-wd767px_ma-wd_100 mmi-wd768pxandma-wd1024px_ma-wd_352px mmi-wd1025px_ma-wd_352px xeuugli x2lwn1j x78zum5 xig2svb x18vy5xy xlluq36 xwy3nlu xpu8j0z xfzd5jt x79b4n4 x15p7v3w x1or4hh0 xhr6100 x13fuv20 x18b5jzi x1q0q8m5 x1t7ytsu x972fbf x10w94by x1qhh985 x14e42zd\">\n<div class=\"mg-b_12px xeuugli x2lwn1j x78zum5 xig2svb x18vy5xy xlluq36 x79b4n4 x15p7v3w x1or4hh0 xhr6100 x13fuv20 x18b5jzi x1q0q8m5 x1t7ytsu x972fbf x10w94by x1qhh985 x14e42zd\"><span class=\"xbks1sj x17gzxuv x3a6nna xm5vtmc x1t2x7uc x1o1n6r0 x1wsgf3v x1c773n9 x1k03ns3 xpbi8i2 x9820fh x1npfmwo xhj0du5 xrm2kyc xjprkx4 xlu1awn x12429cg x6tc29j xbq7h4v x6jdkww xq9mrsl\">Kapjon val\u00f3s idej\u0171 inform\u00e1ci\u00f3kat \u00e9s javaslatokat a Meta AI seg\u00edts\u00e9g\u00e9vel. K\u00e9rdezze meg az AI-szem\u00fcveget a nevezetess\u00e9gekr\u0151l, amelyek mellett elhalad, receptek\u00e9rt \u00fatk\u00f6zben, \u00e9s m\u00e9g arra is eml\u00e9keztetheti, hogy hol parkolt.<\/span><\/div>\n<div>\n<div class=\"xeuugli x2lwn1j x1uttgrm x1dces20 xb4t8oj x78zum5 x1dn74xm x4a20bl xtatjob xwy3nlu x102t0zd x1gw87hn x79b4n4 x15p7v3w x1or4hh0 xhr6100 x13fuv20 x18b5jzi x1q0q8m5 x1t7ytsu x972fbf x10w94by x1qhh985 x14e42zd\">\n<h3 class=\"x16g9bbj xobpncf xjliv6m x1yxlzaz xsp84uj x1uc5f31 xxgyeuj x166pohu xakorsv xcxolhg xwczod1 x13mtej6 xjlskvi x1hhp1i x1i6xp69 xr4g9wi x12429cg x6tc29j xbq7h4v x6jdkww xq9mrsl x1a2a7pz\">Capture<\/h3>\n<\/div>\n<div class=\"xeuugli x2lwn1j x78zum5 xig2svb x18vy5xy xlluq36 xwy3nlu xpu8j0z xfzd5jt x79b4n4 x15p7v3w x1or4hh0 xhr6100 x13fuv20 x18b5jzi x1q0q8m5 x1t7ytsu x972fbf x10w94by x1qhh985 x14e42zd\"><span class=\"xbks1sj x17gzxuv x3a6nna xm5vtmc x1t2x7uc x1o1n6r0 x1wsgf3v x1c773n9 x1k03ns3 xpbi8i2 x9820fh x1npfmwo xhj0du5 xrm2kyc xjprkx4 xlu1awn x12429cg x6tc29j xbq7h4v x6jdkww xq9mrsl\">A vide\u00f3k r\u00f6gz\u00edt\u00e9se 3K Ultra HD felbont\u00e1sban a legnagyobb felbont\u00e1s \u00e9rdek\u00e9ben. R\u00f6gz\u00edtse a pillanatokat \u00e9lesebb r\u00e9szletess\u00e9ggel, mint a Gen 1 szem\u00fcveggel, \u00e9s \u00e9lje \u00e1t \u00fajra az eml\u00e9keket nagy vagy kicsi k\u00e9perny\u0151k\u00f6n.<\/span><\/div>\n<div>\n<div class=\"xeuugli x2lwn1j x1uttgrm x1dces20 xb4t8oj x78zum5 x1dn74xm x4a20bl xtatjob xwy3nlu x102t0zd x1gw87hn x79b4n4 x15p7v3w x1or4hh0 xhr6100 x13fuv20 x18b5jzi x1q0q8m5 x1t7ytsu x972fbf x10w94by x1qhh985 x14e42zd\">\n<h3 class=\"x16g9bbj xobpncf xjliv6m x1yxlzaz xsp84uj x1uc5f31 xxgyeuj x166pohu xakorsv xcxolhg xwczod1 x13mtej6 xjlskvi x1hhp1i x1i6xp69 xr4g9wi x12429cg x6tc29j xbq7h4v x6jdkww xq9mrsl x1a2a7pz\">Akkumul\u00e1tor<\/h3>\n<\/div>\n<div class=\"xeuugli x2lwn1j x78zum5 xig2svb x18vy5xy xlluq36 xwy3nlu xpu8j0z xfzd5jt x79b4n4 x15p7v3w x1or4hh0 xhr6100 x13fuv20 x18b5jzi x1q0q8m5 x1t7ytsu x972fbf x10w94by x1qhh985 x14e42zd\"><span class=\"xbks1sj x17gzxuv x3a6nna xm5vtmc x1t2x7uc x1o1n6r0 x1wsgf3v x1c773n9 x1k03ns3 xpbi8i2 x9820fh x1npfmwo xhj0du5 xrm2kyc xjprkx4 xlu1awn x12429cg x6tc29j xbq7h4v x6jdkww xq9mrsl\">T\u00f6lts\u00f6n t\u00f6bb id\u0151t \u00e9lettel \u00e9s kevesebb id\u0151t t\u00f6lt\u00e9ssel, mint a Gen 1 szem\u00fcveggel. \u00c9lvezze az akkumul\u00e1tor ak\u00e1r 8 \u00f3r\u00e1s \u00fczemidej\u00e9t, plusz tov\u00e1bbi 48 \u00f3r\u00e1t a t\u00f6lt\u0151tokkal. Az 50% mind\u00f6ssze 20 perc alatt felt\u00f6lthet\u0151.<\/span><\/div>\n<div>\n<div class=\"xeuugli x2lwn1j x1uttgrm x1dces20 xb4t8oj x78zum5 x1dn74xm x4a20bl xtatjob xwy3nlu x102t0zd x1gw87hn x79b4n4 x15p7v3w x1or4hh0 xhr6100 x13fuv20 x18b5jzi x1q0q8m5 x1t7ytsu x972fbf x10w94by x1qhh985 x14e42zd\">\n<h3 class=\"x16g9bbj xobpncf xjliv6m x1yxlzaz xsp84uj x1uc5f31 xxgyeuj x166pohu xakorsv xcxolhg xwczod1 x13mtej6 xjlskvi x1hhp1i x1i6xp69 xr4g9wi x12429cg x6tc29j xbq7h4v x6jdkww xq9mrsl x1a2a7pz\">Hallgassa meg<\/h3>\n<\/div>\n<div class=\"xeuugli x2lwn1j x78zum5 xig2svb x18vy5xy xlluq36 xwy3nlu xpu8j0z xfzd5jt x79b4n4 x15p7v3w x1or4hh0 xhr6100 x13fuv20 x18b5jzi x1q0q8m5 x1t7ytsu x972fbf x10w94by x1qhh985 x14e42zd\"><span class=\"xbks1sj x17gzxuv x3a6nna xm5vtmc x1t2x7uc x1o1n6r0 x1wsgf3v x1c773n9 x1k03ns3 xpbi8i2 x9820fh x1npfmwo xhj0du5 xrm2kyc xjprkx4 xlu1awn x12429cg x6tc29j xbq7h4v x6jdkww xq9mrsl\">A szem\u00fcveg karjaiba \u00e9p\u00edtett, Bluetooth-csatlakoztat\u00e1s\u00fa hangsz\u00f3r\u00f3k csak \u00d6n \u00e1ltal hallhat\u00f3 hangot biztos\u00edtanak, m\u00edg az 5 be\u00e9p\u00edtett mikrofon \u00e9les hangot vesz fel a telefonh\u00edv\u00e1sokhoz.<\/span><\/div>\n<div>\n<div class=\"xeuugli x2lwn1j x1uttgrm x1dces20 xb4t8oj x78zum5 x1dn74xm x4a20bl xtatjob xwy3nlu x102t0zd x1gw87hn x79b4n4 x15p7v3w x1or4hh0 xhr6100 x13fuv20 x18b5jzi x1q0q8m5 x1t7ytsu x972fbf x10w94by x1qhh985 x14e42zd\">\n<h3 class=\"x16g9bbj xobpncf xjliv6m x1yxlzaz xsp84uj x1uc5f31 xxgyeuj x166pohu xakorsv xcxolhg xwczod1 x13mtej6 xjlskvi x1hhp1i x1i6xp69 xr4g9wi x12429cg x6tc29j xbq7h4v x6jdkww xq9mrsl x1a2a7pz\">Kihangos\u00edtott kommunik\u00e1ci\u00f3<\/h3>\n<\/div>\n<div class=\"xeuugli x2lwn1j x78zum5 xig2svb x18vy5xy xlluq36 xwy3nlu xpu8j0z xfzd5jt x79b4n4 x15p7v3w x1or4hh0 xhr6100 x13fuv20 x18b5jzi x1q0q8m5 x1t7ytsu x972fbf x10w94by x1qhh985 x14e42zd\"><span class=\"xbks1sj x17gzxuv x3a6nna xm5vtmc x1t2x7uc x1o1n6r0 x1wsgf3v x1c773n9 x1k03ns3 xpbi8i2 x9820fh x1npfmwo xhj0du5 xrm2kyc xjprkx4 xlu1awn x12429cg x6tc29j xbq7h4v x6jdkww xq9mrsl\">Videoh\u00edv\u00e1sokat fogadhat, sz\u00f6veges vagy hang\u00fczeneteket k\u00fcldhet \u00e9s telefon\u00e1lhat - mindezt kihangos\u00edtva. A 90% h\u00e1tt\u00e9rzaj blokkol\u00e1s\u00e1val a h\u00edv\u00e1sok sor\u00e1n a lehet\u0151 legjobban sz\u00f3lalhat meg.<\/span><\/div>\n<div>\n<div class=\"xeuugli x2lwn1j x1uttgrm x1dces20 xb4t8oj x78zum5 x1dn74xm x4a20bl xtatjob xwy3nlu x102t0zd x1gw87hn x79b4n4 x15p7v3w x1or4hh0 xhr6100 x13fuv20 x18b5jzi x1q0q8m5 x1t7ytsu x972fbf x10w94by x1qhh985 x14e42zd\">\n<h3 class=\"x16g9bbj xobpncf xjliv6m x1yxlzaz xsp84uj x1uc5f31 xxgyeuj x166pohu xakorsv xcxolhg xwczod1 x13mtej6 xjlskvi x1hhp1i x1i6xp69 xr4g9wi x12429cg x6tc29j xbq7h4v x6jdkww xq9mrsl x1a2a7pz\">Ford\u00edtsd le<\/h3>\n<\/div>\n<div class=\"xeuugli x2lwn1j x78zum5 xig2svb x18vy5xy xlluq36 xwy3nlu xpu8j0z xfzd5jt x79b4n4 x15p7v3w x1or4hh0 xhr6100 x13fuv20 x18b5jzi x1q0q8m5 x1t7ytsu x972fbf x10w94by x1qhh985 x14e42zd\"><span class=\"xbks1sj x17gzxuv x3a6nna xm5vtmc x1t2x7uc x1o1n6r0 x1wsgf3v x1c773n9 x1k03ns3 xpbi8i2 x9820fh x1npfmwo xhj0du5 xrm2kyc xjprkx4 xlu1awn x12429cg x6tc29j xbq7h4v x6jdkww xq9mrsl\">Fedezzen fel z\u00f6kken\u0151mentesen \u00faj orsz\u00e1gokat \u00e9s teremtsen \u00faj kapcsolatokat. Besz\u00e9lgessen val\u00f3s id\u0151ben angol, francia, olasz, spanyol, n\u00e9met \u00e9s portug\u00e1l (Braz\u00edlia) nyelven.<\/span><\/div>\n<div>\n<div class=\"xeuugli x2lwn1j xl49iz1 xx9i6jc xl0nj6t x78zum5 x1dn74xm x4a20bl xtatjob xwy3nlu x102t0zd x1gw87hn x79b4n4 x15p7v3w x1or4hh0 xhr6100 x13fuv20 x18b5jzi x1q0q8m5 x1t7ytsu x972fbf x10w94by x1qhh985 x14e42zd\">\n<h3 class=\"x16g9bbj xobpncf xjliv6m x1yxlzaz xsp84uj x1uc5f31 xxgyeuj x166pohu xakorsv xcxolhg xwczod1 x13mtej6 xjlskvi x1hhp1i x1i6xp69 xr4g9wi x12429cg x6tc29j xbq7h4v x6jdkww xq9mrsl x1a2a7pz\">Meta AI alkalmaz\u00e1s<\/h3>\n<\/div>\n<div class=\"xeuugli x2lwn1j x78zum5 xig2svb x18vy5xy xlluq36 xwy3nlu xpu8j0z xfzd5jt x79b4n4 x15p7v3w x1or4hh0 xhr6100 x13fuv20 x18b5jzi x1q0q8m5 x1t7ytsu x972fbf x10w94by x1qhh985 x14e42zd\"><span class=\"xbks1sj x17gzxuv x3a6nna xm5vtmc x1t2x7uc x1o1n6r0 x1wsgf3v x1c773n9 x1k03ns3 xpbi8i2 x9820fh x1npfmwo xhj0du5 xrm2kyc xjprkx4 xlu1awn x12429cg x6tc29j xbq7h4v x6jdkww xq9mrsl\">Kezelheti Ray-Ban Meta szem\u00fcveg\u00e9t \u00e9s testreszabhatja a be\u00e1ll\u00edt\u00e1sokat, import\u00e1lhat \u00e9s oszthat meg f\u00e9nyk\u00e9peket, valamint interakci\u00f3ba l\u00e9phet a Meta AI asszisztenssel mind a szem\u00fcveg\u00e9n, mind az alkalmaz\u00e1son. Ismerje meg az \u00faj funkci\u00f3kat, \u00e9s n\u00e9zze meg, hogy m\u00e1sok hogyan hozz\u00e1k ki a legt\u00f6bbet a <span class=\"x1rg5ohu xdnwjd9\">Meta AI<\/span>.<\/span><\/div>\n<\/div>\n<\/div>\n<\/div>\n<\/div>\n<\/div>\n<\/div>\n<\/div>","protected":false},"excerpt":{"rendered":"<div class=\"x193iq5w xh8yej3 x9f619 xdl72j9 x1c4vz4f x2lah0s x10rn61k xu9dp86 x1a9upw4 x1wx46er x9i2r8e x15dkgw3 x174qce6 x1reuy37 x1yhw3ld xwy3nlu xpu8j0z xfzd5jt\">\n<div class=\"ma-wd_739px xeuugli x2lwn1j x78zum5 xig2svb x18vy5xy xlluq36 x79b4n4 x15p7v3w x1or4hh0 xhr6100 x13fuv20 x18b5jzi x1q0q8m5 x1t7ytsu x972fbf x10w94by x1qhh985 x14e42zd\">\n<div class=\"xeuugli x2lwn1j x78zum5 xig2svb x18vy5xy xlluq36 xwy3nlu xvaqop8 x1ovcrgv x79b4n4 x15p7v3w x1or4hh0 xhr6100 x13fuv20 x18b5jzi x1q0q8m5 x1t7ytsu x972fbf x10w94by x1qhh985 x14e42zd\"><span class=\"xbks1sj x17gzxuv x3a6nna xm5vtmc x1t2x7uc x1o1n6r0 x1wsgf3v x1c773n9 x1k03ns3 xpbi8i2 x9820fh x1npfmwo xhj0du5 xrm2kyc xjprkx4 xlu1awn x12429cg x6tc29j xbq7h4v x6jdkww xq9mrsl\">Ez a szem\u00fcveg a jet-set hangulatot \u00e9s a Meta AI-t \u00f6tv\u00f6zi. Reag\u00e1lj arra, amit l\u00e1tsz, k\u00e9sz\u00edts k\u00e9peket \u00e9s vide\u00f3kat, hallgass \u00fatk\u00f6zben, telefon\u00e1lj \u00e9s k\u00fcldj \u00fczeneteket an\u00e9lk\u00fcl, hogy a telefonodhoz \u00e9rn\u00e9l.<\/span><\/div>\n<\/div>\n<\/div>","protected":false},"featured_media":380,"comment_status":"open","ping_status":"closed","template":"","meta":[],"product_brand":[26],"product_cat":[15,93,95],"product_tag":[64],"class_list":{"0":"post-378","1":"product","2":"type-product","3":"status-publish","4":"has-post-thumbnail","6":"product_brand-ray-ban-meta","7":"product_cat-ai-glasses","8":"product_cat-ray-ban-meta","9":"product_cat-skyler-gen-2","10":"product_tag-gen-2","12":"first","13":"instock","14":"sold-individually","15":"shipping-taxable","16":"purchasable","17":"product-type-variable","18":"has-default-attributes"},"_links":{"self":[{"href":"https:\/\/ivanzo.com\/hu\/wp-json\/wp\/v2\/product\/378","targetHints":{"allow":["GET"]}}],"collection":[{"href":"https:\/\/ivanzo.com\/hu\/wp-json\/wp\/v2\/product"}],"about":[{"href":"https:\/\/ivanzo.com\/hu\/wp-json\/wp\/v2\/types\/product"}],"replies":[{"embeddable":true,"href":"https:\/\/ivanzo.com\/hu\/wp-json\/wp\/v2\/comments?post=378"}],"wp:featuredmedia":[{"embeddable":true,"href":"https:\/\/ivanzo.com\/hu\/wp-json\/wp\/v2\/media\/380"}],"wp:attachment":[{"href":"https:\/\/ivanzo.com\/hu\/wp-json\/wp\/v2\/media?parent=378"}],"wp:term":[{"taxonomy":"product_brand","embeddable":true,"href":"https:\/\/ivanzo.com\/hu\/wp-json\/wp\/v2\/product_brand?post=378"},{"taxonomy":"product_cat","embeddable":true,"href":"https:\/\/ivanzo.com\/hu\/wp-json\/wp\/v2\/product_cat?post=378"},{"taxonomy":"product_tag","embeddable":true,"href":"https:\/\/ivanzo.com\/hu\/wp-json\/wp\/v2\/product_tag?post=378"}],"curies":[{"name":"wp","href":"https:\/\/api.w.org\/{rel}","templated":true}]}}