{"id":336,"date":"2026-01-10T08:04:04","date_gmt":"2026-01-10T08:04:04","guid":{"rendered":"https:\/\/ivanzo.com\/?page_id=336"},"modified":"2026-01-10T08:04:05","modified_gmt":"2026-01-10T08:04:05","slug":"gyakran-ismetelt-kerdesek-wayfarer-gen-2","status":"publish","type":"page","link":"https:\/\/ivanzo.com\/hu\/frequently-asked-questions-wayfarer-gen-2\/","title":{"rendered":"Gyakran ism\u00e9telt k\u00e9rd\u00e9sek Wayfarer (Gen 2)"},"content":{"rendered":"<div data-wp-context=\"{ &quot;autoclose&quot;: false, &quot;accordionItems&quot;: [] }\" data-wp-interactive=\"core\/accordion\" role=\"group\" class=\"wp-block-accordion is-layout-flow wp-block-accordion-is-layout-flow\">\n<div data-wp-class--is-open=\"state.isOpen\" data-wp-context=\"{ &quot;id&quot;: &quot;accordion-item-1&quot;, &quot;openByDefault&quot;: false }\" data-wp-init=\"callbacks.initAccordionItems\" data-wp-on-window--hashchange=\"callbacks.hashChange\" class=\"wp-block-accordion-item is-layout-flow wp-block-accordion-item-is-layout-flow\">\n<h3 class=\"wp-block-accordion-heading\"><button aria-expanded=\"false\" aria-controls=\"accordion-item-1-panel\" data-wp-bind--aria-expanded=\"state.isOpen\" data-wp-on--click=\"actions.toggle\" data-wp-on--keydown=\"actions.handleKeyDown\" id=\"accordion-item-1\" class=\"wp-block-accordion-heading__toggle\"><span class=\"wp-block-accordion-heading__toggle-title\">Hol v\u00e1s\u00e1rolhatok Ray-Ban Meta szem\u00fcveget (Gen 2)?<\/span><span class=\"wp-block-accordion-heading__toggle-icon\" aria-hidden=\"true\">+<\/span><\/button><\/h3>\n\n\n\n<div inert aria-labelledby=\"accordion-item-1\" data-wp-bind--inert=\"!state.isOpen\" id=\"accordion-item-1-panel\" role=\"region\" class=\"wp-block-accordion-panel is-layout-flow wp-block-accordion-panel-is-layout-flow\">\n<p>A Ray-Ban Meta szem\u00fcvegeket az Egyes\u00fclt \u00c1llamokban, Kanad\u00e1ban, az Egyes\u00fclt Kir\u00e1lys\u00e1gban, Ausztr\u00e1li\u00e1ban, Franciaorsz\u00e1gban, Olaszorsz\u00e1gban, Spanyolorsz\u00e1gban \u00e9s N\u00e9metorsz\u00e1gban a Meta weboldal\u00e1n \u00e9s m\u00e1s hiteles\u00edtett Meta kiskeresked\u0151kn\u00e9l v\u00e1s\u00e1rolhatja meg.&nbsp;<\/p>\n\n\n\n<p>A Ray-Ban.com oldalon, a hivatalos Ray-Ban \u00fczletekben \u00e9s a tan\u00fas\u00edtott Ray-Ban keresked\u0151kn\u00e9l (online \u00e9s az \u00fczletben) is kaphat\u00f3k. Jelenleg az Egyes\u00fclt \u00c1llamokban, Kanad\u00e1ban, az Egyes\u00fclt Kir\u00e1lys\u00e1gban, \u00cdrorsz\u00e1gban, Ausztri\u00e1ban, Belgiumban, Franciaorsz\u00e1gban, Olaszorsz\u00e1gban, Spanyolorsz\u00e1gban, N\u00e9metorsz\u00e1gban, Finnorsz\u00e1gban, Norv\u00e9gi\u00e1ban, D\u00e1ni\u00e1ban, Sv\u00e9dorsz\u00e1gban \u00e9s Ausztr\u00e1li\u00e1ban v\u00e1s\u00e1rolhat\u00f3k meg.<\/p>\n<\/div>\n<\/div>\n<\/div>\n\n\n\n<div data-wp-context=\"{ &quot;autoclose&quot;: false, &quot;accordionItems&quot;: [] }\" data-wp-interactive=\"core\/accordion\" role=\"group\" class=\"wp-block-accordion is-layout-flow wp-block-accordion-is-layout-flow\">\n<div data-wp-class--is-open=\"state.isOpen\" data-wp-context=\"{ &quot;id&quot;: &quot;accordion-item-2&quot;, &quot;openByDefault&quot;: false }\" data-wp-init=\"callbacks.initAccordionItems\" data-wp-on-window--hashchange=\"callbacks.hashChange\" class=\"wp-block-accordion-item is-layout-flow wp-block-accordion-item-is-layout-flow\">\n<h3 class=\"wp-block-accordion-heading\"><button aria-expanded=\"false\" aria-controls=\"accordion-item-2-panel\" data-wp-bind--aria-expanded=\"state.isOpen\" data-wp-on--click=\"actions.toggle\" data-wp-on--keydown=\"actions.handleKeyDown\" id=\"accordion-item-2\" class=\"wp-block-accordion-heading__toggle\"><span class=\"wp-block-accordion-heading__toggle-title\">Miben k\u00fcl\u00f6nb\u00f6zik a Ray-Ban Meta szem\u00fcveg (Gen 2) a Ray-Ban Meta szem\u00fcvegt\u0151l (Gen 1)?<\/span><span class=\"wp-block-accordion-heading__toggle-icon\" aria-hidden=\"true\">+<\/span><\/button><\/h3>\n\n\n\n<div inert aria-labelledby=\"accordion-item-2\" data-wp-bind--inert=\"!state.isOpen\" id=\"accordion-item-2-panel\" role=\"region\" class=\"wp-block-accordion-panel is-layout-flow wp-block-accordion-panel-is-layout-flow\">\n<p>A Ray-Ban Meta (Gen 2) tov\u00e1bbfejlesztett kamer\u00e1val rendelkezik, jobb 3K Ultra HD videofelbont\u00e1ssal \u00e9s ak\u00e1r 8 \u00f3r\u00e1s akkumul\u00e1tor-\u00fczemid\u0151vel egyetlen felt\u00f6lt\u00e9ssel, ami k\u00e9tszerese a Ray-Ban Meta (Gen 1) akkumul\u00e1tor-\u00fczemidej\u00e9nek.<\/p>\n<\/div>\n<\/div>\n<\/div>","protected":false},"excerpt":{"rendered":"","protected":false},"author":1,"featured_media":0,"parent":0,"menu_order":0,"comment_status":"closed","ping_status":"closed","template":"","meta":{"footnotes":""},"class_list":["post-336","page","type-page","status-publish","hentry"],"_hostinger_reach_plugin_has_subscription_block":false,"_hostinger_reach_plugin_is_elementor":false,"_links":{"self":[{"href":"https:\/\/ivanzo.com\/hu\/wp-json\/wp\/v2\/pages\/336","targetHints":{"allow":["GET"]}}],"collection":[{"href":"https:\/\/ivanzo.com\/hu\/wp-json\/wp\/v2\/pages"}],"about":[{"href":"https:\/\/ivanzo.com\/hu\/wp-json\/wp\/v2\/types\/page"}],"author":[{"embeddable":true,"href":"https:\/\/ivanzo.com\/hu\/wp-json\/wp\/v2\/users\/1"}],"replies":[{"embeddable":true,"href":"https:\/\/ivanzo.com\/hu\/wp-json\/wp\/v2\/comments?post=336"}],"version-history":[{"count":2,"href":"https:\/\/ivanzo.com\/hu\/wp-json\/wp\/v2\/pages\/336\/revisions"}],"predecessor-version":[{"id":339,"href":"https:\/\/ivanzo.com\/hu\/wp-json\/wp\/v2\/pages\/336\/revisions\/339"}],"wp:attachment":[{"href":"https:\/\/ivanzo.com\/hu\/wp-json\/wp\/v2\/media?parent=336"}],"curies":[{"name":"wp","href":"https:\/\/api.w.org\/{rel}","templated":true}]}}