{"id":249,"date":"2026-01-03T05:33:43","date_gmt":"2026-01-03T05:33:43","guid":{"rendered":"https:\/\/ivanzo.com\/?page_id=249"},"modified":"2026-02-22T08:10:47","modified_gmt":"2026-02-22T08:10:47","slug":"ivanzo","status":"publish","type":"page","link":"https:\/\/ivanzo.com\/hu\/","title":{"rendered":"AI szem\u00fcveg a k\u00f6nnyed kapcsolat\u00e9rt"},"content":{"rendered":"<p>Fedezze fel a szem\u00fcvegek innov\u00e1ci\u00f3it, amelyek megv\u00e1ltoztatj\u00e1k a l\u00e1t\u00e1sm\u00f3dj\u00e1t \u00e9s a kapcsolatot az \u00d6nt k\u00f6r\u00fclvev\u0151 vil\u00e1ggal.<\/p>\n\n\n\n<div class=\"wp-block-group is-content-justification-space-between is-layout-flex wp-container-core-group-is-layout-9366075c wp-block-group-is-layout-flex\">\n<h2 class=\"wp-block-heading\">AI szem\u00fcveg<\/h2>\n\n\n\n<div class=\"wp-block-buttons is-layout-flex wp-block-buttons-is-layout-flex\">\n<div class=\"wp-block-button\"><a class=\"wp-block-button__link wp-element-button\" href=\"\/hu\/termekkategoria\/ai-szemuveg\/\">V\u00e1s\u00e1rolj mindent<\/a><\/div>\n<\/div>\n<\/div>","protected":false},"excerpt":{"rendered":"<p>Discover innovations in eyewear, changing how you see and connect with the world around you. AI glasses<\/p>","protected":false},"author":1,"featured_media":0,"parent":0,"menu_order":0,"comment_status":"closed","ping_status":"closed","template":"","meta":{"footnotes":""},"class_list":["post-249","page","type-page","status-publish","hentry"],"_hostinger_reach_plugin_has_subscription_block":false,"_hostinger_reach_plugin_is_elementor":false,"_links":{"self":[{"href":"https:\/\/ivanzo.com\/hu\/wp-json\/wp\/v2\/pages\/249","targetHints":{"allow":["GET"]}}],"collection":[{"href":"https:\/\/ivanzo.com\/hu\/wp-json\/wp\/v2\/pages"}],"about":[{"href":"https:\/\/ivanzo.com\/hu\/wp-json\/wp\/v2\/types\/page"}],"author":[{"embeddable":true,"href":"https:\/\/ivanzo.com\/hu\/wp-json\/wp\/v2\/users\/1"}],"replies":[{"embeddable":true,"href":"https:\/\/ivanzo.com\/hu\/wp-json\/wp\/v2\/comments?post=249"}],"version-history":[{"count":7,"href":"https:\/\/ivanzo.com\/hu\/wp-json\/wp\/v2\/pages\/249\/revisions"}],"predecessor-version":[{"id":575,"href":"https:\/\/ivanzo.com\/hu\/wp-json\/wp\/v2\/pages\/249\/revisions\/575"}],"wp:attachment":[{"href":"https:\/\/ivanzo.com\/hu\/wp-json\/wp\/v2\/media?parent=249"}],"curies":[{"name":"wp","href":"https:\/\/api.w.org\/{rel}","templated":true}]}}