{"id":151,"date":"2026-01-01T08:18:10","date_gmt":"2026-01-01T08:18:10","guid":{"rendered":"https:\/\/ivanzo.com\/?page_id=151"},"modified":"2026-01-01T08:18:10","modified_gmt":"2026-01-01T08:18:10","slug":"visszateritesi-politika","status":"publish","type":"page","link":"https:\/\/ivanzo.com\/hu\/return-policy\/","title":{"rendered":"Visszat\u00e9r\u00edt\u00e9si politika"},"content":{"rendered":"<h3 class=\"wp-block-heading\"><strong>Visszat\u00e9r\u00e9si felt\u00e9telek<\/strong><\/h3>\n\n\n\n<p>Ez a visszak\u00fcld\u00e9si szab\u00e1lyzat az online \u00e1ruh\u00e1zunkon kereszt\u00fcl t\u00f6rt\u00e9n\u0151 v\u00e1s\u00e1rl\u00e1sokra vonatkozik, \u00e9s megfelel az Eur\u00f3pai Uni\u00f3 vonatkoz\u00f3 fogyaszt\u00f3v\u00e9delmi jogszab\u00e1lyainak.<\/p>\n\n\n\n<h3 class=\"wp-block-heading\"><strong>Visszal\u00e9p\u00e9si jog (14 nap)<\/strong><\/h3>\n\n\n\n<p>Fogyaszt\u00f3k\u00e9nt joga van el\u00e1llni az ad\u00e1sv\u00e9teli szerz\u0151d\u00e9st\u0151l.&nbsp;<strong>14 napon bel\u00fcl<\/strong>&nbsp;indokl\u00e1s n\u00e9lk\u00fcl.<\/p>\n\n\n\n<p>Az el\u00e1ll\u00e1si id\u0151szak lej\u00e1r&nbsp;<strong>14 nap att\u00f3l a napt\u00f3l sz\u00e1m\u00edtva, amikor \u00d6n vagy az \u00d6n \u00e1ltal kijel\u00f6lt harmadik f\u00e9l (a fuvaroz\u00f3t\u00f3l elt\u00e9r\u0151 szem\u00e9ly) az \u00e1rut t\u00e9nylegesen birtokba veszi.<\/strong>.<\/p>\n\n\n\n<p>Az el\u00e1ll\u00e1si jog gyakorl\u00e1sa \u00e9rdek\u00e9ben \u00d6nnek egy\u00e9rtelm\u0171 nyilatkozatban, e-mailben vagy postai \u00faton kell t\u00e1j\u00e9koztatnia minket d\u00f6nt\u00e9s\u00e9r\u0151l.<\/p>\n\n\n\n<h3 class=\"wp-block-heading\"><strong>Hogyan k\u00fcldhet vissza egy term\u00e9ket<\/strong><\/h3>\n\n\n\n<p>A visszak\u00fcld\u00e9s kezdem\u00e9nyez\u00e9s\u00e9hez k\u00e9rj\u00fck, el\u0151zetesen l\u00e9pjen kapcsolatba vel\u00fcnk a k\u00f6vetkez\u0151 c\u00edmen:<\/p>\n\n\n\n<p><strong>E-mail:<\/strong>&nbsp;info@ivanzo.com<\/p>\n\n\n\n<p>A visszaigazol\u00e1st k\u00f6vet\u0151en utas\u00edt\u00e1sokat kap arra vonatkoz\u00f3an, hogy hogyan \u00e9s hov\u00e1 k\u00fcldje el a term\u00e9ket.<\/p>\n\n\n\n<p>A visszak\u00fcld\u00f6tt \u00e1rukat a k\u00f6vetkez\u0151 m\u00f3don kell elk\u00fcldeni&nbsp;<strong>indokolatlan k\u00e9sedelem n\u00e9lk\u00fcl<\/strong>, legk\u00e9s\u0151bb&nbsp;<strong>14 nap<\/strong>&nbsp;miut\u00e1n \u00e9rtes\u00edtett minket a visszavon\u00e1sr\u00f3l.<\/p>\n\n\n\n<h3 class=\"wp-block-heading\"><strong>A visszak\u00fcld\u00f6tt \u00e1rukra vonatkoz\u00f3 felt\u00e9telek<\/strong><\/h3>\n\n\n\n<p>Ahhoz, hogy a term\u00e9k visszak\u00fcldhet\u0151 legyen, a k\u00f6vetkez\u0151 felt\u00e9teleknek kell teljes\u00fclni\u00fck:<\/p>\n\n\n\n<ul class=\"wp-block-list\">\n<li>Haszn\u00e1latlan \u00e9s s\u00e9rtetlen legyen<\/li>\n\n\n\n<li>eredeti \u00e1llapot\u00e1ban kell visszak\u00fcldeni<\/li>\n\n\n\n<li>Tartalmazza az eredeti csomagol\u00e1st, tartoz\u00e9kokat, k\u00e9zik\u00f6nyveket \u00e9s minden mell\u00e9kelt elemet.<\/li>\n<\/ul>\n\n\n\n<p>Fenntartjuk a jogot, hogy visszautas\u00edtsuk a visszak\u00fcld\u00e9st, ha a term\u00e9k haszn\u00e1latra utal\u00f3 jeleket, s\u00e9r\u00fcl\u00e9st vagy hi\u00e1nyos csomagol\u00e1st mutat.<\/p>\n\n\n\n<h3 class=\"wp-block-heading\"><strong>Visszat\u00e9r\u00edt\u00e9sek<\/strong><\/h3>\n\n\n\n<p>Amint megkapjuk \u00e9s megvizsg\u00e1ljuk a visszak\u00fcld\u00f6tt term\u00e9ket, \u00e9rtes\u00edtj\u00fck \u00d6nt a visszat\u00e9r\u00edt\u00e9s j\u00f3v\u00e1hagy\u00e1s\u00e1r\u00f3l.<\/p>\n\n\n\n<p>Ha j\u00f3v\u00e1hagyj\u00e1k, a visszat\u00e9r\u00edt\u00e9st feldolgozz\u00e1k&nbsp;<strong>14 napon bel\u00fcl<\/strong>&nbsp;az eredeti tranzakci\u00f3hoz haszn\u00e1lt fizet\u00e9si m\u00f3ddal, hacsak nem \u00e1llapodtak meg m\u00e1sk\u00e9nt.<\/p>\n\n\n\n<p>K\u00e9rj\u00fck, vegye figyelembe:<\/p>\n\n\n\n<ul class=\"wp-block-list\">\n<li>Az \u00e1ruk visszak\u00fcld\u00e9s\u00e9nek sz\u00e1ll\u00edt\u00e1si k\u00f6lts\u00e9gei\u00a0<strong>a megrendel\u0151t terheli<\/strong><\/li>\n\n\n\n<li>Az eredeti sz\u00e1ll\u00edt\u00e1si k\u00f6lts\u00e9get csak a legolcs\u00f3bb standard sz\u00e1ll\u00edt\u00e1si m\u00f3d k\u00f6lts\u00e9g\u00e9nek erej\u00e9ig t\u00e9r\u00edtj\u00fck vissza.<\/li>\n<\/ul>\n\n\n\n<h3 class=\"wp-block-heading\"><strong>A visszat\u00e9r\u00e9si jog al\u00f3li kiv\u00e9telek<\/strong><\/h3>\n\n\n\n<p>Az el\u00e1ll\u00e1si jog&nbsp;<strong>nem<\/strong>&nbsp;a k\u00f6vetkez\u0151 c\u00edmre vonatkozik:<\/p>\n\n\n\n<ul class=\"wp-block-list\">\n<li>olyan \u00e1ruk, amelyeket a kisz\u00e1ll\u00edt\u00e1s ut\u00e1n felbontottak, \u00e9s higi\u00e9niai vagy eg\u00e9szs\u00e9gv\u00e9delmi okokb\u00f3l nem k\u00fcldhet\u0151k vissza.<\/li>\n\n\n\n<li>Egy\u00e9rtelm\u0171en haszn\u00e1lt, s\u00e9r\u00fclt vagy megv\u00e1ltoztatott \u00e1rukat.<\/li>\n<\/ul>\n\n\n\n<h3 class=\"wp-block-heading\"><strong>S\u00e9r\u00fclt vagy hib\u00e1s t\u00e9telek<\/strong><\/h3>\n\n\n\n<p>Ha hib\u00e1s, s\u00e9r\u00fclt vagy helytelen term\u00e9ket kap, k\u00e9rj\u00fck, azonnal l\u00e9pjen kapcsolatba vel\u00fcnk. Az ilyen eseteket a mi&nbsp;<strong>Reklam\u00e1ci\u00f3k \u00e9s garanci\u00e1lis politika<\/strong>.<\/p>\n\n\n\n<h3 class=\"wp-block-heading\"><strong>Kapcsolattart\u00e1si inform\u00e1ci\u00f3k<\/strong><\/h3>\n\n\n\n<p><strong>Trending Up s. r. o.<\/strong><\/p>\n\n\n\n<p>\u0160ari\u0161sk\u00fd \u0160tiavnik 13<\/p>\n\n\n\n<p>090 42 \u0160ari\u0161sk\u00fd \u0160tiavnik<\/p>\n\n\n\n<p>Szlov\u00e1k K\u00f6zt\u00e1rsas\u00e1g<\/p>\n\n\n\n<p>C\u00e9gazonos\u00edt\u00f3: 56383771<\/p>\n\n\n\n<p>\u00c1FA-AZONOS\u00cdT\u00d3: SK2122289125<\/p>\n\n\n\n<p><strong>E-mail:<\/strong>&nbsp;info@ivanzo.com<\/p>\n\n\n\n<p><strong>Telefon:<\/strong>&nbsp;+421 944 780 345<\/p>","protected":false},"excerpt":{"rendered":"<p>Conditions of Returns This Return Policy applies to purchases made through our online store and complies with applicable European Union consumer protection laws. Right of Withdrawal (14 Days) As a consumer, you have the right to withdraw from the purchase contract&nbsp;within 14 days&nbsp;without giving any reason. The withdrawal period expires&nbsp;14 days from the day you [&hellip;]<\/p>\n","protected":false},"author":1,"featured_media":0,"parent":0,"menu_order":0,"comment_status":"closed","ping_status":"closed","template":"","meta":{"footnotes":""},"class_list":["post-151","page","type-page","status-publish","hentry"],"_hostinger_reach_plugin_has_subscription_block":false,"_hostinger_reach_plugin_is_elementor":false,"_links":{"self":[{"href":"https:\/\/ivanzo.com\/hu\/wp-json\/wp\/v2\/pages\/151","targetHints":{"allow":["GET"]}}],"collection":[{"href":"https:\/\/ivanzo.com\/hu\/wp-json\/wp\/v2\/pages"}],"about":[{"href":"https:\/\/ivanzo.com\/hu\/wp-json\/wp\/v2\/types\/page"}],"author":[{"embeddable":true,"href":"https:\/\/ivanzo.com\/hu\/wp-json\/wp\/v2\/users\/1"}],"replies":[{"embeddable":true,"href":"https:\/\/ivanzo.com\/hu\/wp-json\/wp\/v2\/comments?post=151"}],"version-history":[{"count":1,"href":"https:\/\/ivanzo.com\/hu\/wp-json\/wp\/v2\/pages\/151\/revisions"}],"predecessor-version":[{"id":152,"href":"https:\/\/ivanzo.com\/hu\/wp-json\/wp\/v2\/pages\/151\/revisions\/152"}],"wp:attachment":[{"href":"https:\/\/ivanzo.com\/hu\/wp-json\/wp\/v2\/media?parent=151"}],"curies":[{"name":"wp","href":"https:\/\/api.w.org\/{rel}","templated":true}]}}