{"id":147,"date":"2026-01-01T08:12:48","date_gmt":"2026-01-01T08:12:48","guid":{"rendered":"https:\/\/ivanzo.com\/?page_id=147"},"modified":"2026-01-01T08:43:31","modified_gmt":"2026-01-01T08:43:31","slug":"adatvedelmi-politika","status":"publish","type":"page","link":"https:\/\/ivanzo.com\/hu\/privacy-policy\/","title":{"rendered":"Adatv\u00e9delmi ir\u00e1nyelvek"},"content":{"rendered":"<h3 class=\"wp-block-heading\"><strong>1. Bevezet\u00e9s<\/strong><\/h3>\n\n\n\n<p>Ez az adatv\u00e9delmi szab\u00e1lyzat elmagyar\u00e1zza, hogy&nbsp;<strong>Trending Up s. r. o.<\/strong>&nbsp;(\u201cmi\u201d, \u201cmi\u201d, \u201cminket\u201d) gy\u0171jti, haszn\u00e1lja, t\u00e1rolja \u00e9s v\u00e9di az online \u00e1ruh\u00e1zunk l\u00e1togat\u00f3inak \u00e9s v\u00e1s\u00e1rl\u00f3inak szem\u00e9lyes adatait. Tiszteletben tartjuk az \u00d6n mag\u00e1n\u00e9let\u00e9t, \u00e9s elk\u00f6telezettek vagyunk az \u00d6n szem\u00e9lyes adatainak a vonatkoz\u00f3 jogszab\u00e1lyoknak megfelel\u0151 v\u00e9delme mellett, bele\u00e9rtve a k\u00f6vetkez\u0151ket is&nbsp;<strong>\u00c1ltal\u00e1nos adatv\u00e9delmi rendelet (GDPR)<\/strong>.<\/p>\n\n\n\n<p>Weboldalunk \u00e9s szolg\u00e1ltat\u00e1saink haszn\u00e1lat\u00e1val \u00d6n beleegyezik abba, hogy az inform\u00e1ci\u00f3kat a jelen Adatv\u00e9delmi ir\u00e1nyelveknek megfelel\u0151en gy\u0171jts\u00fck \u00e9s haszn\u00e1ljuk fel.<\/p>\n\n\n\n<hr class=\"wp-block-separator has-alpha-channel-opacity\"\/>\n\n\n\n<h3 class=\"wp-block-heading\"><strong>2. Adatkezel\u0151<\/strong><\/h3>\n\n\n\n<p>Az \u00d6n szem\u00e9lyes adatainak feldolgoz\u00e1s\u00e1\u00e9rt felel\u0151s adatkezel\u0151:<\/p>\n\n\n\n<p><strong>Trending Up s. r. o.<\/strong><\/p>\n\n\n\n<p>\u0160ari\u0161sk\u00fd \u0160tiavnik 13<\/p>\n\n\n\n<p>090 42 \u0160ari\u0161sk\u00fd \u0160tiavnik<\/p>\n\n\n\n<p>Szlov\u00e1k K\u00f6zt\u00e1rsas\u00e1g<\/p>\n\n\n\n<p>C\u00e9gazonos\u00edt\u00f3: 56383771<\/p>\n\n\n\n<p>H\u00c9A-AZONOS\u00cdT\u00d3: 2122289125<\/p>\n\n\n\n<p>H\u00c9A-AZONOS\u00cdT\u00d3 (EU): SK2122289125<\/p>\n\n\n\n<p>Bejegyezve a Pre\u0161ovi Ker\u00fcleti B\u00edr\u00f3s\u00e1g Sro szekci\u00f3j\u00e1nak kereskedelmi nyilv\u00e1ntart\u00e1s\u00e1ban, Sro\/48226\/P iktat\u00f3sz\u00e1m: Sro\/48226\/P.<\/p>\n\n\n\n<p>E-mail: info@ivanzo.com<\/p>\n\n\n\n<p>Telefon: +421 944 780 345<\/p>\n\n\n\n<hr class=\"wp-block-separator has-alpha-channel-opacity\"\/>\n\n\n\n<h3 class=\"wp-block-heading\"><strong>3. Milyen szem\u00e9lyes adatokat gy\u0171jt\u00fcnk<\/strong><\/h3>\n\n\n\n<p>A k\u00f6vetkez\u0151 szem\u00e9lyes adatokat gy\u0171jthetj\u00fck:<\/p>\n\n\n\n<ul class=\"wp-block-list\">\n<li>Azonos\u00edt\u00f3 adatok (n\u00e9v, vezet\u00e9kn\u00e9v)<\/li>\n\n\n\n<li>El\u00e9rhet\u0151s\u00e9gek (e-mail c\u00edm, telefonsz\u00e1m)<\/li>\n\n\n\n<li>Sz\u00e1ml\u00e1z\u00e1si \u00e9s sz\u00e1ll\u00edt\u00e1si c\u00edm<\/li>\n\n\n\n<li>Fizet\u00e9ssel kapcsolatos inform\u00e1ci\u00f3k (biztons\u00e1gos feldolgoz\u00e1s harmadik f\u00e9l fizet\u00e9si szolg\u00e1ltat\u00f3kon kereszt\u00fcl)<\/li>\n\n\n\n<li>Megrendel\u00e9si \u00e9s v\u00e1s\u00e1rl\u00e1si el\u0151zm\u00e9nyek<\/li>\n\n\n\n<li>Kommunik\u00e1ci\u00f3s adatok (e-mailek, kapcsolatfelv\u00e9teli \u0171rlapokon vagy \u00fcgyf\u00e9lszolg\u00e1laton kereszt\u00fcl k\u00fcld\u00f6tt \u00fczenetek)<\/li>\n\n\n\n<li>Technikai adatok (IP-c\u00edm, b\u00f6ng\u00e9sz\u0151 t\u00edpusa, eszk\u00f6zinform\u00e1ci\u00f3k, s\u00fctik)<\/li>\n<\/ul>\n\n\n\n<hr class=\"wp-block-separator has-alpha-channel-opacity\"\/>\n\n\n\n<h3 class=\"wp-block-heading\"><strong>4. Az adatkezel\u00e9s c\u00e9lja<\/strong><\/h3>\n\n\n\n<p>Az \u00d6n szem\u00e9lyes adatait a k\u00f6vetkez\u0151 c\u00e9lokb\u00f3l dolgozzuk fel:<\/p>\n\n\n\n<ul class=\"wp-block-list\">\n<li>Megrendel\u00e9sek feldolgoz\u00e1sa \u00e9s k\u00e9zbes\u00edt\u00e9se<\/li>\n\n\n\n<li>Fizet\u00e9sek \u00e9s sz\u00e1ml\u00e1z\u00e1s kezel\u00e9se<\/li>\n\n\n\n<li>\u00dcgyf\u00e9lszolg\u00e1lat \u00e9s kommunik\u00e1ci\u00f3<\/li>\n\n\n\n<li>Visszak\u00fcld\u00e9sek, panaszok \u00e9s garanci\u00e1lis ig\u00e9nyek kezel\u00e9se<\/li>\n\n\n\n<li>A jogi \u00e9s sz\u00e1mviteli k\u00f6telezetts\u00e9geknek val\u00f3 megfelel\u00e9s<\/li>\n\n\n\n<li>Weboldalunk \u00e9s szolg\u00e1ltat\u00e1saink jav\u00edt\u00e1sa<\/li>\n\n\n\n<li>Marketingkommunik\u00e1ci\u00f3 (csak hozz\u00e1j\u00e1rul\u00e1s eset\u00e9n)<\/li>\n<\/ul>\n\n\n\n<hr class=\"wp-block-separator has-alpha-channel-opacity\"\/>\n\n\n\n<h3 class=\"wp-block-heading\"><strong>5. A feldolgoz\u00e1s jogalapja<\/strong><\/h3>\n\n\n\n<p>A szem\u00e9lyes adatokat az al\u00e1bbi jogalapok k\u00f6z\u00fcl egy vagy t\u00f6bb alapj\u00e1n kezelj\u00fck:<\/p>\n\n\n\n<ul class=\"wp-block-list\">\n<li>Szerz\u0151d\u00e9s teljes\u00edt\u00e9se<\/li>\n\n\n\n<li>A jogi k\u00f6telezetts\u00e9geknek val\u00f3 megfelel\u00e9s<\/li>\n\n\n\n<li>Jogos \u00e9rdekek (pl. csal\u00e1smegel\u0151z\u00e9s, szolg\u00e1ltat\u00e1sfejleszt\u00e9s)<\/li>\n\n\n\n<li>Az \u00d6n hozz\u00e1j\u00e1rul\u00e1sa (amennyiben sz\u00fcks\u00e9ges)<\/li>\n<\/ul>\n\n\n\n<hr class=\"wp-block-separator has-alpha-channel-opacity\"\/>\n\n\n\n<h3 class=\"wp-block-heading\"><strong>6. Adatmeg\u0151rz\u00e9s<\/strong><\/h3>\n\n\n\n<p>A szem\u00e9lyes adatokat csak addig \u0151rizz\u00fck meg, ameddig az adatgy\u0171jt\u00e9s c\u00e9ljainak el\u00e9r\u00e9s\u00e9hez sz\u00fcks\u00e9ges, vagy ameddig az alkalmazand\u00f3 jogszab\u00e1lyok el\u0151\u00edrj\u00e1k. A sz\u00e1mviteli \u00e9s ad\u00f3z\u00e1ssal kapcsolatos adatokat a t\u00f6rv\u00e9ny \u00e1ltal el\u0151\u00edrt ideig t\u00e1roljuk.<\/p>\n\n\n\n<hr class=\"wp-block-separator has-alpha-channel-opacity\"\/>\n\n\n\n<h3 class=\"wp-block-heading\"><strong>7. Adatmegoszt\u00e1s \u00e9s harmadik felek<\/strong><\/h3>\n\n\n\n<p>Szem\u00e9lyes adatokat csak akkor oszthatunk meg megb\u00edzhat\u00f3 harmadik felekkel, ha sz\u00fcks\u00e9ges, p\u00e9ld\u00e1ul:<\/p>\n\n\n\n<ul class=\"wp-block-list\">\n<li>Fizet\u00e9si szolg\u00e1ltat\u00f3k (pl. k\u00e1rtyafizet\u00e9si feldolgoz\u00f3k, Klarna)<\/li>\n\n\n\n<li>Sz\u00e1ll\u00edt\u00e1si \u00e9s logisztikai partnerek<\/li>\n\n\n\n<li>Sz\u00e1mviteli \u00e9s IT szolg\u00e1ltat\u00f3k<\/li>\n\n\n\n<li>Hat\u00f3s\u00e1gok, ha jogszab\u00e1ly el\u0151\u00edrja<\/li>\n<\/ul>\n\n\n\n<p>Minden harmadik f\u00e9l k\u00f6teles megv\u00e9deni a szem\u00e9lyes adatokat, \u00e9s azokat csak a meg\u00e1llapod\u00e1s szerinti c\u00e9lokra haszn\u00e1lni.<\/p>\n\n\n\n<hr class=\"wp-block-separator has-alpha-channel-opacity\"\/>\n\n\n\n<h3 class=\"wp-block-heading\"><strong>8. S\u00fctik<\/strong><\/h3>\n\n\n\n<p>Weboldalunk s\u00fctiket haszn\u00e1l a megfelel\u0151 m\u0171k\u00f6d\u00e9s biztos\u00edt\u00e1sa, a felhaszn\u00e1l\u00f3i \u00e9lm\u00e9ny jav\u00edt\u00e1sa \u00e9s a weboldal forgalm\u00e1nak elemz\u00e9se \u00e9rdek\u00e9ben. A cookie-kat a b\u00f6ng\u00e9sz\u0151 be\u00e1ll\u00edt\u00e1sain kereszt\u00fcl kezelheti vagy letilthatja. El\u0151fordulhat, hogy a weboldal egyes funkci\u00f3i nem m\u0171k\u00f6dnek megfelel\u0151en s\u00fctik n\u00e9lk\u00fcl.<\/p>\n\n\n\n<hr class=\"wp-block-separator has-alpha-channel-opacity\"\/>\n\n\n\n<h3 class=\"wp-block-heading\"><strong>9. Az \u00d6n GDPR szerinti jogai<\/strong><\/h3>\n\n\n\n<p>\u00d6nnek joga van a k\u00f6vetkez\u0151kh\u00f6z:<\/p>\n\n\n\n<ul class=\"wp-block-list\">\n<li>Hozz\u00e1f\u00e9r\u00e9s a szem\u00e9lyes adatokhoz<\/li>\n\n\n\n<li>A pontatlan vagy hi\u00e1nyos adatok helyesb\u00edt\u00e9se<\/li>\n\n\n\n<li>k\u00e9rheti adatai t\u00f6rl\u00e9s\u00e9t (\u201caz elfeledtet\u00e9shez val\u00f3 jog\u201d)<\/li>\n\n\n\n<li>Az adatfeldolgoz\u00e1s korl\u00e1toz\u00e1sa vagy tiltakoz\u00e1s az adatfeldolgoz\u00e1s ellen<\/li>\n\n\n\n<li>Adathordozhat\u00f3s\u00e1g<\/li>\n\n\n\n<li>A hozz\u00e1j\u00e1rul\u00e1s b\u00e1rmikor visszavonhat\u00f3<\/li>\n\n\n\n<li>Panaszt\u00e9tel a fel\u00fcgyeleti hat\u00f3s\u00e1gn\u00e1l<\/li>\n<\/ul>\n\n\n\n<p>Szlov\u00e1ki\u00e1ban a fel\u00fcgyeleti hat\u00f3s\u00e1g a&nbsp;<strong>A Szlov\u00e1k K\u00f6zt\u00e1rsas\u00e1g Szem\u00e9lyes Adatv\u00e9delmi Hivatala<\/strong>.<\/p>\n\n\n\n<hr class=\"wp-block-separator has-alpha-channel-opacity\"\/>\n\n\n\n<h3 class=\"wp-block-heading\"><strong>10. Adatbiztons\u00e1g<\/strong><\/h3>\n\n\n\n<p>Megfelel\u0151 technikai \u00e9s szervez\u00e9si int\u00e9zked\u00e9seket hajtunk v\u00e9gre a szem\u00e9lyes adatok jogosulatlan hozz\u00e1f\u00e9r\u00e9ssel, elveszt\u00e9ssel, vissza\u00e9l\u00e9ssel vagy m\u00f3dos\u00edt\u00e1ssal szembeni v\u00e9delme \u00e9rdek\u00e9ben.<\/p>\n\n\n\n<hr class=\"wp-block-separator has-alpha-channel-opacity\"\/>\n\n\n\n<h3 class=\"wp-block-heading\"><strong>11. Az Adatv\u00e9delmi szab\u00e1lyzat m\u00f3dos\u00edt\u00e1sai<\/strong><\/h3>\n\n\n\n<p>Fenntartjuk a jogot, hogy b\u00e1rmikor friss\u00edts\u00fck ezt az Adatv\u00e9delmi szab\u00e1lyzatot. B\u00e1rmilyen m\u00f3dos\u00edt\u00e1st ezen az oldalon tesz\u00fcnk k\u00f6zz\u00e9, \u00e9s az a k\u00f6zz\u00e9t\u00e9tellel l\u00e9p hat\u00e1lyba.<\/p>\n\n\n\n<hr class=\"wp-block-separator has-alpha-channel-opacity\"\/>\n\n\n\n<h3 class=\"wp-block-heading\"><strong>12. Kapcsolat<\/strong><\/h3>\n\n\n\n<p>Ha b\u00e1rmilyen k\u00e9rd\u00e9se van a jelen Adatv\u00e9delmi Szab\u00e1lyzattal vagy szem\u00e9lyes adatainak feldolgoz\u00e1s\u00e1val kapcsolatban, k\u00e9rj\u00fck, l\u00e9pjen kapcsolatba vel\u00fcnk:<\/p>\n\n\n\n<p>E-mail: info@ivanzo.com<\/p>\n\n\n\n<p>Telefon: +421 944 780 345<\/p>","protected":false},"excerpt":{"rendered":"<p>1. Introduction This Privacy Policy explains how&nbsp;Trending Up s. r. o.&nbsp;(\u201cwe\u201d, \u201cour\u201d, \u201cus\u201d) collects, uses, stores, and protects personal data of visitors and customers of our online store. We respect your privacy and are committed to protecting your personal data in accordance with applicable laws, including the&nbsp;General Data Protection Regulation (GDPR). By using our website [&hellip;]<\/p>\n","protected":false},"author":1,"featured_media":0,"parent":0,"menu_order":0,"comment_status":"closed","ping_status":"closed","template":"","meta":{"footnotes":""},"class_list":["post-147","page","type-page","status-publish","hentry"],"_hostinger_reach_plugin_has_subscription_block":false,"_hostinger_reach_plugin_is_elementor":false,"_links":{"self":[{"href":"https:\/\/ivanzo.com\/hu\/wp-json\/wp\/v2\/pages\/147","targetHints":{"allow":["GET"]}}],"collection":[{"href":"https:\/\/ivanzo.com\/hu\/wp-json\/wp\/v2\/pages"}],"about":[{"href":"https:\/\/ivanzo.com\/hu\/wp-json\/wp\/v2\/types\/page"}],"author":[{"embeddable":true,"href":"https:\/\/ivanzo.com\/hu\/wp-json\/wp\/v2\/users\/1"}],"replies":[{"embeddable":true,"href":"https:\/\/ivanzo.com\/hu\/wp-json\/wp\/v2\/comments?post=147"}],"version-history":[{"count":1,"href":"https:\/\/ivanzo.com\/hu\/wp-json\/wp\/v2\/pages\/147\/revisions"}],"predecessor-version":[{"id":148,"href":"https:\/\/ivanzo.com\/hu\/wp-json\/wp\/v2\/pages\/147\/revisions\/148"}],"wp:attachment":[{"href":"https:\/\/ivanzo.com\/hu\/wp-json\/wp\/v2\/media?parent=147"}],"curies":[{"name":"wp","href":"https:\/\/api.w.org\/{rel}","templated":true}]}}