{"id":144,"date":"2026-01-01T08:01:42","date_gmt":"2026-01-01T08:01:42","guid":{"rendered":"https:\/\/ivanzo.com\/?page_id=144"},"modified":"2026-01-01T08:08:12","modified_gmt":"2026-01-01T08:08:12","slug":"feltetelek-es-kikotesek","status":"publish","type":"page","link":"https:\/\/ivanzo.com\/hu\/terms-and-conditions\/","title":{"rendered":"Felt\u00e9telek \u00e9s felt\u00e9telek"},"content":{"rendered":"<p>A jelen \u00c1ltal\u00e1nos Szerz\u0151d\u00e9si Felt\u00e9telek szab\u00e1lyozz\u00e1k a web\u00e1ruh\u00e1z haszn\u00e1lat\u00e1t, valamint a vev\u0151 (a \u201cVev\u0151\u201d) \u00e9s az elad\u00f3 (az \u201cElad\u00f3\u201d) k\u00f6z\u00f6tti szerz\u0151d\u00e9ses kapcsolatot. A megrendel\u00e9s lead\u00e1s\u00e1val a Vev\u0151 meger\u0151s\u00edti, hogy elolvasta, meg\u00e9rtette \u00e9s elfogadja a jelen \u00c1ltal\u00e1nos Szerz\u0151d\u00e9si Felt\u00e9teleket.<\/p>\n\n\n\n<hr class=\"wp-block-separator has-alpha-channel-opacity\"\/>\n\n\n\n<h3 class=\"wp-block-heading\"><strong>1. Elad\u00f3i inform\u00e1ci\u00f3k<\/strong><\/h3>\n\n\n\n<p><strong>C\u00e9gn\u00e9v:<\/strong>&nbsp;Trending Up s. r. o.<\/p>\n\n\n\n<p><strong>Bejegyzett c\u00edm:<\/strong><\/p>\n\n\n\n<p>\u0160ari\u0161sk\u00fd \u0160tiavnik 13<\/p>\n\n\n\n<p>090 42 \u0160ari\u0161sk\u00fd \u0160tiavnik<\/p>\n\n\n\n<p>Szlov\u00e1k K\u00f6zt\u00e1rsas\u00e1g<\/p>\n\n\n\n<p><strong>C\u00e9gazonos\u00edt\u00f3 (I\u010cO):<\/strong>&nbsp;56383771<\/p>\n\n\n\n<p><strong>\u00c1FA-AZONOS\u00cdT\u00d3:<\/strong>&nbsp;SK2122289125<\/p>\n\n\n\n<p><strong>Bejegyezve:<\/strong>&nbsp;A Pre\u0161ovi Ker\u00fcleti B\u00edr\u00f3s\u00e1g kereskedelmi nyilv\u00e1ntart\u00e1sa<\/p>\n\n\n\n<p><strong>Szekci\u00f3:<\/strong>&nbsp;Sro<\/p>\n\n\n\n<p><strong>Iktat\u00f3sz\u00e1m:<\/strong>&nbsp;48226\/P<\/p>\n\n\n\n<p><strong>Kapcsolattart\u00f3 e-mail:<\/strong>&nbsp;info@ivanzo.com<\/p>\n\n\n\n<p><strong>Telefon:<\/strong>&nbsp;+421 944 780 345<\/p>\n\n\n\n<hr class=\"wp-block-separator has-alpha-channel-opacity\"\/>\n\n\n\n<h3 class=\"wp-block-heading\"><strong>2. Alkalmaz\u00e1si ter\u00fclet<\/strong><\/h3>\n\n\n\n<p>A jelen \u00c1ltal\u00e1nos Szerz\u0151d\u00e9si Felt\u00e9telek az Elad\u00f3 web\u00e1ruh\u00e1z\u00e1n kereszt\u00fcl az Eur\u00f3pai Uni\u00f3n bel\u00fcl tal\u00e1lhat\u00f3 v\u00e1s\u00e1rl\u00f3kkal k\u00f6t\u00f6tt valamennyi ad\u00e1sv\u00e9teli szerz\u0151d\u00e9sre vonatkoznak.<\/p>\n\n\n\n<hr class=\"wp-block-separator has-alpha-channel-opacity\"\/>\n\n\n\n<h3 class=\"wp-block-heading\"><strong>3. Term\u00e9kek \u00e9s el\u00e9rhet\u0151s\u00e9g<\/strong><\/h3>\n\n\n\n<p>Az elad\u00f3 AI intelligens szem\u00fcvegeket k\u00edn\u00e1l, t\u00f6bbek k\u00f6z\u00f6tt:<\/p>\n\n\n\n<ul class=\"wp-block-list\">\n<li>Ray-Ban Meta<\/li>\n\n\n\n<li>Oakley Meta Vanguard<\/li>\n\n\n\n<li>Oakley Meta HSTN<\/li>\n\n\n\n<li>Meta Ray-Ban kijelz\u0151<\/li>\n<\/ul>\n\n\n\n<p>A web\u00e1ruh\u00e1zban k\u00edn\u00e1lt \u00f6sszes term\u00e9k eredeti, \u00e9s hivatalos vagy enged\u00e9lyezett forgalmaz\u00e1si csatorn\u00e1kb\u00f3l sz\u00e1rmazik.<\/p>\n\n\n\n<p>A term\u00e9k el\u00e9rhet\u0151s\u00e9ge \u00e9s a v\u00e1rhat\u00f3 sz\u00e1ll\u00edt\u00e1si id\u0151pontok a term\u00e9k oldal\u00e1n, a kos\u00e1rban \u00e9s a fizet\u00e9s sor\u00e1n jelennek meg.<\/p>\n\n\n\n<hr class=\"wp-block-separator has-alpha-channel-opacity\"\/>\n\n\n\n<h3 class=\"wp-block-heading\"><strong>4. \u00c1rak<\/strong><\/h3>\n\n\n\n<p>A web\u00e1ruh\u00e1zban felt\u00fcntetett \u00e1rak - elt\u00e9r\u0151 rendelkez\u00e9s hi\u00e1ny\u00e1ban - v\u00e9gleges \u00e1rak, az alkalmazand\u00f3 \u00c1FA-val egy\u00fctt. A sz\u00e1ll\u00edt\u00e1si k\u00f6lts\u00e9gek a fizet\u00e9s sor\u00e1n k\u00fcl\u00f6n ker\u00fclnek felt\u00fcntet\u00e9sre.<\/p>\n\n\n\n<hr class=\"wp-block-separator has-alpha-channel-opacity\"\/>\n\n\n\n<h3 class=\"wp-block-heading\"><strong>5. Sz\u00e1ll\u00edt\u00e1s \u00e9s k\u00e9zbes\u00edt\u00e9s<\/strong><\/h3>\n\n\n\n<ul class=\"wp-block-list\">\n<li><strong>\u00c1tv\u00e9teli pont kisz\u00e1ll\u00edt\u00e1s:<\/strong>\u00a0ingyenesen<\/li>\n\n\n\n<li><strong>Sz\u00e1ll\u00edt\u00e1s a c\u00edmre:<\/strong>\u00a04 \u20ac<\/li>\n<\/ul>\n\n\n\n<p>A konkr\u00e9t sz\u00e1ll\u00edt\u00e1si m\u00f3d \u00e9s a v\u00e1rhat\u00f3 sz\u00e1ll\u00edt\u00e1si hat\u00e1rid\u0151 a kos\u00e1rban \u00e9s a p\u00e9nzt\u00e1rn\u00e1l l\u00e1that\u00f3.<\/p>\n\n\n\n<hr class=\"wp-block-separator has-alpha-channel-opacity\"\/>\n\n\n\n<h3 class=\"wp-block-heading\"><strong>6. Fizet\u00e9si m\u00f3dok<\/strong><\/h3>\n\n\n\n<p>A Vev\u0151 a k\u00f6vetkez\u0151 m\u00f3dokon fizethet:<\/p>\n\n\n\n<ul class=\"wp-block-list\">\n<li>Fizet\u0151k\u00e1rtya<\/li>\n\n\n\n<li>Klarna<\/li>\n\n\n\n<li>Banki \u00e1tutal\u00e1s<\/li>\n<\/ul>\n\n\n\n<p>Minden fizet\u00e9si lehet\u0151s\u00e9g megjelenik a fizet\u00e9s sor\u00e1n.<\/p>\n\n\n\n<hr class=\"wp-block-separator has-alpha-channel-opacity\"\/>\n\n\n\n<h3 class=\"wp-block-heading\"><strong>7. Megrendel\u00e9si folyamat \u00e9s szerz\u0151d\u00e9sk\u00f6t\u00e9s<\/strong><\/h3>\n\n\n\n<p>A megrendel\u00e9s lead\u00e1s\u00e1val a Vev\u0151 k\u00f6telez\u0151 \u00e9rv\u00e9ny\u0171 aj\u00e1nlatot tesz a kiv\u00e1lasztott term\u00e9kek megv\u00e1s\u00e1rl\u00e1s\u00e1ra.<\/p>\n\n\n\n<p>Az ad\u00e1sv\u00e9teli szerz\u0151d\u00e9s akkor j\u00f6n l\u00e9tre, amikor az Elad\u00f3 e-mailben visszaigazolja a megrendel\u00e9st.<\/p>\n\n\n\n<hr class=\"wp-block-separator has-alpha-channel-opacity\"\/>\n\n\n\n<h3 class=\"wp-block-heading\"><strong>8. Visszal\u00e9p\u00e9si jog (visszat\u00e9r\u00e9s)<\/strong><\/h3>\n\n\n\n<p>A Vev\u0151nek joga van el\u00e1llni a szerz\u0151d\u00e9st\u0151l.&nbsp;<strong>14 napon bel\u00fcl<\/strong>&nbsp;az \u00e1ru \u00e1tv\u00e9tel\u00e9t k\u00f6vet\u0151en, indokl\u00e1s n\u00e9lk\u00fcl, az uni\u00f3s fogyaszt\u00f3v\u00e9delmi jogszab\u00e1lyokkal \u00f6sszhangban.<\/p>\n\n\n\n<p>Az el\u00e1ll\u00e1si jog gyakorl\u00e1s\u00e1hoz a Vev\u0151nek az \u00e1ru visszak\u00fcld\u00e9se el\u0151tt e-mailben kapcsolatba kell l\u00e9pnie az Elad\u00f3val.<\/p>\n\n\n\n<p>A visszak\u00fcld\u00f6tt term\u00e9keknek haszn\u00e1latlanoknak, s\u00e9rtetleneknek \u00e9s eredeti csomagol\u00e1sukban kell lenni\u00fck.<\/p>\n\n\n\n<hr class=\"wp-block-separator has-alpha-channel-opacity\"\/>\n\n\n\n<h3 class=\"wp-block-heading\"><strong>9. J\u00f3t\u00e1ll\u00e1s \u00e9s reklam\u00e1ci\u00f3k<\/strong><\/h3>\n\n\n\n<p>Az Elad\u00f3 a vonatkoz\u00f3 jogszab\u00e1lyi el\u0151\u00edr\u00e1soknak megfelel\u0151en felel a hib\u00e1k\u00e9rt.<\/p>\n\n\n\n<p>Ha egy term\u00e9k nem m\u0171k\u00f6dik megfelel\u0151en vagy hib\u00e1t mutat, a Vev\u0151nek azonnal kapcsolatba kell l\u00e9pnie az Elad\u00f3val e-mailben vagy telefonon. A reklam\u00e1ci\u00f3kat indokolatlan k\u00e9sedelem n\u00e9lk\u00fcl kezelj\u00fck.<\/p>\n\n\n\n<hr class=\"wp-block-separator has-alpha-channel-opacity\"\/>\n\n\n\n<h3 class=\"wp-block-heading\"><strong>10. Szem\u00e9lyes adatok v\u00e9delme<\/strong><\/h3>\n\n\n\n<p>Az Elad\u00f3 a szem\u00e9lyes adatokat az alkalmazand\u00f3 adatv\u00e9delmi t\u00f6rv\u00e9nyeknek, k\u00f6zt\u00fck a GDPR-nak megfelel\u0151en kezeli. A szem\u00e9lyes adatokat kiz\u00e1r\u00f3lag a megrendel\u00e9sek feldolgoz\u00e1s\u00e1hoz, a sz\u00e1ll\u00edt\u00e1shoz \u00e9s a vev\u0151kkel val\u00f3 kommunik\u00e1ci\u00f3hoz haszn\u00e1ljuk fel.<\/p>\n\n\n\n<hr class=\"wp-block-separator has-alpha-channel-opacity\"\/>\n\n\n\n<h3 class=\"wp-block-heading\"><strong>11. Alternat\u00edv vitarendez\u00e9s (ADR)<\/strong><\/h3>\n\n\n\n<p>Vita eset\u00e9n a Vev\u0151nek joga van alternat\u00edv vitarendez\u00e9si szervhez fordulni.<\/p>\n\n\n\n<p><strong>Szlov\u00e1k Kereskedelmi Ellen\u0151rz\u00e9si Hat\u00f3s\u00e1g (SOI):<\/strong><\/p>\n\n\n\n<p>A Szlov\u00e1k Kereskedelmi Fel\u00fcgyelet Pre\u0161ov r\u00e9gi\u00f3ra vonatkoz\u00f3 fel\u00fcgyel\u0151s\u00e9ge<\/p>\n\n\n\n<p>Obrancov mieru 6<\/p>\n\n\n\n<p>080 01 Pre\u0161ov<\/p>\n\n\n\n<p>Szlov\u00e1k K\u00f6zt\u00e1rsas\u00e1g<\/p>\n\n\n\n<p>A Vev\u0151 haszn\u00e1lhatja a&nbsp;<strong>Online vitarendez\u00e9si (ODR) platform<\/strong>&nbsp;az Eur\u00f3pai Bizotts\u00e1g \u00e1ltal biztos\u00edtott.<\/p>\n\n\n\n<hr class=\"wp-block-separator has-alpha-channel-opacity\"\/>\n\n\n\n<h3 class=\"wp-block-heading\"><strong>12. Z\u00e1r\u00f3 rendelkez\u00e9sek<\/strong><\/h3>\n\n\n\n<p>A jelen \u00c1ltal\u00e1nos Szerz\u0151d\u00e9si Felt\u00e9telekre a Szlov\u00e1k K\u00f6zt\u00e1rsas\u00e1g t\u00f6rv\u00e9nyei az ir\u00e1nyad\u00f3k.<\/p>\n\n\n\n<p>Az Elad\u00f3 fenntartja a jogot, hogy b\u00e1rmikor m\u00f3dos\u00edtsa a jelen \u00c1ltal\u00e1nos Szerz\u0151d\u00e9si Felt\u00e9teleket. A megrendel\u00e9s lead\u00e1sakor \u00e9rv\u00e9nyes v\u00e1ltozat \u00e9rv\u00e9nyes.<\/p>","protected":false},"excerpt":{"rendered":"<p>These Terms and Conditions govern the use of this e-shop and the contractual relationship between the customer (the \u201cBuyer\u201d) and the seller (the \u201cSeller\u201d). By placing an order, the Buyer confirms that they have read, understood, and agree to these Terms and Conditions. 1. Seller Information Company name:&nbsp;Trending Up s. r. o. Registered address: \u0160ari\u0161sk\u00fd [&hellip;]<\/p>\n","protected":false},"author":1,"featured_media":0,"parent":0,"menu_order":0,"comment_status":"closed","ping_status":"closed","template":"","meta":{"footnotes":""},"class_list":["post-144","page","type-page","status-publish","hentry"],"_hostinger_reach_plugin_has_subscription_block":false,"_hostinger_reach_plugin_is_elementor":false,"_links":{"self":[{"href":"https:\/\/ivanzo.com\/hu\/wp-json\/wp\/v2\/pages\/144","targetHints":{"allow":["GET"]}}],"collection":[{"href":"https:\/\/ivanzo.com\/hu\/wp-json\/wp\/v2\/pages"}],"about":[{"href":"https:\/\/ivanzo.com\/hu\/wp-json\/wp\/v2\/types\/page"}],"author":[{"embeddable":true,"href":"https:\/\/ivanzo.com\/hu\/wp-json\/wp\/v2\/users\/1"}],"replies":[{"embeddable":true,"href":"https:\/\/ivanzo.com\/hu\/wp-json\/wp\/v2\/comments?post=144"}],"version-history":[{"count":2,"href":"https:\/\/ivanzo.com\/hu\/wp-json\/wp\/v2\/pages\/144\/revisions"}],"predecessor-version":[{"id":146,"href":"https:\/\/ivanzo.com\/hu\/wp-json\/wp\/v2\/pages\/144\/revisions\/146"}],"wp:attachment":[{"href":"https:\/\/ivanzo.com\/hu\/wp-json\/wp\/v2\/media?parent=144"}],"curies":[{"name":"wp","href":"https:\/\/api.w.org\/{rel}","templated":true}]}}