{"id":142,"date":"2026-01-01T07:54:49","date_gmt":"2026-01-01T07:54:49","guid":{"rendered":"https:\/\/ivanzo.com\/?page_id=142"},"modified":"2026-01-01T10:58:21","modified_gmt":"2026-01-01T10:58:21","slug":"faq","status":"publish","type":"page","link":"https:\/\/ivanzo.com\/hu\/faq\/","title":{"rendered":"GYIK - Gyakran Ism\u00e9telt K\u00e9rd\u00e9sek"},"content":{"rendered":"<h3 class=\"wp-block-heading\"><strong>Eredetiek a term\u00e9kek?<\/strong><\/h3>\n\n\n\n<p>Igen. Az \u00e1ruh\u00e1zunkban \u00e9rt\u00e9kes\u00edtett \u00f6sszes term\u00e9k 100% eredeti, \u00e9s hivatalos \u00e9s ellen\u0151rz\u00f6tt \u00e9rt\u00e9kes\u00edt\u00e9si csatorn\u00e1kr\u00f3l sz\u00e1rmazik. Kiz\u00e1r\u00f3lag eredeti Meta okosszem\u00fcvegeket forgalmazunk.<\/p>\n\n\n\n<hr class=\"wp-block-separator has-alpha-channel-opacity\"\/>\n\n\n\n<h3 class=\"wp-block-heading\"><strong>Sz\u00e1ll\u00edtanak Eur\u00f3p\u00e1n kereszt\u00fcl?<\/strong><\/h3>\n\n\n\n<p>Igen, az Eur\u00f3pai Uni\u00f3 \u00f6sszes orsz\u00e1g\u00e1ba sz\u00e1ll\u00edtunk. Az el\u00e9rhet\u0151s\u00e9g, a sz\u00e1ll\u00edt\u00e1si m\u00f3d \u00e9s a v\u00e1rhat\u00f3 sz\u00e1ll\u00edt\u00e1si hat\u00e1rid\u0151 a kos\u00e1rban \u00e9s a p\u00e9nzt\u00e1rn\u00e1l jelenik meg.<\/p>\n\n\n\n<hr class=\"wp-block-separator has-alpha-channel-opacity\"\/>\n\n\n\n<h3 class=\"wp-block-heading\"><strong>Mennyibe ker\u00fcl a sz\u00e1ll\u00edt\u00e1s?<\/strong><\/h3>\n\n\n\n<ul class=\"wp-block-list\">\n<li><strong>Felv\u00e9teli pont:<\/strong>&nbsp;Ingyenes<\/li>\n\n\n\n<li><strong>H\u00e1zhozsz\u00e1ll\u00edt\u00e1s:<\/strong>&nbsp;\u20ac4<\/li>\n<\/ul>\n\n\n\n<p>A v\u00e9gs\u0151 sz\u00e1ll\u00edt\u00e1si opci\u00f3 \u00e9s a sz\u00e1ll\u00edt\u00e1si hat\u00e1rid\u0151 a fizet\u00e9s sor\u00e1n jelenik meg.<\/p>\n\n\n\n<hr class=\"wp-block-separator has-alpha-channel-opacity\"\/>\n\n\n\n<h3 class=\"wp-block-heading\"><strong>Milyen fizet\u00e9si m\u00f3dokat fogad el?<\/strong><\/h3>\n\n\n\n<p>Fizetni a k\u00f6vetkez\u0151 eszk\u00f6z\u00f6kkel lehet:<\/p>\n\n\n\n<ul class=\"wp-block-list\">\n<li>Hitel- vagy bankk\u00e1rtya<\/li>\n\n\n\n<li>Klarna<\/li>\n\n\n\n<li>Banki \u00e1tutal\u00e1s<\/li>\n<\/ul>\n\n\n\n<p>Minden fizet\u00e9s biztons\u00e1gosan ker\u00fcl feldolgoz\u00e1sra.<\/p>\n\n\n\n<hr class=\"wp-block-separator has-alpha-channel-opacity\"\/>\n\n\n\n<h3 class=\"wp-block-heading\"><strong>Visszak\u00fcldhetem a rendel\u00e9semet?<\/strong><\/h3>\n\n\n\n<p>Igen. Az EU fogyaszt\u00f3v\u00e9delmi jogszab\u00e1lyainak megfelel\u0151en \u00d6nnek joga van visszak\u00fcldeni a megrendel\u00e9s\u00e9t.&nbsp;<strong>14 napon bel\u00fcl<\/strong>&nbsp;a term\u00e9k \u00e1tv\u00e9tel\u00e9t k\u00f6vet\u0151en, indokl\u00e1s n\u00e9lk\u00fcl.<\/p>\n\n\n\n<p>A visszak\u00fcld\u00f6tt term\u00e9keknek nem haszn\u00e1ltaknak, s\u00e9rtetleneknek \u00e9s eredeti csomagol\u00e1sukban kell lenni\u00fck. A r\u00e9szletes visszak\u00fcld\u00e9si utas\u00edt\u00e1sok el\u00e9rhet\u0151k, ha kapcsolatba l\u00e9p vel\u00fcnk.<\/p>\n\n\n\n<hr class=\"wp-block-separator has-alpha-channel-opacity\"\/>\n\n\n\n<h3 class=\"wp-block-heading\"><strong>Mit tegyek, ha a term\u00e9kem nem m\u0171k\u00f6dik megfelel\u0151en?<\/strong><\/h3>\n\n\n\n<p>Ha b\u00e1rmilyen probl\u00e9m\u00e1t tapasztal a term\u00e9kkel kapcsolatban, k\u00e9rj\u00fck, l\u00e9pjen kapcsolatba vel\u00fcnk a lehet\u0151 leghamarabb. T\u00e1mogat\u00f3 csapatunk seg\u00edt \u00d6nnek a hibaelh\u00e1r\u00edt\u00e1sban, a cser\u00e9ben vagy sz\u00fcks\u00e9g eset\u00e9n a visszak\u00fcld\u00e9sben.<\/p>\n\n\n\n<hr class=\"wp-block-separator has-alpha-channel-opacity\"\/>\n\n\n\n<h3 class=\"wp-block-heading\"><strong>Hogyan l\u00e9phetek kapcsolatba \u00d6nnel?<\/strong><\/h3>\n\n\n\n<p>El\u00e9rhet minket a k\u00f6vetkez\u0151 c\u00edmen:<\/p>\n\n\n\n<ul class=\"wp-block-list\">\n<li>E-mail:\u00a0<strong><a href=\"mailto:info@ivanzo.com\">info@ivanzo.com<\/a><\/strong><\/li>\n\n\n\n<li>Telefon:\u00a0<strong><a href=\"tel:421944780345\">+421 944 780 345<\/a><\/strong><\/li>\n<\/ul>\n\n\n\n<p>El\u00e9rhet\u0151s\u00e9gi id\u0151nk a Kapcsolat oldalon tal\u00e1lhat\u00f3.<\/p>\n\n\n\n<hr class=\"wp-block-separator has-alpha-channel-opacity\"\/>\n\n\n\n<h3 class=\"wp-block-heading\"><strong>Hol van a v\u00e1llalat sz\u00e9khelye?<\/strong><\/h3>\n\n\n\n<p>Sz\u00e9khely\u00fcnk&nbsp;<strong>Szlov\u00e1kia<\/strong>&nbsp;\u00e9s a v\u00e1llalat keret\u00e9ben m\u0171k\u00f6dnek&nbsp;<strong>Trending Up s. r. o.<\/strong>, hivatalosan bejegyezve a Pre\u0161ovi Ker\u00fcleti B\u00edr\u00f3s\u00e1gon.<\/p>","protected":false},"excerpt":{"rendered":"<p>Are the products original? Yes. All products sold in our store are 100% original and sourced from official and verified distribution channels. We only sell genuine Meta smart glasses. Do you ship across Europe? Yes, we ship to all European Union countries. Availability, delivery method, and estimated delivery date are displayed in the cart and [&hellip;]<\/p>\n","protected":false},"author":1,"featured_media":0,"parent":0,"menu_order":0,"comment_status":"closed","ping_status":"closed","template":"","meta":{"footnotes":""},"class_list":["post-142","page","type-page","status-publish","hentry"],"_hostinger_reach_plugin_has_subscription_block":false,"_hostinger_reach_plugin_is_elementor":false,"_links":{"self":[{"href":"https:\/\/ivanzo.com\/hu\/wp-json\/wp\/v2\/pages\/142","targetHints":{"allow":["GET"]}}],"collection":[{"href":"https:\/\/ivanzo.com\/hu\/wp-json\/wp\/v2\/pages"}],"about":[{"href":"https:\/\/ivanzo.com\/hu\/wp-json\/wp\/v2\/types\/page"}],"author":[{"embeddable":true,"href":"https:\/\/ivanzo.com\/hu\/wp-json\/wp\/v2\/users\/1"}],"replies":[{"embeddable":true,"href":"https:\/\/ivanzo.com\/hu\/wp-json\/wp\/v2\/comments?post=142"}],"version-history":[{"count":2,"href":"https:\/\/ivanzo.com\/hu\/wp-json\/wp\/v2\/pages\/142\/revisions"}],"predecessor-version":[{"id":234,"href":"https:\/\/ivanzo.com\/hu\/wp-json\/wp\/v2\/pages\/142\/revisions\/234"}],"wp:attachment":[{"href":"https:\/\/ivanzo.com\/hu\/wp-json\/wp\/v2\/media?parent=142"}],"curies":[{"name":"wp","href":"https:\/\/api.w.org\/{rel}","templated":true}]}}