{"id":137,"date":"2026-01-01T07:46:33","date_gmt":"2026-01-01T07:46:33","guid":{"rendered":"https:\/\/ivanzo.com\/?page_id=137"},"modified":"2026-01-01T07:47:14","modified_gmt":"2026-01-01T07:47:14","slug":"szallitasi-fizetes","status":"publish","type":"page","link":"https:\/\/ivanzo.com\/hu\/shipping-payment\/","title":{"rendered":"Sz\u00e1ll\u00edt\u00e1s \u00e9s fizet\u00e9s"},"content":{"rendered":"<h3 class=\"wp-block-heading\"><strong>Sz\u00e1ll\u00edt\u00e1si inform\u00e1ci\u00f3k<\/strong><\/h3>\n\n\n\n<p>Term\u00e9keinket eg\u00e9sz Eur\u00f3p\u00e1ba sz\u00e1ll\u00edtjuk.<\/p>\n\n\n\n<p>A&nbsp;<strong>pontos sz\u00e1ll\u00edt\u00e1si d\u00e1tum \u00e9s sz\u00e1ll\u00edt\u00e1si m\u00f3d<\/strong>&nbsp;k\u00f6zvetlen\u00fcl a&nbsp;<strong>term\u00e9koldal<\/strong>, valamint a&nbsp;<strong>Bev\u00e1s\u00e1rl\u00f3kos\u00e1r \u00e9s p\u00e9nzt\u00e1r<\/strong>&nbsp;a megrendel\u00e9s befejez\u00e9se el\u0151tt.<\/p>\n\n\n\n<h4 class=\"wp-block-heading\"><strong>Sz\u00e1ll\u00edt\u00e1si lehet\u0151s\u00e9gek \u00e9s \u00e1rak<\/strong><\/h4>\n\n\n\n<ul class=\"wp-block-list\">\n<li><strong>\u00c1tv\u00e9teli pont<\/strong>: Ingyenes<\/li>\n\n\n\n<li><strong>H\u00e1zhozsz\u00e1ll\u00edt\u00e1s (h\u00e1zhozsz\u00e1ll\u00edt\u00e1s)<\/strong>: \u20ac4<\/li>\n<\/ul>\n\n\n\n<p>A sz\u00e1ll\u00edt\u00e1si k\u00f6lts\u00e9gek a fizet\u00e9s el\u0151tt egy\u00e9rtelm\u0171en megjelennek, rejtett d\u00edjak n\u00e9lk\u00fcl.<\/p>\n\n\n\n<hr class=\"wp-block-separator has-alpha-channel-opacity\"\/>\n\n\n\n<h3 class=\"wp-block-heading\"><strong>Fizet\u00e9si m\u00f3dok<\/strong><\/h3>\n\n\n\n<p>Sz\u00e1mos biztons\u00e1gos \u00e9s k\u00e9nyelmes fizet\u00e9si lehet\u0151s\u00e9get k\u00edn\u00e1lunk:<\/p>\n\n\n\n<ul class=\"wp-block-list\">\n<li><strong>Hitelk\u00e1rtya \/ bankk\u00e1rtya<\/strong><\/li>\n\n\n\n<li><strong>Klarna<\/strong><\/li>\n\n\n\n<li><strong>Banki \u00e1tutal\u00e1s<\/strong><\/li>\n<\/ul>\n\n\n\n<p>Minden fizet\u00e9s biztons\u00e1gosan ker\u00fcl feldolgoz\u00e1sra. A megrendel\u00e9s\u00e9t a sikeres fizet\u00e9s visszaigazol\u00e1sa ut\u00e1n k\u00e9sz\u00edtj\u00fck el\u0151 a sz\u00e1ll\u00edt\u00e1sra.<\/p>\n\n\n\n<hr class=\"wp-block-separator has-alpha-channel-opacity\"\/>\n\n\n\n<p>Ha b\u00e1rmilyen k\u00e9rd\u00e9se van a sz\u00e1ll\u00edt\u00e1ssal vagy a fizet\u00e9ssel kapcsolatban, forduljon hozz\u00e1nk bizalommal a kapcsolatfelv\u00e9teli oldalon vagy e-mailben.<\/p>","protected":false},"excerpt":{"rendered":"<p>Shipping Information We deliver our products across Europe. The&nbsp;exact delivery date and shipping method&nbsp;will be displayed directly on the&nbsp;product page, as well as in the&nbsp;shopping cart and checkout&nbsp;before completing your order. Shipping Options &amp; Prices Shipping costs are clearly shown before payment, with no hidden fees. Payment Methods We offer several secure and convenient payment [&hellip;]<\/p>\n","protected":false},"author":1,"featured_media":0,"parent":0,"menu_order":0,"comment_status":"closed","ping_status":"closed","template":"","meta":{"footnotes":""},"class_list":["post-137","page","type-page","status-publish","hentry"],"_hostinger_reach_plugin_has_subscription_block":false,"_hostinger_reach_plugin_is_elementor":false,"_links":{"self":[{"href":"https:\/\/ivanzo.com\/hu\/wp-json\/wp\/v2\/pages\/137","targetHints":{"allow":["GET"]}}],"collection":[{"href":"https:\/\/ivanzo.com\/hu\/wp-json\/wp\/v2\/pages"}],"about":[{"href":"https:\/\/ivanzo.com\/hu\/wp-json\/wp\/v2\/types\/page"}],"author":[{"embeddable":true,"href":"https:\/\/ivanzo.com\/hu\/wp-json\/wp\/v2\/users\/1"}],"replies":[{"embeddable":true,"href":"https:\/\/ivanzo.com\/hu\/wp-json\/wp\/v2\/comments?post=137"}],"version-history":[{"count":3,"href":"https:\/\/ivanzo.com\/hu\/wp-json\/wp\/v2\/pages\/137\/revisions"}],"predecessor-version":[{"id":140,"href":"https:\/\/ivanzo.com\/hu\/wp-json\/wp\/v2\/pages\/137\/revisions\/140"}],"wp:attachment":[{"href":"https:\/\/ivanzo.com\/hu\/wp-json\/wp\/v2\/media?parent=137"}],"curies":[{"name":"wp","href":"https:\/\/api.w.org\/{rel}","templated":true}]}}