{"id":135,"date":"2025-12-31T16:00:44","date_gmt":"2025-12-31T16:00:44","guid":{"rendered":"https:\/\/ivanzo.com\/?page_id=135"},"modified":"2026-01-01T10:15:27","modified_gmt":"2026-01-01T10:15:27","slug":"kapcsolatfelvetel","status":"publish","type":"page","link":"https:\/\/ivanzo.com\/hu\/contact\/","title":{"rendered":"Kapcsolat"},"content":{"rendered":"<p>K\u00e9rd\u00e9se van term\u00e9keinkkel, megrendel\u00e9s\u00e9vel kapcsolatban, vagy t\u00e1mogat\u00e1sra van sz\u00fcks\u00e9ge?<\/p>\n\n\n\n<p>Forduljon hozz\u00e1nk bizalommal - sz\u00edvesen seg\u00edt\u00fcnk.<\/p>\n\n\n\n<h3 class=\"wp-block-heading\"><strong>\u00dcgyf\u00e9lszolg\u00e1lat<\/strong><\/h3>\n\n\n\n<p><strong>E-mail:<\/strong>\u00a0<a href=\"mailto:info@ivanzo.com\">info@ivanzo.com<\/a><\/p>\n\n\n\n<p><strong>Telefon:<\/strong>\u00a0<a href=\"tel:421944780345\">+421 944 780 345<\/a><\/p>\n\n\n\n<p><strong>El\u00e9rhet\u0151s\u00e9g:<\/strong><\/p>\n\n\n\n<p>H\u00e9tf\u0151 - p\u00e9ntek, 9:00 - 17:00 (CET)<\/p>\n\n\n\n<p>\u00c1ltal\u00e1ban egy munkanapon bel\u00fcl v\u00e1laszolunk.<\/p>\n\n\n\n<p>Ha b\u00e1rmi nem \u00fagy m\u0171k\u00f6dik, ahogyan azt elv\u00e1rtuk, egyszer\u0171en l\u00e9pjen kapcsolatba vel\u00fcnk, \u00e9s mi gondoskodunk r\u00f3la.<\/p>\n\n\n\n<hr class=\"wp-block-separator has-alpha-channel-opacity\"\/>\n\n\n\n<h3 class=\"wp-block-heading\"><strong>A v\u00e1llalat r\u00e9szletei<\/strong><\/h3>\n\n\n\n<p><strong>C\u00e9gn\u00e9v:<\/strong>&nbsp;Trending Up s. r. o.<\/p>\n\n\n\n<p><strong>Bejegyzett c\u00edm:<\/strong><\/p>\n\n\n\n<p>\u0160ari\u0161sk\u00fd \u0160tiavnik 13<\/p>\n\n\n\n<p>090 42 \u0160ari\u0161sk\u00fd \u0160tiavnik<\/p>\n\n\n\n<p>Szlov\u00e1k K\u00f6zt\u00e1rsas\u00e1g<\/p>\n\n\n\n<p><strong>C\u00e9gazonos\u00edt\u00f3 (I\u010cO):<\/strong>&nbsp;56383771<\/p>\n\n\n\n<p><strong>Ad\u00f3sz\u00e1m (DI\u010c):<\/strong>&nbsp;2122289125<\/p>\n\n\n\n<p><strong>\u00c1FA-AZONOS\u00cdT\u00d3:<\/strong>&nbsp;SK2122289125<\/p>\n\n\n\n<hr class=\"wp-block-separator has-alpha-channel-opacity\"\/>\n\n\n\n<h3 class=\"wp-block-heading\"><strong>Jogi inform\u00e1ci\u00f3k<\/strong><\/h3>\n\n\n\n<p>A v\u00e1llalat be van jegyezve a Pre\u0161ovi Ker\u00fcleti B\u00edr\u00f3s\u00e1g kereskedelmi nyilv\u00e1ntart\u00e1s\u00e1ba,<\/p>\n\n\n\n<p>Szekci\u00f3: Sro, iktat\u00f3sz\u00e1m: 48226\/P<\/p>","protected":false},"excerpt":{"rendered":"<p>Have a question about our products, your order, or need support? Feel free to contact us \u2014 we\u2019ll be happy to help. Customer Support Email:\u00a0info@ivanzo.com Phone:\u00a0+421 944 780 345 Availability: Monday \u2013 Friday, 9:00 \u2013 17:00 (CET) We usually respond within one business day. If anything doesn\u2019t work as expected, simply contact us and we [&hellip;]<\/p>\n","protected":false},"author":1,"featured_media":0,"parent":0,"menu_order":0,"comment_status":"closed","ping_status":"closed","template":"","meta":{"footnotes":""},"class_list":["post-135","page","type-page","status-publish","hentry"],"_hostinger_reach_plugin_has_subscription_block":false,"_hostinger_reach_plugin_is_elementor":false,"_links":{"self":[{"href":"https:\/\/ivanzo.com\/hu\/wp-json\/wp\/v2\/pages\/135","targetHints":{"allow":["GET"]}}],"collection":[{"href":"https:\/\/ivanzo.com\/hu\/wp-json\/wp\/v2\/pages"}],"about":[{"href":"https:\/\/ivanzo.com\/hu\/wp-json\/wp\/v2\/types\/page"}],"author":[{"embeddable":true,"href":"https:\/\/ivanzo.com\/hu\/wp-json\/wp\/v2\/users\/1"}],"replies":[{"embeddable":true,"href":"https:\/\/ivanzo.com\/hu\/wp-json\/wp\/v2\/comments?post=135"}],"version-history":[{"count":2,"href":"https:\/\/ivanzo.com\/hu\/wp-json\/wp\/v2\/pages\/135\/revisions"}],"predecessor-version":[{"id":218,"href":"https:\/\/ivanzo.com\/hu\/wp-json\/wp\/v2\/pages\/135\/revisions\/218"}],"wp:attachment":[{"href":"https:\/\/ivanzo.com\/hu\/wp-json\/wp\/v2\/media?parent=135"}],"curies":[{"name":"wp","href":"https:\/\/api.w.org\/{rel}","templated":true}]}}