{"id":133,"date":"2025-12-31T04:43:46","date_gmt":"2025-12-31T04:43:46","guid":{"rendered":"https:\/\/ivanzo.com\/?page_id=133"},"modified":"2026-01-01T07:48:41","modified_gmt":"2026-01-01T07:48:41","slug":"rolunk","status":"publish","type":"page","link":"https:\/\/ivanzo.com\/hu\/about-us\/","title":{"rendered":"R\u00f3lunk"},"content":{"rendered":"<p>Mi egy szlov\u00e1kiai sz\u00e9khely\u0171 online \u00e1ruh\u00e1z vagyunk, amely arra \u00f6sszpontos\u00edt, hogy a&nbsp;<strong>AI-alap\u00fa intelligens szem\u00fcveg<\/strong>&nbsp;az \u00fcgyfelek sz\u00e1m\u00e1ra Eur\u00f3pa-szerte.<\/p>\n\n\n\n<p>T\u00f6rt\u00e9net\u00fcnk egy egyszer\u0171 frusztr\u00e1ci\u00f3val kezd\u0151d\u00f6tt:&nbsp;<strong>ezek a term\u00e9kek sehol sem voltak el\u00e9rhet\u0151k haz\u00e1nkban<\/strong>. M\u00edg az innovat\u00edv AI szem\u00fcvegek, mint p\u00e9ld\u00e1ul&nbsp;<strong>Ray-Ban Meta<\/strong>,&nbsp;<strong>Oakley Meta Vanguard<\/strong>,&nbsp;<strong>Oakley Meta HSTN<\/strong>, \u00e9s&nbsp;<strong>Meta Ray-Ban kijelz\u0151<\/strong>&nbsp;m\u00e1r k\u00fclf\u00f6ld\u00f6n is a j\u00f6v\u0151t alak\u00edtott\u00e1k, a szlov\u00e1kiai \u00fcgyfelek nem tudtak hozz\u00e1juk f\u00e9rni. \u00dagy d\u00f6nt\u00f6tt\u00fcnk, hogy ezen v\u00e1ltoztatunk.<\/p>\n\n\n\n<p>Egy technol\u00f3gia-rajong\u00f3 alap\u00edtotta, \u00e9s a k\u00f6vetkez\u0151 alatt m\u0171k\u00f6dik&nbsp;<strong>Trending Up s. r. o.<\/strong>, k\u00fcldet\u00e9s\u00fcnk, hogy el\u00e9rhet\u0151v\u00e9 tegy\u00fck a cs\u00facstechnol\u00f3gi\u00e1t k\u00e9pvisel\u0151 viselhet\u0151 mesters\u00e9ges intelligenci\u00e1t azokban az orsz\u00e1gokban, ahol ez nehezen el\u00e9rhet\u0151.<\/p>\n\n\n\n<p>Eladjuk&nbsp;<strong>100% csak eredeti term\u00e9kek<\/strong>, megb\u00edzhat\u00f3 partnerekt\u0151l sz\u00e1rmazik. Minden term\u00e9ket gondosan kiv\u00e1lasztunk a formatervez\u00e9s, a teljes\u00edtm\u00e9ny \u00e9s a val\u00f3s haszn\u00e1lhat\u00f3s\u00e1g szempontj\u00e1b\u00f3l. Hissz\u00fck, hogy az intelligens szem\u00fcveg t\u00f6bb, mint egy k\u00fcty\u00fc - term\u00e9szetes kiterjeszt\u00e9se annak, ahogyan az emberek kapcsolatot teremtenek, alkotnak \u00e9s megtapasztalj\u00e1k a technol\u00f3gi\u00e1t.<\/p>\n\n\n\n<p>Term\u00e9keinket a k\u00f6vetkez\u0151kre tervezt\u00e9k&nbsp;<strong>alkot\u00f3k, sportol\u00f3k, tech-rajong\u00f3k \u00e9s h\u00e9tk\u00f6znapi felhaszn\u00e1l\u00f3k<\/strong>&nbsp;akik szabad k\u00e9zzel szeretn\u00e9k meg\u00f6r\u00f6k\u00edteni a pillanatokat, \u00fatk\u00f6zben is kapcsolatban maradni, \u00e9s felfedezni a viselhet\u0151 AI j\u00f6v\u0151j\u00e9t.<\/p>\n\n\n\n<p>Megb\u00edzhat\u00f3an sz\u00e1ll\u00edtunk Eur\u00f3pa-szerte, \u00e9s az \u00e1ltalunk \u00e9rt\u00e9kes\u00edtett term\u00e9kek m\u00f6g\u00f6tt \u00e1llunk.&nbsp;<strong>Ha b\u00e1rmi nem m\u0171k\u00f6dik a v\u00e1rt m\u00f3don, az \u00fcgyfelek egyszer\u0171en kapcsolatba l\u00e9phetnek vel\u00fcnk, \u00e9s mi gondoskodunk r\u00f3la.<\/strong><\/p>\n\n\n\n<p>Szlov\u00e1ki\u00e1t\u00f3l eg\u00e9sz Eur\u00f3p\u00e1ig -&nbsp;<strong>az intelligens l\u00e1t\u00e1s j\u00f6v\u0151je itt kezd\u0151dik<\/strong>.<\/p>","protected":false},"excerpt":{"rendered":"<p>We are a Slovakia-based online store focused on bringing&nbsp;AI-powered smart glasses&nbsp;to customers across Europe. Our story began with a simple frustration:&nbsp;these products were not available anywhere in our country. While innovative AI glasses such as&nbsp;Ray-Ban Meta,&nbsp;Oakley Meta Vanguard,&nbsp;Oakley Meta HSTN, and&nbsp;Meta Ray-Ban Display&nbsp;were already shaping the future abroad, customers in Slovakia had no access to [&hellip;]<\/p>\n","protected":false},"author":1,"featured_media":0,"parent":0,"menu_order":0,"comment_status":"closed","ping_status":"closed","template":"","meta":{"footnotes":""},"class_list":["post-133","page","type-page","status-publish","hentry"],"_hostinger_reach_plugin_has_subscription_block":false,"_hostinger_reach_plugin_is_elementor":false,"_links":{"self":[{"href":"https:\/\/ivanzo.com\/hu\/wp-json\/wp\/v2\/pages\/133","targetHints":{"allow":["GET"]}}],"collection":[{"href":"https:\/\/ivanzo.com\/hu\/wp-json\/wp\/v2\/pages"}],"about":[{"href":"https:\/\/ivanzo.com\/hu\/wp-json\/wp\/v2\/types\/page"}],"author":[{"embeddable":true,"href":"https:\/\/ivanzo.com\/hu\/wp-json\/wp\/v2\/users\/1"}],"replies":[{"embeddable":true,"href":"https:\/\/ivanzo.com\/hu\/wp-json\/wp\/v2\/comments?post=133"}],"version-history":[{"count":2,"href":"https:\/\/ivanzo.com\/hu\/wp-json\/wp\/v2\/pages\/133\/revisions"}],"predecessor-version":[{"id":141,"href":"https:\/\/ivanzo.com\/hu\/wp-json\/wp\/v2\/pages\/133\/revisions\/141"}],"wp:attachment":[{"href":"https:\/\/ivanzo.com\/hu\/wp-json\/wp\/v2\/media?parent=133"}],"curies":[{"name":"wp","href":"https:\/\/api.w.org\/{rel}","templated":true}]}}