{"id":336,"date":"2026-01-10T08:04:04","date_gmt":"2026-01-10T08:04:04","guid":{"rendered":"https:\/\/ivanzo.com\/?page_id=336"},"modified":"2026-01-10T08:04:05","modified_gmt":"2026-01-10T08:04:05","slug":"cesto-postavljana-pitanja-o-wayfareru-generacije-2","status":"publish","type":"page","link":"https:\/\/ivanzo.com\/hr\/frequently-asked-questions-wayfarer-gen-2\/","title":{"rendered":"\u010cesto postavljana pitanja Putnik (Post 2)"},"content":{"rendered":"<div data-wp-context=\"{ &quot;autoclose&quot;: false, &quot;accordionItems&quot;: [] }\" data-wp-interactive=\"core\/accordion\" role=\"group\" class=\"wp-block-accordion is-layout-flow wp-block-accordion-is-layout-flow\">\n<div data-wp-class--is-open=\"state.isOpen\" data-wp-context=\"{ &quot;id&quot;: &quot;accordion-item-1&quot;, &quot;openByDefault&quot;: false }\" data-wp-init=\"callbacks.initAccordionItems\" data-wp-on-window--hashchange=\"callbacks.hashChange\" class=\"wp-block-accordion-item is-layout-flow wp-block-accordion-item-is-layout-flow\">\n<h3 class=\"wp-block-accordion-heading\"><button aria-expanded=\"false\" aria-controls=\"accordion-item-1-panel\" data-wp-bind--aria-expanded=\"state.isOpen\" data-wp-on--click=\"actions.toggle\" data-wp-on--keydown=\"actions.handleKeyDown\" id=\"accordion-item-1\" class=\"wp-block-accordion-heading__toggle\"><span class=\"wp-block-accordion-heading__toggle-title\">Gdje mogu kupiti Ray-Ban Meta nao\u010dale (Gen 2)?<\/span><span class=\"wp-block-accordion-heading__toggle-icon\" aria-hidden=\"true\">+<\/span><\/button><\/h3>\n\n\n\n<div inert aria-labelledby=\"accordion-item-1\" data-wp-bind--inert=\"!state.isOpen\" id=\"accordion-item-1-panel\" role=\"region\" class=\"wp-block-accordion-panel is-layout-flow wp-block-accordion-panel-is-layout-flow\">\n<p>Ray-Ban Meta nao\u010dale mo\u017eete kupiti u Sjedinjenim Ameri\u010dkim Dr\u017eavama, Kanadi, Ujedinjenom Kraljevstvu, Australiji, Francuskoj, Italiji, \u0160panjolskoj i Njema\u010dkoj putem Meta web stranice i drugih ovla\u0161tenih Meta prodava\u010da.&nbsp;<\/p>\n\n\n\n<p>Tako\u0111er su dostupne na Ray-Ban.com, u slu\u017ebenim Ray-Ban trgovinama i kod ovla\u0161tenih Ray-Ban prodava\u010da (online i u trgovini). Trenutno su dostupne za kupnju u Sjedinjenim Ameri\u010dkim Dr\u017eavama, Kanadi, Ujedinjenom Kraljevstvu, Irskoj, Austriji, Belgiji, Francuskoj, Italiji, \u0160panjolskoj, Njema\u010dkoj, Finskoj, Norve\u0161koj, Danskoj, \u0160vedskoj i Australiji.<\/p>\n<\/div>\n<\/div>\n<\/div>\n\n\n\n<div data-wp-context=\"{ &quot;autoclose&quot;: false, &quot;accordionItems&quot;: [] }\" data-wp-interactive=\"core\/accordion\" role=\"group\" class=\"wp-block-accordion is-layout-flow wp-block-accordion-is-layout-flow\">\n<div data-wp-class--is-open=\"state.isOpen\" data-wp-context=\"{ &quot;id&quot;: &quot;accordion-item-2&quot;, &quot;openByDefault&quot;: false }\" data-wp-init=\"callbacks.initAccordionItems\" data-wp-on-window--hashchange=\"callbacks.hashChange\" class=\"wp-block-accordion-item is-layout-flow wp-block-accordion-item-is-layout-flow\">\n<h3 class=\"wp-block-accordion-heading\"><button aria-expanded=\"false\" aria-controls=\"accordion-item-2-panel\" data-wp-bind--aria-expanded=\"state.isOpen\" data-wp-on--click=\"actions.toggle\" data-wp-on--keydown=\"actions.handleKeyDown\" id=\"accordion-item-2\" class=\"wp-block-accordion-heading__toggle\"><span class=\"wp-block-accordion-heading__toggle-title\">Po \u010demu se Ray-Ban Meta nao\u010dale (Gen 2) razlikuju od Ray-Ban Meta nao\u010dala (Gen 1)?<\/span><span class=\"wp-block-accordion-heading__toggle-icon\" aria-hidden=\"true\">+<\/span><\/button><\/h3>\n\n\n\n<div inert aria-labelledby=\"accordion-item-2\" data-wp-bind--inert=\"!state.isOpen\" id=\"accordion-item-2-panel\" role=\"region\" class=\"wp-block-accordion-panel is-layout-flow wp-block-accordion-panel-is-layout-flow\">\n<p>Ray-Ban Meta (Gen 2) ima nadogra\u0111enu kameru s pobolj\u0161anom 3K Ultra HD video rezolucijom i do 8 sati trajanja baterije s jednim punjenjem, \u0161to je 2 puta dulje od trajanja baterije Ray-Ban Meta (Gen 1).<\/p>\n<\/div>\n<\/div>\n<\/div>","protected":false},"excerpt":{"rendered":"","protected":false},"author":1,"featured_media":0,"parent":0,"menu_order":0,"comment_status":"closed","ping_status":"closed","template":"","meta":{"footnotes":""},"class_list":["post-336","page","type-page","status-publish","hentry"],"_hostinger_reach_plugin_has_subscription_block":false,"_hostinger_reach_plugin_is_elementor":false,"_links":{"self":[{"href":"https:\/\/ivanzo.com\/hr\/wp-json\/wp\/v2\/pages\/336","targetHints":{"allow":["GET"]}}],"collection":[{"href":"https:\/\/ivanzo.com\/hr\/wp-json\/wp\/v2\/pages"}],"about":[{"href":"https:\/\/ivanzo.com\/hr\/wp-json\/wp\/v2\/types\/page"}],"author":[{"embeddable":true,"href":"https:\/\/ivanzo.com\/hr\/wp-json\/wp\/v2\/users\/1"}],"replies":[{"embeddable":true,"href":"https:\/\/ivanzo.com\/hr\/wp-json\/wp\/v2\/comments?post=336"}],"version-history":[{"count":2,"href":"https:\/\/ivanzo.com\/hr\/wp-json\/wp\/v2\/pages\/336\/revisions"}],"predecessor-version":[{"id":339,"href":"https:\/\/ivanzo.com\/hr\/wp-json\/wp\/v2\/pages\/336\/revisions\/339"}],"wp:attachment":[{"href":"https:\/\/ivanzo.com\/hr\/wp-json\/wp\/v2\/media?parent=336"}],"curies":[{"name":"radni list","href":"https:\/\/api.w.org\/{rel}","templated":true}]}}