{"id":142,"date":"2026-01-01T07:54:49","date_gmt":"2026-01-01T07:54:49","guid":{"rendered":"https:\/\/ivanzo.com\/?page_id=142"},"modified":"2026-01-01T10:58:21","modified_gmt":"2026-01-01T10:58:21","slug":"cesto-postavljana-pitanja-2","status":"publish","type":"page","link":"https:\/\/ivanzo.com\/hr\/faq\/","title":{"rendered":"\u010cPP \u2013 \u010cesto postavljana pitanja"},"content":{"rendered":"<h3 class=\"wp-block-heading\"><strong>Jesu li proizvodi originalni?<\/strong><\/h3>\n\n\n\n<p>Da. Svi proizvodi koji se prodaju u na\u0161oj trgovini su originalni 100% i nabavljeni su iz slu\u017ebenih i provjerenih distribucijskih kanala. Prodajemo samo originalne Meta pametne nao\u010dale.<\/p>\n\n\n\n<hr class=\"wp-block-separator has-alpha-channel-opacity\"\/>\n\n\n\n<h3 class=\"wp-block-heading\"><strong>Dostavljate li diljem Europe?<\/strong><\/h3>\n\n\n\n<p>Da, \u0161aljemo u sve zemlje Europske unije. Dostupnost, na\u010din dostave i procijenjeni datum dostave prikazani su u ko\u0161arici i prilikom pla\u0107anja.<\/p>\n\n\n\n<hr class=\"wp-block-separator has-alpha-channel-opacity\"\/>\n\n\n\n<h3 class=\"wp-block-heading\"><strong>Koliko ko\u0161ta dostava?<\/strong><\/h3>\n\n\n\n<ul class=\"wp-block-list\">\n<li><strong>Mjesto preuzimanja:<\/strong>&nbsp;Besplatno<\/li>\n\n\n\n<li><strong>Dostava na ku\u0107nu adresu:<\/strong>&nbsp;\u20ac4<\/li>\n<\/ul>\n\n\n\n<p>Kona\u010dna opcija dostave i datum isporuke bit \u0107e prikazani prilikom pla\u0107anja.<\/p>\n\n\n\n<hr class=\"wp-block-separator has-alpha-channel-opacity\"\/>\n\n\n\n<h3 class=\"wp-block-heading\"><strong>Koje na\u010dine pla\u0107anja prihva\u0107ate?<\/strong><\/h3>\n\n\n\n<p>Mo\u017eete platiti koriste\u0107i:<\/p>\n\n\n\n<ul class=\"wp-block-list\">\n<li>Kreditna ili debitna kartica<\/li>\n\n\n\n<li>Klarna<\/li>\n\n\n\n<li>Bankovni prijenos<\/li>\n<\/ul>\n\n\n\n<p>Sva pla\u0107anja se obra\u0111uju sigurno.<\/p>\n\n\n\n<hr class=\"wp-block-separator has-alpha-channel-opacity\"\/>\n\n\n\n<h3 class=\"wp-block-heading\"><strong>Mogu li vratiti svoju narud\u017ebu?<\/strong><\/h3>\n\n\n\n<p>Da. U skladu sa zakonima EU o za\u0161titi potro\u0161a\u010da, imate pravo vratiti svoju narud\u017ebu&nbsp;<strong>u roku od 14 dana<\/strong>&nbsp;primitka proizvoda, bez navo\u0111enja razloga.<\/p>\n\n\n\n<p>Vra\u0107eni artikli moraju biti nekori\u0161teni, neo\u0161te\u0107eni i u originalnoj ambala\u017ei. Detaljne upute za povrat mo\u017eete dobiti ako nas kontaktirate.<\/p>\n\n\n\n<hr class=\"wp-block-separator has-alpha-channel-opacity\"\/>\n\n\n\n<h3 class=\"wp-block-heading\"><strong>\u0160to trebam u\u010diniti ako moj proizvod ne radi ispravno?<\/strong><\/h3>\n\n\n\n<p>Ako imate bilo kakvih problema s proizvodom, molimo vas da nas kontaktirate \u0161to je prije mogu\u0107e. Na\u0161 tim za podr\u0161ku pomo\u0107i \u0107e vam s rje\u0161avanjem problema, zamjenom ili povratom ako je potrebno.<\/p>\n\n\n\n<hr class=\"wp-block-separator has-alpha-channel-opacity\"\/>\n\n\n\n<h3 class=\"wp-block-heading\"><strong>Kako vas mogu kontaktirati?<\/strong><\/h3>\n\n\n\n<p>Mo\u017eete nas kontaktirati putem:<\/p>\n\n\n\n<ul class=\"wp-block-list\">\n<li>E-po\u0161ta:\u00a0<strong><a href=\"mailto:info@ivanzo.com\">info@ivanzo.com<\/a><\/strong><\/li>\n\n\n\n<li>Telefon:\u00a0<strong><a href=\"tel:421944780345\">+421 944 780 345<\/a><\/strong><\/li>\n<\/ul>\n\n\n\n<p>Na\u0161e radno vrijeme navedeno je na stranici Kontakt.<\/p>\n\n\n\n<hr class=\"wp-block-separator has-alpha-channel-opacity\"\/>\n\n\n\n<h3 class=\"wp-block-heading\"><strong>Gdje se nalazi sjedi\u0161te va\u0161e tvrtke?<\/strong><\/h3>\n\n\n\n<p>Sjedi\u0161te nam je u&nbsp;<strong>Slova\u010dka<\/strong>&nbsp;i posluju pod okriljem tvrtke&nbsp;<strong>Trending Up sro.<\/strong>, slu\u017ebeno registrirana kod Okru\u017enog suda u Pre\u0161ovu.<\/p>","protected":false},"excerpt":{"rendered":"<p>Are the products original? Yes. All products sold in our store are 100% original and sourced from official and verified distribution channels. We only sell genuine Meta smart glasses. Do you ship across Europe? Yes, we ship to all European Union countries. Availability, delivery method, and estimated delivery date are displayed in the cart and [&hellip;]<\/p>\n","protected":false},"author":1,"featured_media":0,"parent":0,"menu_order":0,"comment_status":"closed","ping_status":"closed","template":"","meta":{"footnotes":""},"class_list":["post-142","page","type-page","status-publish","hentry"],"_hostinger_reach_plugin_has_subscription_block":false,"_hostinger_reach_plugin_is_elementor":false,"_links":{"self":[{"href":"https:\/\/ivanzo.com\/hr\/wp-json\/wp\/v2\/pages\/142","targetHints":{"allow":["GET"]}}],"collection":[{"href":"https:\/\/ivanzo.com\/hr\/wp-json\/wp\/v2\/pages"}],"about":[{"href":"https:\/\/ivanzo.com\/hr\/wp-json\/wp\/v2\/types\/page"}],"author":[{"embeddable":true,"href":"https:\/\/ivanzo.com\/hr\/wp-json\/wp\/v2\/users\/1"}],"replies":[{"embeddable":true,"href":"https:\/\/ivanzo.com\/hr\/wp-json\/wp\/v2\/comments?post=142"}],"version-history":[{"count":2,"href":"https:\/\/ivanzo.com\/hr\/wp-json\/wp\/v2\/pages\/142\/revisions"}],"predecessor-version":[{"id":234,"href":"https:\/\/ivanzo.com\/hr\/wp-json\/wp\/v2\/pages\/142\/revisions\/234"}],"wp:attachment":[{"href":"https:\/\/ivanzo.com\/hr\/wp-json\/wp\/v2\/media?parent=142"}],"curies":[{"name":"radni list","href":"https:\/\/api.w.org\/{rel}","templated":true}]}}