{"id":137,"date":"2026-01-01T07:46:33","date_gmt":"2026-01-01T07:46:33","guid":{"rendered":"https:\/\/ivanzo.com\/?page_id=137"},"modified":"2026-01-01T07:47:14","modified_gmt":"2026-01-01T07:47:14","slug":"placanje-dostave","status":"publish","type":"page","link":"https:\/\/ivanzo.com\/hr\/shipping-payment\/","title":{"rendered":"Dostava i pla\u0107anje"},"content":{"rendered":"<h3 class=\"wp-block-heading\"><strong>Informacije o dostavi<\/strong><\/h3>\n\n\n\n<p>Na\u0161e proizvode isporu\u010dujemo diljem Europe.<\/p>\n\n\n\n<p>The&nbsp;<strong>to\u010dan datum isporuke i na\u010din dostave<\/strong>&nbsp;bit \u0107e prikazan izravno na&nbsp;<strong>stranica proizvoda<\/strong>, kao i u&nbsp;<strong>ko\u0161arica i blagajna<\/strong>&nbsp;prije dovr\u0161etka va\u0161e narud\u017ebe.<\/p>\n\n\n\n<h4 class=\"wp-block-heading\"><strong>Mogu\u0107nosti i cijene dostave<\/strong><\/h4>\n\n\n\n<ul class=\"wp-block-list\">\n<li><strong>Mjesto preuzimanja<\/strong>Besplatno<\/li>\n\n\n\n<li><strong>Dostava na ku\u0107nu adresu (dostava na adresu)<\/strong>: \u20ac4<\/li>\n<\/ul>\n\n\n\n<p>Tro\u0161kovi dostave su jasno prikazani prije pla\u0107anja, bez skrivenih tro\u0161kova.<\/p>\n\n\n\n<hr class=\"wp-block-separator has-alpha-channel-opacity\"\/>\n\n\n\n<h3 class=\"wp-block-heading\"><strong>Na\u010dini pla\u0107anja<\/strong><\/h3>\n\n\n\n<p>Nudimo nekoliko sigurnih i prakti\u010dnih opcija pla\u0107anja:<\/p>\n\n\n\n<ul class=\"wp-block-list\">\n<li><strong>Kreditna\/debitna kartica<\/strong><\/li>\n\n\n\n<li><strong>Klarna<\/strong><\/li>\n\n\n\n<li><strong>Bankovni prijenos<\/strong><\/li>\n<\/ul>\n\n\n\n<p>Sva pla\u0107anja se obra\u0111uju sigurno. Va\u0161a \u0107e narud\u017eba biti pripremljena za otpremu nakon \u0161to pla\u0107anje bude uspje\u0161no potvr\u0111eno.<\/p>\n\n\n\n<hr class=\"wp-block-separator has-alpha-channel-opacity\"\/>\n\n\n\n<p>Ako imate bilo kakvih pitanja u vezi dostave ili pla\u0107anja, slobodno nas kontaktirajte putem na\u0161e kontakt stranice ili e-maila.<\/p>","protected":false},"excerpt":{"rendered":"<p>Shipping Information We deliver our products across Europe. The&nbsp;exact delivery date and shipping method&nbsp;will be displayed directly on the&nbsp;product page, as well as in the&nbsp;shopping cart and checkout&nbsp;before completing your order. Shipping Options &amp; Prices Shipping costs are clearly shown before payment, with no hidden fees. Payment Methods We offer several secure and convenient payment [&hellip;]<\/p>\n","protected":false},"author":1,"featured_media":0,"parent":0,"menu_order":0,"comment_status":"closed","ping_status":"closed","template":"","meta":{"footnotes":""},"class_list":["post-137","page","type-page","status-publish","hentry"],"_hostinger_reach_plugin_has_subscription_block":false,"_hostinger_reach_plugin_is_elementor":false,"_links":{"self":[{"href":"https:\/\/ivanzo.com\/hr\/wp-json\/wp\/v2\/pages\/137","targetHints":{"allow":["GET"]}}],"collection":[{"href":"https:\/\/ivanzo.com\/hr\/wp-json\/wp\/v2\/pages"}],"about":[{"href":"https:\/\/ivanzo.com\/hr\/wp-json\/wp\/v2\/types\/page"}],"author":[{"embeddable":true,"href":"https:\/\/ivanzo.com\/hr\/wp-json\/wp\/v2\/users\/1"}],"replies":[{"embeddable":true,"href":"https:\/\/ivanzo.com\/hr\/wp-json\/wp\/v2\/comments?post=137"}],"version-history":[{"count":3,"href":"https:\/\/ivanzo.com\/hr\/wp-json\/wp\/v2\/pages\/137\/revisions"}],"predecessor-version":[{"id":140,"href":"https:\/\/ivanzo.com\/hr\/wp-json\/wp\/v2\/pages\/137\/revisions\/140"}],"wp:attachment":[{"href":"https:\/\/ivanzo.com\/hr\/wp-json\/wp\/v2\/media?parent=137"}],"curies":[{"name":"radni list","href":"https:\/\/api.w.org\/{rel}","templated":true}]}}