{"id":133,"date":"2025-12-31T04:43:46","date_gmt":"2025-12-31T04:43:46","guid":{"rendered":"https:\/\/ivanzo.com\/?page_id=133"},"modified":"2026-01-01T07:48:41","modified_gmt":"2026-01-01T07:48:41","slug":"o-nama","status":"publish","type":"page","link":"https:\/\/ivanzo.com\/hr\/about-us\/","title":{"rendered":"O nama"},"content":{"rendered":"<p>Mi smo slova\u010dka internetska trgovina usmjerena na&nbsp;<strong>Pametne nao\u010dale s umjetnom inteligencijom<\/strong>&nbsp;kupcima diljem Europe.<\/p>\n\n\n\n<p>Na\u0161a pri\u010da je zapo\u010dela jednostavnom frustracijom:&nbsp;<strong>Ovi proizvodi nisu bili dostupni nigdje u na\u0161oj zemlji<\/strong>. Dok inovativne AI nao\u010dale poput&nbsp;<strong>Ray-Ban Meta<\/strong>,&nbsp;<strong>Oakley Meta Vanguard<\/strong>,&nbsp;<strong>Oakley Meta HSTN<\/strong>, i&nbsp;<strong>Meta Ray-Ban Display<\/strong>&nbsp;ve\u0107 su oblikovali budu\u0107nost u inozemstvu, kupci u Slova\u010dkoj nisu imali pristup njima. Odlu\u010dili smo to promijeniti.<\/p>\n\n\n\n<p>Osnovao ga je tehnolo\u0161ki entuzijast, a posluje pod&nbsp;<strong>Trending Up sro.<\/strong>, na\u0161a je misija u\u010diniti najsuvremeniju nosivu umjetnu inteligenciju dostupnom u zemljama gdje ju je te\u0161ko prona\u0107i.<\/p>\n\n\n\n<p>Prodajemo&nbsp;<strong>Samo originalni proizvodi 100%<\/strong>, nabavljeno od pouzdanih partnera. Svaki proizvod pa\u017eljivo je odabran zbog svog dizajna, performansi i upotrebljivosti u stvarnom svijetu. Vjerujemo da su pametne nao\u010dale vi\u0161e od gadgeta - one su prirodni nastavak na\u010dina na koji se ljudi povezuju, stvaraju i do\u017eivljavaju tehnologiju.<\/p>\n\n\n\n<p>Na\u0161i proizvodi su dizajnirani za&nbsp;<strong>kreatori, sporta\u0161i, tehnolo\u0161ki entuzijasti i svakodnevni korisnici<\/strong>&nbsp;koji \u017eele snimati trenutke bez upotrebe ruku, ostati povezani u pokretu i istra\u017eiti budu\u0107nost nosivih ure\u0111aja s umjetnom inteligencijom.<\/p>\n\n\n\n<p>Pouzdano \u0161aljemo diljem Europe i stojimo iza onoga \u0161to prodajemo.&nbsp;<strong>Ako ne\u0161to ne funkcionira kako se o\u010dekuje, kupci nas mogu jednostavno kontaktirati i mi \u0107emo se pobrinuti za to.<\/strong><\/p>\n\n\n\n<p>Iz Slova\u010dke u cijelu Europu \u2014&nbsp;<strong>Budu\u0107nost pametnog vida po\u010dinje ovdje<\/strong>.<\/p>","protected":false},"excerpt":{"rendered":"<p>We are a Slovakia-based online store focused on bringing&nbsp;AI-powered smart glasses&nbsp;to customers across Europe. Our story began with a simple frustration:&nbsp;these products were not available anywhere in our country. While innovative AI glasses such as&nbsp;Ray-Ban Meta,&nbsp;Oakley Meta Vanguard,&nbsp;Oakley Meta HSTN, and&nbsp;Meta Ray-Ban Display&nbsp;were already shaping the future abroad, customers in Slovakia had no access to [&hellip;]<\/p>\n","protected":false},"author":1,"featured_media":0,"parent":0,"menu_order":0,"comment_status":"closed","ping_status":"closed","template":"","meta":{"footnotes":""},"class_list":["post-133","page","type-page","status-publish","hentry"],"_hostinger_reach_plugin_has_subscription_block":false,"_hostinger_reach_plugin_is_elementor":false,"_links":{"self":[{"href":"https:\/\/ivanzo.com\/hr\/wp-json\/wp\/v2\/pages\/133","targetHints":{"allow":["GET"]}}],"collection":[{"href":"https:\/\/ivanzo.com\/hr\/wp-json\/wp\/v2\/pages"}],"about":[{"href":"https:\/\/ivanzo.com\/hr\/wp-json\/wp\/v2\/types\/page"}],"author":[{"embeddable":true,"href":"https:\/\/ivanzo.com\/hr\/wp-json\/wp\/v2\/users\/1"}],"replies":[{"embeddable":true,"href":"https:\/\/ivanzo.com\/hr\/wp-json\/wp\/v2\/comments?post=133"}],"version-history":[{"count":2,"href":"https:\/\/ivanzo.com\/hr\/wp-json\/wp\/v2\/pages\/133\/revisions"}],"predecessor-version":[{"id":141,"href":"https:\/\/ivanzo.com\/hr\/wp-json\/wp\/v2\/pages\/133\/revisions\/141"}],"wp:attachment":[{"href":"https:\/\/ivanzo.com\/hr\/wp-json\/wp\/v2\/media?parent=133"}],"curies":[{"name":"radni list","href":"https:\/\/api.w.org\/{rel}","templated":true}]}}