{"id":101,"date":"2025-12-31T03:32:55","date_gmt":"2025-12-31T03:32:55","guid":{"rendered":"https:\/\/ivanzo.com\/?post_type=product&#038;p=101"},"modified":"2026-01-12T07:54:18","modified_gmt":"2026-01-12T07:54:18","slug":"ray-ban-meta-wayfarer-matte-black-polarized-graphite-gradient-gen-2","status":"publish","type":"product","link":"https:\/\/ivanzo.com\/et\/product\/ray-ban-meta-wayfarer-matte-black-polarized-graphite-gradient-gen-2\/","title":{"rendered":"Ray-Ban Meta Wayfarer (Gen 2) mattmustad AI-prillid polariseeritud grafiithallide gradientl\u00e4\u00e4tsedega"},"content":{"rendered":"<div class=\"xeuugli x2lwn1j xl49iz1 xx9i6jc xl0nj6t x78zum5 x1dn74xm x4a20bl xtatjob x79b4n4 x15p7v3w x1or4hh0 xhr6100 x13fuv20 x18b5jzi x1q0q8m5 x1t7ytsu x972fbf x10w94by x1qhh985 x14e42zd\">\n<div class=\"xeuugli x2lwn1j x78zum5 xig2svb x18vy5xy xlluq36 x17fa7br x1m967cu x15n2tc2 x79b4n4 x15p7v3w x1or4hh0 xhr6100 x13fuv20 x18b5jzi x1q0q8m5 x1t7ytsu x972fbf x10w94by x1qhh985 x14e42zd\">\n<div class=\"x193iq5w xh8yej3 x9f619 xdl72j9 x1c4vz4f x2lah0s x10rn61k xu9dp86 x1a9upw4 x1wx46er x9i2r8e x15dkgw3 x174qce6 x1reuy37 x1yhw3ld xwy3nlu xpu8j0z xfzd5jt\">\n<div class=\"ma-wd_739px xeuugli x2lwn1j x78zum5 xig2svb x18vy5xy xlluq36 x79b4n4 x15p7v3w x1or4hh0 xhr6100 x13fuv20 x18b5jzi x1q0q8m5 x1t7ytsu x972fbf x10w94by x1qhh985 x14e42zd\">\n<div class=\"xeuugli x2lwn1j x78zum5 xig2svb x18vy5xy xlluq36 xwy3nlu xvaqop8 x1ovcrgv x79b4n4 x15p7v3w x1or4hh0 xhr6100 x13fuv20 x18b5jzi x1q0q8m5 x1t7ytsu x972fbf x10w94by x1qhh985 x14e42zd\">\n<div><span class=\"xbks1sj x17gzxuv x3a6nna xm5vtmc x1t2x7uc x1o1n6r0 x1wsgf3v x1c773n9 x1k03ns3 xpbi8i2 x9820fh x1npfmwo xhj0du5 xrm2kyc xjprkx4 xlu1awn x12429cg x6tc29j xbq7h4v x6jdkww xq9mrsl\">Sellel paaril on mattmustad raamid polariseeritud gradientse grafiitist p\u00e4ikesel\u00e4\u00e4tsed, millel on kaheastmeline toon, mis tuhmub \u00fclevalt alla, ja polaritehnoloogia, mis p\u00fc\u00fcab peegeldusi ja v\u00e4hendab pimestust parema kontrasti, parema selguse ja 100% UVA- ja UVB-kaitsega.<\/span><\/div>\n<\/div>\n<\/div>\n<\/div>\n<ul>\n<li><b class=\"\">3K Ultra HD<\/b> k\u00f5rgeima eraldusv\u00f5imega video jaoks<\/li>\n<li><b class=\"\">Kuni 8 tundi aku kestvust<\/b>, kuni 48 lisatundi t\u00e4islaetud korpusega. Vaata \u00fcksikasju siit<\/li>\n<li><b class=\"\">Retseptip\u00f5hine<\/b> paljude l\u00e4\u00e4tset\u00fc\u00fcpide vahel valida. Lisateave<\/li>\n<li><b class=\"\">12 MP ultralaia kaamera<\/b> HD-fotode ja -videote jaoks<\/li>\n<li><b class=\"\">Diskreetsed avatud k\u00f5rvaga k\u00f5larid<\/b> ja kohandatud 5 mikrofoni massiivi<\/li>\n<li><b class=\"\">32 GB v\u00e4lkm\u00e4lu<\/b> (1,000+ fotot, 100+ 30s videot)<\/li>\n<\/ul>\n<h3 class=\"x16g9bbj xobpncf xjliv6m x1yxlzaz xsp84uj x1uc5f31 xxgyeuj x166pohu xakorsv xcxolhg xwczod1 x13mtej6 xjlskvi x1hhp1i x1i6xp69 xr4g9wi x12429cg x6tc29j xbq7h4v x6jdkww xq9mrsl x1a2a7pz\">Meta AI<\/h3>\n<\/div>\n<\/div>\n<div class=\"mma-wd767px_ma-wd_100 mmi-wd768pxandma-wd1024px_ma-wd_352px mmi-wd1025px_ma-wd_352px xeuugli x2lwn1j x78zum5 xig2svb x18vy5xy xlluq36 xwy3nlu xpu8j0z xfzd5jt x79b4n4 x15p7v3w x1or4hh0 xhr6100 x13fuv20 x18b5jzi x1q0q8m5 x1t7ytsu x972fbf x10w94by x1qhh985 x14e42zd\">\n<div class=\"mg-b_12px xeuugli x2lwn1j x78zum5 xig2svb x18vy5xy xlluq36 x79b4n4 x15p7v3w x1or4hh0 xhr6100 x13fuv20 x18b5jzi x1q0q8m5 x1t7ytsu x972fbf x10w94by x1qhh985 x14e42zd\"><span class=\"xbks1sj x17gzxuv x3a6nna xm5vtmc x1t2x7uc x1o1n6r0 x1wsgf3v x1c773n9 x1k03ns3 xpbi8i2 x9820fh x1npfmwo xhj0du5 xrm2kyc xjprkx4 xlu1awn x12429cg x6tc29j xbq7h4v x6jdkww xq9mrsl\">Saate Meta AI abil reaalajas teavet ja ettepanekuid. K\u00fcsige oma tehisintellekti prillidelt m\u00f6\u00f6duvate vaatamisv\u00e4\u00e4rsuste kohta, k\u00fcsige teel olles retsepte ja isegi tuletage meelde, kuhu te parkisite.<\/span><\/div>\n<div>\n<div class=\"xeuugli x2lwn1j x1uttgrm x1dces20 xb4t8oj x78zum5 x1dn74xm x4a20bl xtatjob xwy3nlu x102t0zd x1gw87hn x79b4n4 x15p7v3w x1or4hh0 xhr6100 x13fuv20 x18b5jzi x1q0q8m5 x1t7ytsu x972fbf x10w94by x1qhh985 x14e42zd\">\n<h3 class=\"x16g9bbj xobpncf xjliv6m x1yxlzaz xsp84uj x1uc5f31 xxgyeuj x166pohu xakorsv xcxolhg xwczod1 x13mtej6 xjlskvi x1hhp1i x1i6xp69 xr4g9wi x12429cg x6tc29j xbq7h4v x6jdkww xq9mrsl x1a2a7pz\">Capture<\/h3>\n<\/div>\n<div class=\"xeuugli x2lwn1j x78zum5 xig2svb x18vy5xy xlluq36 xwy3nlu xpu8j0z xfzd5jt x79b4n4 x15p7v3w x1or4hh0 xhr6100 x13fuv20 x18b5jzi x1q0q8m5 x1t7ytsu x972fbf x10w94by x1qhh985 x14e42zd\"><span class=\"xbks1sj x17gzxuv x3a6nna xm5vtmc x1t2x7uc x1o1n6r0 x1wsgf3v x1c773n9 x1k03ns3 xpbi8i2 x9820fh x1npfmwo xhj0du5 xrm2kyc xjprkx4 xlu1awn x12429cg x6tc29j xbq7h4v x6jdkww xq9mrsl\">Salvesta videod 3K Ultra HD-formaadis, et saavutada k\u00f5rgeim resolutsioon. J\u00e4\u00e4dvustage hetki teravamalt kui Gen 1 prillidega ja elage m\u00e4lestused uuesti \u00fcle nii suurtel kui v\u00e4ikestel ekraanidel.<\/span><\/div>\n<div>\n<div class=\"xeuugli x2lwn1j x1uttgrm x1dces20 xb4t8oj x78zum5 x1dn74xm x4a20bl xtatjob xwy3nlu x102t0zd x1gw87hn x79b4n4 x15p7v3w x1or4hh0 xhr6100 x13fuv20 x18b5jzi x1q0q8m5 x1t7ytsu x972fbf x10w94by x1qhh985 x14e42zd\">\n<h3 class=\"x16g9bbj xobpncf xjliv6m x1yxlzaz xsp84uj x1uc5f31 xxgyeuj x166pohu xakorsv xcxolhg xwczod1 x13mtej6 xjlskvi x1hhp1i x1i6xp69 xr4g9wi x12429cg x6tc29j xbq7h4v x6jdkww xq9mrsl x1a2a7pz\">Aku<\/h3>\n<\/div>\n<div class=\"xeuugli x2lwn1j x78zum5 xig2svb x18vy5xy xlluq36 xwy3nlu xpu8j0z xfzd5jt x79b4n4 x15p7v3w x1or4hh0 xhr6100 x13fuv20 x18b5jzi x1q0q8m5 x1t7ytsu x972fbf x10w94by x1qhh985 x14e42zd\"><span class=\"xbks1sj x17gzxuv x3a6nna xm5vtmc x1t2x7uc x1o1n6r0 x1wsgf3v x1c773n9 x1k03ns3 xpbi8i2 x9820fh x1npfmwo xhj0du5 xrm2kyc xjprkx4 xlu1awn x12429cg x6tc29j xbq7h4v x6jdkww xq9mrsl\">Veeda rohkem aega elades ja v\u00e4hem aega laadides kui Gen 1 prillidega. Nautige kuni 8 tundi aku t\u00f6\u00f6aega, lisaks 48 tundi koos laadimiskohvriga. Toitke 50% vaid 20 minutiga.<\/span><\/div>\n<div>\n<div class=\"xeuugli x2lwn1j x1uttgrm x1dces20 xb4t8oj x78zum5 x1dn74xm x4a20bl xtatjob xwy3nlu x102t0zd x1gw87hn x79b4n4 x15p7v3w x1or4hh0 xhr6100 x13fuv20 x18b5jzi x1q0q8m5 x1t7ytsu x972fbf x10w94by x1qhh985 x14e42zd\">\n<h3 class=\"x16g9bbj xobpncf xjliv6m x1yxlzaz xsp84uj x1uc5f31 xxgyeuj x166pohu xakorsv xcxolhg xwczod1 x13mtej6 xjlskvi x1hhp1i x1i6xp69 xr4g9wi x12429cg x6tc29j xbq7h4v x6jdkww xq9mrsl x1a2a7pz\">Kuula<\/h3>\n<\/div>\n<div class=\"xeuugli x2lwn1j x78zum5 xig2svb x18vy5xy xlluq36 xwy3nlu xpu8j0z xfzd5jt x79b4n4 x15p7v3w x1or4hh0 xhr6100 x13fuv20 x18b5jzi x1q0q8m5 x1t7ytsu x972fbf x10w94by x1qhh985 x14e42zd\"><span class=\"xbks1sj x17gzxuv x3a6nna xm5vtmc x1t2x7uc x1o1n6r0 x1wsgf3v x1c773n9 x1k03ns3 xpbi8i2 x9820fh x1npfmwo xhj0du5 xrm2kyc xjprkx4 xlu1awn x12429cg x6tc29j xbq7h4v x6jdkww xq9mrsl\">Prillide sangadesse ehitatud Bluetooth-\u00fchendusega k\u00f5larid edastavad heli, mida ainult sina kuuled, samas kui 5 sisseehitatud mikrofoni v\u00f5tavad telefonik\u00f5nede jaoks vastu teravat heli.<\/span><\/div>\n<div>\n<div class=\"xeuugli x2lwn1j x1uttgrm x1dces20 xb4t8oj x78zum5 x1dn74xm x4a20bl xtatjob xwy3nlu x102t0zd x1gw87hn x79b4n4 x15p7v3w x1or4hh0 xhr6100 x13fuv20 x18b5jzi x1q0q8m5 x1t7ytsu x972fbf x10w94by x1qhh985 x14e42zd\">\n<h3 class=\"x16g9bbj xobpncf xjliv6m x1yxlzaz xsp84uj x1uc5f31 xxgyeuj x166pohu xakorsv xcxolhg xwczod1 x13mtej6 xjlskvi x1hhp1i x1i6xp69 xr4g9wi x12429cg x6tc29j xbq7h4v x6jdkww xq9mrsl x1a2a7pz\">K\u00e4ed-vabad side<\/h3>\n<\/div>\n<div class=\"xeuugli x2lwn1j x78zum5 xig2svb x18vy5xy xlluq36 xwy3nlu xpu8j0z xfzd5jt x79b4n4 x15p7v3w x1or4hh0 xhr6100 x13fuv20 x18b5jzi x1q0q8m5 x1t7ytsu x972fbf x10w94by x1qhh985 x14e42zd\"><span class=\"xbks1sj x17gzxuv x3a6nna xm5vtmc x1t2x7uc x1o1n6r0 x1wsgf3v x1c773n9 x1k03ns3 xpbi8i2 x9820fh x1npfmwo xhj0du5 xrm2kyc xjprkx4 xlu1awn x12429cg x6tc29j xbq7h4v x6jdkww xq9mrsl\">V\u00f5ta videok\u00f5nesid, saada tekstis\u00f5numeid v\u00f5i k\u00f5nes\u00f5numeid ja teha telefonik\u00f5nesid - k\u00f5ik ilma k\u00e4edeta. Helistage k\u00f5nedel oma parimat h\u00e4\u00e4lt, sest 90% blokeerib taustam\u00fcra.<\/span><\/div>\n<div>\n<div class=\"xeuugli x2lwn1j x1uttgrm x1dces20 xb4t8oj x78zum5 x1dn74xm x4a20bl xtatjob xwy3nlu x102t0zd x1gw87hn x79b4n4 x15p7v3w x1or4hh0 xhr6100 x13fuv20 x18b5jzi x1q0q8m5 x1t7ytsu x972fbf x10w94by x1qhh985 x14e42zd\">\n<h3 class=\"x16g9bbj xobpncf xjliv6m x1yxlzaz xsp84uj x1uc5f31 xxgyeuj x166pohu xakorsv xcxolhg xwczod1 x13mtej6 xjlskvi x1hhp1i x1i6xp69 xr4g9wi x12429cg x6tc29j xbq7h4v x6jdkww xq9mrsl x1a2a7pz\">T\u00f5lgi<\/h3>\n<\/div>\n<div class=\"xeuugli x2lwn1j x78zum5 xig2svb x18vy5xy xlluq36 xwy3nlu xpu8j0z xfzd5jt x79b4n4 x15p7v3w x1or4hh0 xhr6100 x13fuv20 x18b5jzi x1q0q8m5 x1t7ytsu x972fbf x10w94by x1qhh985 x14e42zd\"><span class=\"xbks1sj x17gzxuv x3a6nna xm5vtmc x1t2x7uc x1o1n6r0 x1wsgf3v x1c773n9 x1k03ns3 xpbi8i2 x9820fh x1npfmwo xhj0du5 xrm2kyc xjprkx4 xlu1awn x12429cg x6tc29j xbq7h4v x6jdkww xq9mrsl\">Avasta sujuvalt uusi riike ja loo uusi \u00fchendusi. Vestle reaalajas inglise, prantsuse, itaalia, hispaania, saksa ja portugali (Brasiilia) keeles.<\/span><\/div>\n<div>\n<div class=\"xeuugli x2lwn1j xl49iz1 xx9i6jc xl0nj6t x78zum5 x1dn74xm x4a20bl xtatjob xwy3nlu x102t0zd x1gw87hn x79b4n4 x15p7v3w x1or4hh0 xhr6100 x13fuv20 x18b5jzi x1q0q8m5 x1t7ytsu x972fbf x10w94by x1qhh985 x14e42zd\">\n<h3 class=\"x16g9bbj xobpncf xjliv6m x1yxlzaz xsp84uj x1uc5f31 xxgyeuj x166pohu xakorsv xcxolhg xwczod1 x13mtej6 xjlskvi x1hhp1i x1i6xp69 xr4g9wi x12429cg x6tc29j xbq7h4v x6jdkww xq9mrsl x1a2a7pz\">Meta AI rakendus<\/h3>\n<\/div>\n<div class=\"xeuugli x2lwn1j x78zum5 xig2svb x18vy5xy xlluq36 xwy3nlu xpu8j0z xfzd5jt x79b4n4 x15p7v3w x1or4hh0 xhr6100 x13fuv20 x18b5jzi x1q0q8m5 x1t7ytsu x972fbf x10w94by x1qhh985 x14e42zd\"><span class=\"xbks1sj x17gzxuv x3a6nna xm5vtmc x1t2x7uc x1o1n6r0 x1wsgf3v x1c773n9 x1k03ns3 xpbi8i2 x9820fh x1npfmwo xhj0du5 xrm2kyc xjprkx4 xlu1awn x12429cg x6tc29j xbq7h4v x6jdkww xq9mrsl\">Hallake oma Ray-Ban Meta prille ja kohandage seadeid, importige ja jagage fotosid ning suhtlege Meta AI assistendiga nii prillide kui ka rakenduse kaudu. Tutvuge uute funktsioonidega ja vaadake, kuidas teised saavad k\u00f5ige rohkem kasu sellest. <span class=\"x1rg5ohu xdnwjd9\">Meta AI<\/span>.<\/span><\/div>\n<\/div>\n<\/div>\n<\/div>\n<\/div>\n<\/div>\n<\/div>\n<\/div>","protected":false},"excerpt":{"rendered":"<p><span class=\"xbks1sj x17gzxuv x3a6nna xm5vtmc x1t2x7uc x1o1n6r0 x1wsgf3v x1c773n9 x1k03ns3 xpbi8i2 x9820fh x1npfmwo xhj0du5 xrm2kyc xjprkx4 xlu1awn x12429cg x6tc29j xbq7h4v x6jdkww xq9mrsl\">Need prillid \u00fchendavad Hollywoodi ikoonilise stiili ja Meta AI. Reageeri sellele, mida n\u00e4ed, tee pilte ja videoid, kuula teel, helista ja saada s\u00f5numeid ilma telefoni puudutamata.<\/span><\/p>","protected":false},"featured_media":104,"comment_status":"open","ping_status":"closed","template":"","meta":[],"product_brand":[26],"product_cat":[15,93,19],"product_tag":[64],"class_list":{"0":"post-101","1":"product","2":"type-product","3":"status-publish","4":"has-post-thumbnail","6":"product_brand-ray-ban-meta","7":"product_cat-ai-glasses","8":"product_cat-ray-ban-meta","9":"product_cat-wayfarer-gen-2","10":"product_tag-gen-2","12":"first","13":"instock","14":"sold-individually","15":"shipping-taxable","16":"purchasable","17":"product-type-variable","18":"has-default-attributes"},"_links":{"self":[{"href":"https:\/\/ivanzo.com\/et\/wp-json\/wp\/v2\/product\/101","targetHints":{"allow":["GET"]}}],"collection":[{"href":"https:\/\/ivanzo.com\/et\/wp-json\/wp\/v2\/product"}],"about":[{"href":"https:\/\/ivanzo.com\/et\/wp-json\/wp\/v2\/types\/product"}],"replies":[{"embeddable":true,"href":"https:\/\/ivanzo.com\/et\/wp-json\/wp\/v2\/comments?post=101"}],"wp:featuredmedia":[{"embeddable":true,"href":"https:\/\/ivanzo.com\/et\/wp-json\/wp\/v2\/media\/104"}],"wp:attachment":[{"href":"https:\/\/ivanzo.com\/et\/wp-json\/wp\/v2\/media?parent=101"}],"wp:term":[{"taxonomy":"product_brand","embeddable":true,"href":"https:\/\/ivanzo.com\/et\/wp-json\/wp\/v2\/product_brand?post=101"},{"taxonomy":"product_cat","embeddable":true,"href":"https:\/\/ivanzo.com\/et\/wp-json\/wp\/v2\/product_cat?post=101"},{"taxonomy":"product_tag","embeddable":true,"href":"https:\/\/ivanzo.com\/et\/wp-json\/wp\/v2\/product_tag?post=101"}],"curies":[{"name":"wp","href":"https:\/\/api.w.org\/{rel}","templated":true}]}}