{"id":151,"date":"2026-01-01T08:18:10","date_gmt":"2026-01-01T08:18:10","guid":{"rendered":"https:\/\/ivanzo.com\/?page_id=151"},"modified":"2026-01-01T08:18:10","modified_gmt":"2026-01-01T08:18:10","slug":"tagastamispoliitika","status":"publish","type":"page","link":"https:\/\/ivanzo.com\/et\/return-policy\/","title":{"rendered":"Tagastamispoliitika"},"content":{"rendered":"<h3 class=\"wp-block-heading\"><strong>Tagastamistingimused<\/strong><\/h3>\n\n\n\n<p>See tagastamispoliitika kehtib meie veebipoe kaudu tehtud ostude kohta ja on koosk\u00f5las kehtivate Euroopa Liidu tarbijakaitseseadustega.<\/p>\n\n\n\n<h3 class=\"wp-block-heading\"><strong>Taganemis\u00f5igus (14 p\u00e4eva)<\/strong><\/h3>\n\n\n\n<p>Tarbijana on teil \u00f5igus ostulepingust taganeda.&nbsp;<strong>14 p\u00e4eva jooksul<\/strong>&nbsp;ilma mingit p\u00f5hjust esitamata.<\/p>\n\n\n\n<p>Taganemisperiood l\u00f5peb&nbsp;<strong>14 p\u00e4eva alates p\u00e4evast, mil teie v\u00f5i teie m\u00e4\u00e4ratud kolmas isik (v.a vedaja) v\u00f5tab kauba f\u00fc\u00fcsiliselt enda valdusesse.<\/strong>.<\/p>\n\n\n\n<p>Taganemis\u00f5iguse kasutamiseks peate meid teavitama oma otsusest selge avaldusega, mis saadetakse e-posti v\u00f5i posti teel.<\/p>\n\n\n\n<h3 class=\"wp-block-heading\"><strong>Kuidas toodet tagastada<\/strong><\/h3>\n\n\n\n<p>Tagastamise algatamiseks v\u00f5tke meiega eelnevalt \u00fchendust aadressil:<\/p>\n\n\n\n<p><strong>E-post:<\/strong>&nbsp;info@ivanzo.com<\/p>\n\n\n\n<p>P\u00e4rast kinnitust saate juhised, kuidas ja kuhu toode saata.<\/p>\n\n\n\n<p>Tagastatud kaubad tuleb saata&nbsp;<strong>ilma p\u00f5hjendamatu viivituseta<\/strong>, hiljemalt&nbsp;<strong>14 p\u00e4eva<\/strong>&nbsp;p\u00e4rast seda, kui olete meid oma tagasiv\u00f5tmisest teavitanud.<\/p>\n\n\n\n<h3 class=\"wp-block-heading\"><strong>Tagastatud kaupade tingimused<\/strong><\/h3>\n\n\n\n<p>Tagastamiseks peab toode vastama j\u00e4rgmistele tingimustele:<\/p>\n\n\n\n<ul class=\"wp-block-list\">\n<li>olema kasutamata ja kahjustamata<\/li>\n\n\n\n<li>tagastatakse algses seisukorras<\/li>\n\n\n\n<li>Kaasa originaalpakend, tarvikud, kasutusjuhendid ja k\u00f5ik kaasas olevad esemed<\/li>\n<\/ul>\n\n\n\n<p>Me j\u00e4tame endale \u00f5iguse keelduda tagastamisest, kui tootel on kasutamisj\u00e4ljed, kahjustused v\u00f5i puudulik pakend.<\/p>\n\n\n\n<h3 class=\"wp-block-heading\"><strong>Tagasimaksed<\/strong><\/h3>\n\n\n\n<p>Kui oleme tagastatud toote k\u00e4tte saanud ja kontrollinud, teavitame teid tagasimakse kinnitamisest.<\/p>\n\n\n\n<p>Kui toetus kiidetakse heaks, t\u00f6\u00f6deldakse seda&nbsp;<strong>14 p\u00e4eva jooksul<\/strong>&nbsp;kasutades sama makseviisi, mida kasutati esialgse tehingu puhul, kui ei ole kokku lepitud teisiti.<\/p>\n\n\n\n<p>Palun v\u00f5tke arvesse:<\/p>\n\n\n\n<ul class=\"wp-block-list\">\n<li>Kauba tagastamisega seotud saatmiskulud on j\u00e4rgmised\u00a0<strong>Klient kannab<\/strong><\/li>\n\n\n\n<li>Esialgsed tarnekulud h\u00fcvitatakse ainult kuni odavaima standardtarnev\u00f5imaluse maksumuse ulatuses.<\/li>\n<\/ul>\n\n\n\n<h3 class=\"wp-block-heading\"><strong>Erandid tagasisaatmis\u00f5igusest<\/strong><\/h3>\n\n\n\n<p>Taganemis\u00f5igus ei ole&nbsp;<strong>mitte<\/strong>&nbsp;taotleda:<\/p>\n\n\n\n<ul class=\"wp-block-list\">\n<li>kaubad, mis on p\u00e4rast tarnimist lahti pitseeritud ja mida ei saa h\u00fcgieeni- v\u00f5i tervisekaitse t\u00f5ttu tagastada.<\/li>\n\n\n\n<li>kaubad, mida on selgelt kasutatud, kahjustatud v\u00f5i muudetud.<\/li>\n<\/ul>\n\n\n\n<h3 class=\"wp-block-heading\"><strong>Kahjustatud v\u00f5i eba\u00f5iged esemed<\/strong><\/h3>\n\n\n\n<p>Kui saate defektse, kahjustatud v\u00f5i vale toote, v\u00f5tke meiega viivitamatult \u00fchendust. Selliseid juhtumeid k\u00e4sitletakse meie&nbsp;<strong>Kaebused ja garantiipoliitika<\/strong>.<\/p>\n\n\n\n<h3 class=\"wp-block-heading\"><strong>Kontaktandmed<\/strong><\/h3>\n\n\n\n<p><strong>Trending Up s. r. o.<\/strong><\/p>\n\n\n\n<p>\u0160ari\u0161sk\u00fd \u0160tiavnik 13<\/p>\n\n\n\n<p>090 42 \u0160ari\u0161sk\u00fd \u0160tiavnik<\/p>\n\n\n\n<p>Slovaki Vabariik<\/p>\n\n\n\n<p>Ettev\u00f5tte ID: 56383771<\/p>\n\n\n\n<p>K\u00c4IBEMAKSU ID: SK2122289125<\/p>\n\n\n\n<p><strong>E-post:<\/strong>&nbsp;info@ivanzo.com<\/p>\n\n\n\n<p><strong>Telefon:<\/strong>&nbsp;+421 944 780 345<\/p>","protected":false},"excerpt":{"rendered":"<p>Conditions of Returns This Return Policy applies to purchases made through our online store and complies with applicable European Union consumer protection laws. Right of Withdrawal (14 Days) As a consumer, you have the right to withdraw from the purchase contract&nbsp;within 14 days&nbsp;without giving any reason. The withdrawal period expires&nbsp;14 days from the day you [&hellip;]<\/p>\n","protected":false},"author":1,"featured_media":0,"parent":0,"menu_order":0,"comment_status":"closed","ping_status":"closed","template":"","meta":{"footnotes":""},"class_list":["post-151","page","type-page","status-publish","hentry"],"_hostinger_reach_plugin_has_subscription_block":false,"_hostinger_reach_plugin_is_elementor":false,"_links":{"self":[{"href":"https:\/\/ivanzo.com\/et\/wp-json\/wp\/v2\/pages\/151","targetHints":{"allow":["GET"]}}],"collection":[{"href":"https:\/\/ivanzo.com\/et\/wp-json\/wp\/v2\/pages"}],"about":[{"href":"https:\/\/ivanzo.com\/et\/wp-json\/wp\/v2\/types\/page"}],"author":[{"embeddable":true,"href":"https:\/\/ivanzo.com\/et\/wp-json\/wp\/v2\/users\/1"}],"replies":[{"embeddable":true,"href":"https:\/\/ivanzo.com\/et\/wp-json\/wp\/v2\/comments?post=151"}],"version-history":[{"count":1,"href":"https:\/\/ivanzo.com\/et\/wp-json\/wp\/v2\/pages\/151\/revisions"}],"predecessor-version":[{"id":152,"href":"https:\/\/ivanzo.com\/et\/wp-json\/wp\/v2\/pages\/151\/revisions\/152"}],"wp:attachment":[{"href":"https:\/\/ivanzo.com\/et\/wp-json\/wp\/v2\/media?parent=151"}],"curies":[{"name":"wp","href":"https:\/\/api.w.org\/{rel}","templated":true}]}}