{"id":144,"date":"2026-01-01T08:01:42","date_gmt":"2026-01-01T08:01:42","guid":{"rendered":"https:\/\/ivanzo.com\/?page_id=144"},"modified":"2026-01-01T08:08:12","modified_gmt":"2026-01-01T08:08:12","slug":"tingimused","status":"publish","type":"page","link":"https:\/\/ivanzo.com\/et\/terms-and-conditions\/","title":{"rendered":"Tingimused"},"content":{"rendered":"<p>K\u00e4esolevad tingimused reguleerivad selle e-poe kasutamist ning kliendi (\u201cOstja\u201d) ja m\u00fc\u00fcja (\u201cM\u00fc\u00fcja\u201d) vahelisi lepingulisi suhteid. Tellimuse esitamisega kinnitab Ostja, et ta on lugenud, m\u00f5istnud ja n\u00f5ustub k\u00e4esolevate Tingimustega.<\/p>\n\n\n\n<hr class=\"wp-block-separator has-alpha-channel-opacity\"\/>\n\n\n\n<h3 class=\"wp-block-heading\"><strong>1. M\u00fc\u00fcja teave<\/strong><\/h3>\n\n\n\n<p><strong>Ettev\u00f5tte nimi:<\/strong>&nbsp;Trending Up s. r. o.<\/p>\n\n\n\n<p><strong>Registreeritud aadress:<\/strong><\/p>\n\n\n\n<p>\u0160ari\u0161sk\u00fd \u0160tiavnik 13<\/p>\n\n\n\n<p>090 42 \u0160ari\u0161sk\u00fd \u0160tiavnik<\/p>\n\n\n\n<p>Slovaki Vabariik<\/p>\n\n\n\n<p><strong>Ettev\u00f5tte ID (I\u010cO):<\/strong>&nbsp;56383771<\/p>\n\n\n\n<p><strong>K\u00c4IBEMAKSU ID:<\/strong>&nbsp;SK2122289125<\/p>\n\n\n\n<p><strong>Registreeritud:<\/strong>&nbsp;Pre\u0161ovi ringkonnakohtu \u00e4riregister<\/p>\n\n\n\n<p><strong>jagu:<\/strong>&nbsp;Sro<\/p>\n\n\n\n<p><strong>Faili number:<\/strong>&nbsp;48226\/P<\/p>\n\n\n\n<p><strong>Kontakt e-posti aadress:<\/strong>&nbsp;info@ivanzo.com<\/p>\n\n\n\n<p><strong>Telefon:<\/strong>&nbsp;+421 944 780 345<\/p>\n\n\n\n<hr class=\"wp-block-separator has-alpha-channel-opacity\"\/>\n\n\n\n<h3 class=\"wp-block-heading\"><strong>2. Kohaldamisala<\/strong><\/h3>\n\n\n\n<p>K\u00e4esolevad tingimused kehtivad k\u00f5igi ostulepingute suhtes, mis s\u00f5lmitakse M\u00fc\u00fcja e-poe kaudu Euroopa Liidus asuvate klientidega.<\/p>\n\n\n\n<hr class=\"wp-block-separator has-alpha-channel-opacity\"\/>\n\n\n\n<h3 class=\"wp-block-heading\"><strong>3. Tooted ja k\u00e4ttesaadavus<\/strong><\/h3>\n\n\n\n<p>M\u00fc\u00fcja pakub tehisintellekti nutiprille, sealhulgas, kuid mitte ainult:<\/p>\n\n\n\n<ul class=\"wp-block-list\">\n<li>Ray-Ban Meta<\/li>\n\n\n\n<li>Oakley Meta Vanguard<\/li>\n\n\n\n<li>Oakley Meta HSTN<\/li>\n\n\n\n<li>Meta Ray-Ban ekraan<\/li>\n<\/ul>\n\n\n\n<p>K\u00f5ik e-poes pakutavad tooted on originaaltooted ja p\u00e4rit ametlikest v\u00f5i volitatud turustuskanalitest.<\/p>\n\n\n\n<p>Toote saadavus ja eeldatavad tarnekuup\u00e4evad kuvatakse toote lehel, ostukorvis ja ostu sooritamise ajal.<\/p>\n\n\n\n<hr class=\"wp-block-separator has-alpha-channel-opacity\"\/>\n\n\n\n<h3 class=\"wp-block-heading\"><strong>4. Hinnad<\/strong><\/h3>\n\n\n\n<p>K\u00f5ik e-poes n\u00e4idatud hinnad on l\u00f5pphinnad koos kehtiva k\u00e4ibemaksuga, kui ei ole m\u00e4rgitud teisiti. Saatmiskulud kuvatakse eraldi kassas.<\/p>\n\n\n\n<hr class=\"wp-block-separator has-alpha-channel-opacity\"\/>\n\n\n\n<h3 class=\"wp-block-heading\"><strong>5. Kohaletoimetamine ja kohaletoimetamine<\/strong><\/h3>\n\n\n\n<ul class=\"wp-block-list\">\n<li><strong>Kohaletoimetamise koht:<\/strong>\u00a0tasuta<\/li>\n\n\n\n<li><strong>Kohaletoimetamine aadressile:<\/strong>\u00a04 \u20ac<\/li>\n<\/ul>\n\n\n\n<p>Konkreetne tarneviis ja eeldatav tarnekuup\u00e4ev on n\u00e4idatud ostukorvis ja kassas.<\/p>\n\n\n\n<hr class=\"wp-block-separator has-alpha-channel-opacity\"\/>\n\n\n\n<h3 class=\"wp-block-heading\"><strong>6. Makseviisid<\/strong><\/h3>\n\n\n\n<p>Ostja v\u00f5ib maksta j\u00e4rgmistel viisidel:<\/p>\n\n\n\n<ul class=\"wp-block-list\">\n<li>Maksekaart<\/li>\n\n\n\n<li>Klarna<\/li>\n\n\n\n<li>Panga\u00fclekanne<\/li>\n<\/ul>\n\n\n\n<p>K\u00f5ik maksev\u00f5imalused kuvatakse kassas.<\/p>\n\n\n\n<hr class=\"wp-block-separator has-alpha-channel-opacity\"\/>\n\n\n\n<h3 class=\"wp-block-heading\"><strong>7. Tellimusprotsess ja lepingu s\u00f5lmimine<\/strong><\/h3>\n\n\n\n<p>Tellimuse esitamisega teeb Ostja siduva pakkumise valitud toodete ostmiseks.<\/p>\n\n\n\n<p>Ostuleping s\u00f5lmitakse, kui M\u00fc\u00fcja kinnitab tellimuse e-posti teel.<\/p>\n\n\n\n<hr class=\"wp-block-separator has-alpha-channel-opacity\"\/>\n\n\n\n<h3 class=\"wp-block-heading\"><strong>8. Taganemis\u00f5igus (tagastamine)<\/strong><\/h3>\n\n\n\n<p>Ostjal on \u00f5igus lepingust taganeda.&nbsp;<strong>14 p\u00e4eva jooksul<\/strong>&nbsp;kauba k\u00e4ttesaamisest, p\u00f5hjendusi esitamata, koosk\u00f5las ELi tarbijakaitsealaste \u00f5igusaktidega.<\/p>\n\n\n\n<p>Taganemis\u00f5iguse kasutamiseks peab Ostja enne kauba tagastamist v\u00f5tma M\u00fc\u00fcjaga \u00fchendust e-posti teel.<\/p>\n\n\n\n<p>Tagastatud tooted peavad olema kasutamata, kahjustamata ja originaalpakendis.<\/p>\n\n\n\n<hr class=\"wp-block-separator has-alpha-channel-opacity\"\/>\n\n\n\n<h3 class=\"wp-block-heading\"><strong>9. Garantii ja kaebused<\/strong><\/h3>\n\n\n\n<p>M\u00fc\u00fcja vastutab puuduste eest vastavalt kehtivatele \u00f5igusaktidele.<\/p>\n\n\n\n<p>Kui toode ei toimi \u00f5igesti v\u00f5i sellel on defektid, peaks Ostja v\u00f5tma viivitamatult \u00fchendust M\u00fc\u00fcjaga e-posti v\u00f5i telefoni teel. Reklamatsioone k\u00e4sitletakse ilma p\u00f5hjendamatu viivituseta.<\/p>\n\n\n\n<hr class=\"wp-block-separator has-alpha-channel-opacity\"\/>\n\n\n\n<h3 class=\"wp-block-heading\"><strong>10. Isikuandmete kaitse<\/strong><\/h3>\n\n\n\n<p>M\u00fc\u00fcja t\u00f6\u00f6tleb isikuandmeid koosk\u00f5las kehtivate andmekaitseseadustega, sealhulgas GDPRiga. Isikuandmeid kasutatakse \u00fcksnes tellimuse t\u00f6\u00f6tlemiseks, tarnimiseks ja kliendiga suhtlemiseks.<\/p>\n\n\n\n<hr class=\"wp-block-separator has-alpha-channel-opacity\"\/>\n\n\n\n<h3 class=\"wp-block-heading\"><strong>11. Alternatiivne vaidluste lahendamine (ADR)<\/strong><\/h3>\n\n\n\n<p>Vaidluse korral on ostjal \u00f5igus p\u00f6\u00f6rduda alternatiivse vaidluste lahendamise organi poole.<\/p>\n\n\n\n<p><strong>Slovakkia kaubandusinspektsioon (SOI):<\/strong><\/p>\n\n\n\n<p>Slovakkia kaubandusinspektsiooni Pre\u0161ovi piirkonna inspektsioon<\/p>\n\n\n\n<p>Obrancov mieru 6<\/p>\n\n\n\n<p>080 01 Pre\u0161ov<\/p>\n\n\n\n<p>Slovaki Vabariik<\/p>\n\n\n\n<p>Ostja v\u00f5ib kasutada ka&nbsp;<strong>Veebip\u00f5hine vaidluste lahendamise platvorm (ODR)<\/strong>&nbsp;Euroopa Komisjon.<\/p>\n\n\n\n<hr class=\"wp-block-separator has-alpha-channel-opacity\"\/>\n\n\n\n<h3 class=\"wp-block-heading\"><strong>12. L\u00f5pps\u00e4tted<\/strong><\/h3>\n\n\n\n<p>K\u00e4esolevate tingimuste suhtes kohaldatakse Slovaki Vabariigi seadusi.<\/p>\n\n\n\n<p>M\u00fc\u00fcja j\u00e4tab endale \u00f5iguse neid tingimusi igal ajal muuta. Kehtib tellimuse esitamise ajal kehtiv versioon.<\/p>","protected":false},"excerpt":{"rendered":"<p>These Terms and Conditions govern the use of this e-shop and the contractual relationship between the customer (the \u201cBuyer\u201d) and the seller (the \u201cSeller\u201d). By placing an order, the Buyer confirms that they have read, understood, and agree to these Terms and Conditions. 1. Seller Information Company name:&nbsp;Trending Up s. r. o. Registered address: \u0160ari\u0161sk\u00fd [&hellip;]<\/p>\n","protected":false},"author":1,"featured_media":0,"parent":0,"menu_order":0,"comment_status":"closed","ping_status":"closed","template":"","meta":{"footnotes":""},"class_list":["post-144","page","type-page","status-publish","hentry"],"_hostinger_reach_plugin_has_subscription_block":false,"_hostinger_reach_plugin_is_elementor":false,"_links":{"self":[{"href":"https:\/\/ivanzo.com\/et\/wp-json\/wp\/v2\/pages\/144","targetHints":{"allow":["GET"]}}],"collection":[{"href":"https:\/\/ivanzo.com\/et\/wp-json\/wp\/v2\/pages"}],"about":[{"href":"https:\/\/ivanzo.com\/et\/wp-json\/wp\/v2\/types\/page"}],"author":[{"embeddable":true,"href":"https:\/\/ivanzo.com\/et\/wp-json\/wp\/v2\/users\/1"}],"replies":[{"embeddable":true,"href":"https:\/\/ivanzo.com\/et\/wp-json\/wp\/v2\/comments?post=144"}],"version-history":[{"count":2,"href":"https:\/\/ivanzo.com\/et\/wp-json\/wp\/v2\/pages\/144\/revisions"}],"predecessor-version":[{"id":146,"href":"https:\/\/ivanzo.com\/et\/wp-json\/wp\/v2\/pages\/144\/revisions\/146"}],"wp:attachment":[{"href":"https:\/\/ivanzo.com\/et\/wp-json\/wp\/v2\/media?parent=144"}],"curies":[{"name":"wp","href":"https:\/\/api.w.org\/{rel}","templated":true}]}}