{"id":142,"date":"2026-01-01T07:54:49","date_gmt":"2026-01-01T07:54:49","guid":{"rendered":"https:\/\/ivanzo.com\/?page_id=142"},"modified":"2026-01-01T10:58:21","modified_gmt":"2026-01-01T10:58:21","slug":"faq","status":"publish","type":"page","link":"https:\/\/ivanzo.com\/et\/faq\/","title":{"rendered":"KKK - Korduma kippuvad k\u00fcsimused"},"content":{"rendered":"<h3 class=\"wp-block-heading\"><strong>Kas tooted on originaalsed?<\/strong><\/h3>\n\n\n\n<p>Jah. K\u00f5ik meie poes m\u00fc\u00fcdavad tooted on 100% originaal ja p\u00e4rinevad ametlikest ja kontrollitud turustuskanalitest. Me m\u00fc\u00fcme ainult ehtsaid Meta nutiklaase.<\/p>\n\n\n\n<hr class=\"wp-block-separator has-alpha-channel-opacity\"\/>\n\n\n\n<h3 class=\"wp-block-heading\"><strong>Kas te tarnite \u00fcle Euroopa?<\/strong><\/h3>\n\n\n\n<p>Jah, me tarnime k\u00f5ikidesse Euroopa Liidu riikidesse. Saadavus, tarneviis ja eeldatav tarnekuup\u00e4ev kuvatakse ostukorvis ja kassas.<\/p>\n\n\n\n<hr class=\"wp-block-separator has-alpha-channel-opacity\"\/>\n\n\n\n<h3 class=\"wp-block-heading\"><strong>Kui palju maksab laevandus?<\/strong><\/h3>\n\n\n\n<ul class=\"wp-block-list\">\n<li><strong>Vastuv\u00f5tupunkt:<\/strong>&nbsp;Tasuta<\/li>\n\n\n\n<li><strong>Kohaletoimetamine koju:<\/strong>&nbsp;\u20ac4<\/li>\n<\/ul>\n\n\n\n<p>L\u00f5plik tarnev\u00f5imalus ja tarnekuup\u00e4ev kuvatakse tellimuse vormistamise ajal.<\/p>\n\n\n\n<hr class=\"wp-block-separator has-alpha-channel-opacity\"\/>\n\n\n\n<h3 class=\"wp-block-heading\"><strong>Milliseid makseviise te aktsepteerite?<\/strong><\/h3>\n\n\n\n<p>Tasuda saab kasutades:<\/p>\n\n\n\n<ul class=\"wp-block-list\">\n<li>Krediit- v\u00f5i deebetkaart<\/li>\n\n\n\n<li>Klarna<\/li>\n\n\n\n<li>Panga\u00fclekanne<\/li>\n<\/ul>\n\n\n\n<p>K\u00f5iki makseid t\u00f6\u00f6deldakse turvaliselt.<\/p>\n\n\n\n<hr class=\"wp-block-separator has-alpha-channel-opacity\"\/>\n\n\n\n<h3 class=\"wp-block-heading\"><strong>Kas ma saan oma tellimuse tagasi saata?<\/strong><\/h3>\n\n\n\n<p>Jah. Vastavalt ELi tarbijakaitseseadustele on teil \u00f5igus oma tellimus tagastada.&nbsp;<strong>14 p\u00e4eva jooksul<\/strong>&nbsp;toote k\u00e4ttesaamisest, p\u00f5hjendamata.<\/p>\n\n\n\n<p>Tagastatud esemed peavad olema kasutamata, kahjustamata ja originaalpakendis. \u00dcksikasjalikud tagasisaatmisjuhised saate meilt, kui v\u00f5tate meiega \u00fchendust.<\/p>\n\n\n\n<hr class=\"wp-block-separator has-alpha-channel-opacity\"\/>\n\n\n\n<h3 class=\"wp-block-heading\"><strong>Mida ma peaksin tegema, kui minu toode ei t\u00f6\u00f6ta korralikult?<\/strong><\/h3>\n\n\n\n<p>Kui teie tootega tekib m\u00f5ni probleem, v\u00f5tke meiega v\u00f5imalikult kiiresti \u00fchendust. Meie tugimeeskond aitab teid vajadusel t\u00f5rkeotsingu, vahetuse v\u00f5i tagastamisega.<\/p>\n\n\n\n<hr class=\"wp-block-separator has-alpha-channel-opacity\"\/>\n\n\n\n<h3 class=\"wp-block-heading\"><strong>Kuidas ma saan teiega \u00fchendust v\u00f5tta?<\/strong><\/h3>\n\n\n\n<p>Saate meiega \u00fchendust aadressil:<\/p>\n\n\n\n<ul class=\"wp-block-list\">\n<li>E-post:\u00a0<strong><a href=\"mailto:info@ivanzo.com\">info@ivanzo.com<\/a><\/strong><\/li>\n\n\n\n<li>Telefon:\u00a0<strong><a href=\"tel:421944780345\">+421 944 780 345<\/a><\/strong><\/li>\n<\/ul>\n\n\n\n<p>Meie lahtiolekuajad on loetletud kontaktide lehel.<\/p>\n\n\n\n<hr class=\"wp-block-separator has-alpha-channel-opacity\"\/>\n\n\n\n<h3 class=\"wp-block-heading\"><strong>Kus asub teie ettev\u00f5te?<\/strong><\/h3>\n\n\n\n<p>Meie asukoht on&nbsp;<strong>Slovakkia<\/strong>&nbsp;ja tegutsevad ettev\u00f5tte&nbsp;<strong>Trending Up s. r. o.<\/strong>, ametlikult registreeritud Pre\u0161ovi ringkonnakohtus.<\/p>","protected":false},"excerpt":{"rendered":"<p>Are the products original? Yes. All products sold in our store are 100% original and sourced from official and verified distribution channels. We only sell genuine Meta smart glasses. Do you ship across Europe? Yes, we ship to all European Union countries. Availability, delivery method, and estimated delivery date are displayed in the cart and [&hellip;]<\/p>\n","protected":false},"author":1,"featured_media":0,"parent":0,"menu_order":0,"comment_status":"closed","ping_status":"closed","template":"","meta":{"footnotes":""},"class_list":["post-142","page","type-page","status-publish","hentry"],"_hostinger_reach_plugin_has_subscription_block":false,"_hostinger_reach_plugin_is_elementor":false,"_links":{"self":[{"href":"https:\/\/ivanzo.com\/et\/wp-json\/wp\/v2\/pages\/142","targetHints":{"allow":["GET"]}}],"collection":[{"href":"https:\/\/ivanzo.com\/et\/wp-json\/wp\/v2\/pages"}],"about":[{"href":"https:\/\/ivanzo.com\/et\/wp-json\/wp\/v2\/types\/page"}],"author":[{"embeddable":true,"href":"https:\/\/ivanzo.com\/et\/wp-json\/wp\/v2\/users\/1"}],"replies":[{"embeddable":true,"href":"https:\/\/ivanzo.com\/et\/wp-json\/wp\/v2\/comments?post=142"}],"version-history":[{"count":2,"href":"https:\/\/ivanzo.com\/et\/wp-json\/wp\/v2\/pages\/142\/revisions"}],"predecessor-version":[{"id":234,"href":"https:\/\/ivanzo.com\/et\/wp-json\/wp\/v2\/pages\/142\/revisions\/234"}],"wp:attachment":[{"href":"https:\/\/ivanzo.com\/et\/wp-json\/wp\/v2\/media?parent=142"}],"curies":[{"name":"wp","href":"https:\/\/api.w.org\/{rel}","templated":true}]}}