{"id":137,"date":"2026-01-01T07:46:33","date_gmt":"2026-01-01T07:46:33","guid":{"rendered":"https:\/\/ivanzo.com\/?page_id=137"},"modified":"2026-01-01T07:47:14","modified_gmt":"2026-01-01T07:47:14","slug":"laevandusmakse","status":"publish","type":"page","link":"https:\/\/ivanzo.com\/et\/shipping-payment\/","title":{"rendered":"Kohaletoimetamine ja maksmine"},"content":{"rendered":"<h3 class=\"wp-block-heading\"><strong>Saatmise teave<\/strong><\/h3>\n\n\n\n<p>Me tarnime oma tooteid \u00fcle Euroopa.<\/p>\n\n\n\n<p>The&nbsp;<strong>t\u00e4pne tarnekuup\u00e4ev ja tarneviis<\/strong>&nbsp;kuvatakse otse&nbsp;<strong>tootelehek\u00fclg<\/strong>, nagu ka&nbsp;<strong>ostukorv ja kassas\u00fcsteem<\/strong>&nbsp;enne tellimuse t\u00e4itmist.<\/p>\n\n\n\n<h4 class=\"wp-block-heading\"><strong>Kohaletoimetamise v\u00f5imalused ja hinnad<\/strong><\/h4>\n\n\n\n<ul class=\"wp-block-list\">\n<li><strong>\u00dclev\u00f5tmise koht<\/strong>: Tasuta<\/li>\n\n\n\n<li><strong>Kohaletoimetamine koju (kohaletoimetamine aadressile)<\/strong>: \u20ac4<\/li>\n<\/ul>\n\n\n\n<p>Saatmiskulud on enne maksmist selgelt n\u00e4idatud, ilma varjatud tasudeta.<\/p>\n\n\n\n<hr class=\"wp-block-separator has-alpha-channel-opacity\"\/>\n\n\n\n<h3 class=\"wp-block-heading\"><strong>Makseviisid<\/strong><\/h3>\n\n\n\n<p>Pakume mitmeid turvalisi ja mugavaid maksev\u00f5imalusi:<\/p>\n\n\n\n<ul class=\"wp-block-list\">\n<li><strong>Krediit \/ deebetkaart<\/strong><\/li>\n\n\n\n<li><strong>Klarna<\/strong><\/li>\n\n\n\n<li><strong>Panga\u00fclekanne<\/strong><\/li>\n<\/ul>\n\n\n\n<p>K\u00f5iki makseid t\u00f6\u00f6deldakse turvaliselt. Teie tellimus valmistatakse saatmiseks ette, kui makse on edukalt kinnitatud.<\/p>\n\n\n\n<hr class=\"wp-block-separator has-alpha-channel-opacity\"\/>\n\n\n\n<p>Kui teil on k\u00fcsimusi saatmise v\u00f5i maksmise kohta, v\u00f5tke meiega \u00fchendust meie kontaktlehe v\u00f5i e-posti teel.<\/p>","protected":false},"excerpt":{"rendered":"<p>Shipping Information We deliver our products across Europe. The&nbsp;exact delivery date and shipping method&nbsp;will be displayed directly on the&nbsp;product page, as well as in the&nbsp;shopping cart and checkout&nbsp;before completing your order. Shipping Options &amp; Prices Shipping costs are clearly shown before payment, with no hidden fees. Payment Methods We offer several secure and convenient payment [&hellip;]<\/p>\n","protected":false},"author":1,"featured_media":0,"parent":0,"menu_order":0,"comment_status":"closed","ping_status":"closed","template":"","meta":{"footnotes":""},"class_list":["post-137","page","type-page","status-publish","hentry"],"_hostinger_reach_plugin_has_subscription_block":false,"_hostinger_reach_plugin_is_elementor":false,"_links":{"self":[{"href":"https:\/\/ivanzo.com\/et\/wp-json\/wp\/v2\/pages\/137","targetHints":{"allow":["GET"]}}],"collection":[{"href":"https:\/\/ivanzo.com\/et\/wp-json\/wp\/v2\/pages"}],"about":[{"href":"https:\/\/ivanzo.com\/et\/wp-json\/wp\/v2\/types\/page"}],"author":[{"embeddable":true,"href":"https:\/\/ivanzo.com\/et\/wp-json\/wp\/v2\/users\/1"}],"replies":[{"embeddable":true,"href":"https:\/\/ivanzo.com\/et\/wp-json\/wp\/v2\/comments?post=137"}],"version-history":[{"count":3,"href":"https:\/\/ivanzo.com\/et\/wp-json\/wp\/v2\/pages\/137\/revisions"}],"predecessor-version":[{"id":140,"href":"https:\/\/ivanzo.com\/et\/wp-json\/wp\/v2\/pages\/137\/revisions\/140"}],"wp:attachment":[{"href":"https:\/\/ivanzo.com\/et\/wp-json\/wp\/v2\/media?parent=137"}],"curies":[{"name":"wp","href":"https:\/\/api.w.org\/{rel}","templated":true}]}}