{"id":135,"date":"2025-12-31T16:00:44","date_gmt":"2025-12-31T16:00:44","guid":{"rendered":"https:\/\/ivanzo.com\/?page_id=135"},"modified":"2026-01-01T10:15:27","modified_gmt":"2026-01-01T10:15:27","slug":"kontakt","status":"publish","type":"page","link":"https:\/\/ivanzo.com\/et\/contact\/","title":{"rendered":"Kontakt"},"content":{"rendered":"<p>Kas teil on k\u00fcsimus meie toodete, teie tellimuse v\u00f5i toetuse kohta?<\/p>\n\n\n\n<p>V\u00f5tke meiega julgelt \u00fchendust - me aitame hea meelega.<\/p>\n\n\n\n<h3 class=\"wp-block-heading\"><strong>Klienditugi<\/strong><\/h3>\n\n\n\n<p><strong>E-post:<\/strong>\u00a0<a href=\"mailto:info@ivanzo.com\">info@ivanzo.com<\/a><\/p>\n\n\n\n<p><strong>Telefon:<\/strong>\u00a0<a href=\"tel:421944780345\">+421 944 780 345<\/a><\/p>\n\n\n\n<p><strong>K\u00e4ttesaadavus:<\/strong><\/p>\n\n\n\n<p>Esmasp\u00e4evast reedeni, 9:00 - 17:00 (CET)<\/p>\n\n\n\n<p>Tavaliselt vastame \u00fche t\u00f6\u00f6p\u00e4eva jooksul.<\/p>\n\n\n\n<p>Kui miski ei toimi ootusp\u00e4raselt, v\u00f5tke meiega lihtsalt \u00fchendust ja me hoolitseme selle eest.<\/p>\n\n\n\n<hr class=\"wp-block-separator has-alpha-channel-opacity\"\/>\n\n\n\n<h3 class=\"wp-block-heading\"><strong>Ettev\u00f5tte andmed<\/strong><\/h3>\n\n\n\n<p><strong>Ettev\u00f5tte nimi:<\/strong>&nbsp;Trending Up s. r. o.<\/p>\n\n\n\n<p><strong>Registreeritud aadress:<\/strong><\/p>\n\n\n\n<p>\u0160ari\u0161sk\u00fd \u0160tiavnik 13<\/p>\n\n\n\n<p>090 42 \u0160ari\u0161sk\u00fd \u0160tiavnik<\/p>\n\n\n\n<p>Slovaki Vabariik<\/p>\n\n\n\n<p><strong>Ettev\u00f5tte ID (I\u010cO):<\/strong>&nbsp;56383771<\/p>\n\n\n\n<p><strong>Maksuidentifikatsioon (DI\u010c):<\/strong>&nbsp;2122289125<\/p>\n\n\n\n<p><strong>K\u00c4IBEMAKSU ID:<\/strong>&nbsp;SK2122289125<\/p>\n\n\n\n<hr class=\"wp-block-separator has-alpha-channel-opacity\"\/>\n\n\n\n<h3 class=\"wp-block-heading\"><strong>\u00d5iguslik teave<\/strong><\/h3>\n\n\n\n<p>Ettev\u00f5te on registreeritud Pre\u0161ovi ringkonnakohtu \u00e4riregistris,<\/p>\n\n\n\n<p>jagu: Sro, toimiku nr: 48226\/P<\/p>","protected":false},"excerpt":{"rendered":"<p>Have a question about our products, your order, or need support? Feel free to contact us \u2014 we\u2019ll be happy to help. Customer Support Email:\u00a0info@ivanzo.com Phone:\u00a0+421 944 780 345 Availability: Monday \u2013 Friday, 9:00 \u2013 17:00 (CET) We usually respond within one business day. If anything doesn\u2019t work as expected, simply contact us and we [&hellip;]<\/p>\n","protected":false},"author":1,"featured_media":0,"parent":0,"menu_order":0,"comment_status":"closed","ping_status":"closed","template":"","meta":{"footnotes":""},"class_list":["post-135","page","type-page","status-publish","hentry"],"_hostinger_reach_plugin_has_subscription_block":false,"_hostinger_reach_plugin_is_elementor":false,"_links":{"self":[{"href":"https:\/\/ivanzo.com\/et\/wp-json\/wp\/v2\/pages\/135","targetHints":{"allow":["GET"]}}],"collection":[{"href":"https:\/\/ivanzo.com\/et\/wp-json\/wp\/v2\/pages"}],"about":[{"href":"https:\/\/ivanzo.com\/et\/wp-json\/wp\/v2\/types\/page"}],"author":[{"embeddable":true,"href":"https:\/\/ivanzo.com\/et\/wp-json\/wp\/v2\/users\/1"}],"replies":[{"embeddable":true,"href":"https:\/\/ivanzo.com\/et\/wp-json\/wp\/v2\/comments?post=135"}],"version-history":[{"count":2,"href":"https:\/\/ivanzo.com\/et\/wp-json\/wp\/v2\/pages\/135\/revisions"}],"predecessor-version":[{"id":218,"href":"https:\/\/ivanzo.com\/et\/wp-json\/wp\/v2\/pages\/135\/revisions\/218"}],"wp:attachment":[{"href":"https:\/\/ivanzo.com\/et\/wp-json\/wp\/v2\/media?parent=135"}],"curies":[{"name":"wp","href":"https:\/\/api.w.org\/{rel}","templated":true}]}}