{"id":133,"date":"2025-12-31T04:43:46","date_gmt":"2025-12-31T04:43:46","guid":{"rendered":"https:\/\/ivanzo.com\/?page_id=133"},"modified":"2026-01-01T07:48:41","modified_gmt":"2026-01-01T07:48:41","slug":"meist","status":"publish","type":"page","link":"https:\/\/ivanzo.com\/et\/about-us\/","title":{"rendered":"Meie kohta"},"content":{"rendered":"<p>Oleme Slovakkias asuv veebipood, mis on keskendunud sellele, et tuua&nbsp;<strong>Tehisintellektip\u00f5hised nutiprillid<\/strong>&nbsp;klientidele kogu Euroopas.<\/p>\n\n\n\n<p>Meie lugu algas lihtsast pettumusest:&nbsp;<strong>need tooted ei olnud meie riigis kuskil saadaval<\/strong>. Kuigi uuenduslikud AI prillid nagu&nbsp;<strong>Ray-Ban Meta<\/strong>,&nbsp;<strong>Oakley Meta Vanguard<\/strong>,&nbsp;<strong>Oakley Meta HSTN<\/strong>, ja&nbsp;<strong>Meta Ray-Ban ekraan<\/strong>&nbsp;kujundasid v\u00e4lismaal juba tulevikku, ei olnud Slovakkia klientidel neile juurdep\u00e4\u00e4su. Me otsustasime seda muuta.<\/p>\n\n\n\n<p>Tehnoloogia entusiasti poolt asutatud ja tegutseb allj\u00e4rgnevalt&nbsp;<strong>Trending Up s. r. o.<\/strong>, meie missioon on teha tipptasemel kantav tehisintellektuaalkunst k\u00e4ttesaadavaks riikides, kus seda on raske leida.<\/p>\n\n\n\n<p>Me m\u00fc\u00fcme&nbsp;<strong>100% ainult originaaltooted<\/strong>, mis on saadud usaldusv\u00e4\u00e4rsetelt partneritelt. Iga toode on hoolikalt valitud selle disaini, j\u00f5udluse ja tegeliku kasutatavuse j\u00e4rgi. Me usume, et nutiprillid on rohkem kui lihtsalt vidin - need on loomulik laiendus sellele, kuidas inimesed suhtlevad, loovad ja kogevad tehnoloogiat.<\/p>\n\n\n\n<p>Meie tooted on m\u00f5eldud&nbsp;<strong>loojad, sportlased, tehnikahuvilised ja igap\u00e4evased kasutajad<\/strong>&nbsp;kes soovivad j\u00e4\u00e4dvustada hetki ilma k\u00e4edeta, olla teel olles \u00fchenduses ja uurida tehisintellekti kantavate seadmete tulevikku.<\/p>\n\n\n\n<p>Me tarnime usaldusv\u00e4\u00e4rselt \u00fcle Euroopa ja seisame oma toodete eest.&nbsp;<strong>Kui miski ei toimi ootusp\u00e4raselt, v\u00f5ivad kliendid meiega lihtsalt \u00fchendust v\u00f5tta ja me hoolitseme selle eest.<\/strong><\/p>\n\n\n\n<p>Slovakkiast kogu Euroopasse -&nbsp;<strong>nutika n\u00e4gemise tulevik algab siit<\/strong>.<\/p>","protected":false},"excerpt":{"rendered":"<p>We are a Slovakia-based online store focused on bringing&nbsp;AI-powered smart glasses&nbsp;to customers across Europe. Our story began with a simple frustration:&nbsp;these products were not available anywhere in our country. While innovative AI glasses such as&nbsp;Ray-Ban Meta,&nbsp;Oakley Meta Vanguard,&nbsp;Oakley Meta HSTN, and&nbsp;Meta Ray-Ban Display&nbsp;were already shaping the future abroad, customers in Slovakia had no access to [&hellip;]<\/p>\n","protected":false},"author":1,"featured_media":0,"parent":0,"menu_order":0,"comment_status":"closed","ping_status":"closed","template":"","meta":{"footnotes":""},"class_list":["post-133","page","type-page","status-publish","hentry"],"_hostinger_reach_plugin_has_subscription_block":false,"_hostinger_reach_plugin_is_elementor":false,"_links":{"self":[{"href":"https:\/\/ivanzo.com\/et\/wp-json\/wp\/v2\/pages\/133","targetHints":{"allow":["GET"]}}],"collection":[{"href":"https:\/\/ivanzo.com\/et\/wp-json\/wp\/v2\/pages"}],"about":[{"href":"https:\/\/ivanzo.com\/et\/wp-json\/wp\/v2\/types\/page"}],"author":[{"embeddable":true,"href":"https:\/\/ivanzo.com\/et\/wp-json\/wp\/v2\/users\/1"}],"replies":[{"embeddable":true,"href":"https:\/\/ivanzo.com\/et\/wp-json\/wp\/v2\/comments?post=133"}],"version-history":[{"count":2,"href":"https:\/\/ivanzo.com\/et\/wp-json\/wp\/v2\/pages\/133\/revisions"}],"predecessor-version":[{"id":141,"href":"https:\/\/ivanzo.com\/et\/wp-json\/wp\/v2\/pages\/133\/revisions\/141"}],"wp:attachment":[{"href":"https:\/\/ivanzo.com\/et\/wp-json\/wp\/v2\/media?parent=133"}],"curies":[{"name":"wp","href":"https:\/\/api.w.org\/{rel}","templated":true}]}}