{"id":135,"date":"2025-12-31T16:00:44","date_gmt":"2025-12-31T16:00:44","guid":{"rendered":"https:\/\/ivanzo.com\/?page_id=135"},"modified":"2026-01-01T10:15:27","modified_gmt":"2026-01-01T10:15:27","slug":"%d1%81%d0%b2%d1%8a%d1%80%d0%b6%d0%b5%d1%82%d0%b5-%d1%81%d0%b5-%d1%81","status":"publish","type":"page","link":"https:\/\/ivanzo.com\/bg\/contact\/","title":{"rendered":"\u0421\u0432\u044a\u0440\u0436\u0435\u0442\u0435 \u0441\u0435 \u0441"},"content":{"rendered":"<p>\u0418\u043c\u0430\u0442\u0435 \u0432\u044a\u043f\u0440\u043e\u0441 \u043e\u0442\u043d\u043e\u0441\u043d\u043e \u043d\u0430\u0448\u0438\u0442\u0435 \u043f\u0440\u043e\u0434\u0443\u043a\u0442\u0438, \u0432\u0430\u0448\u0430\u0442\u0430 \u043f\u043e\u0440\u044a\u0447\u043a\u0430 \u0438\u043b\u0438 \u0441\u0435 \u043d\u0443\u0436\u0434\u0430\u0435\u0442\u0435 \u043e\u0442 \u043f\u043e\u0434\u0434\u0440\u044a\u0436\u043a\u0430?<\/p>\n\n\n\n<p>\u041d\u0435 \u0441\u0435 \u043a\u043e\u043b\u0435\u0431\u0430\u0439\u0442\u0435 \u0434\u0430 \u0441\u0435 \u0441\u0432\u044a\u0440\u0436\u0435\u0442\u0435 \u0441 \u043d\u0430\u0441 - \u0449\u0435 \u0441\u0435 \u0440\u0430\u0434\u0432\u0430\u043c\u0435 \u0434\u0430 \u0432\u0438 \u043f\u043e\u043c\u043e\u0433\u043d\u0435\u043c.<\/p>\n\n\n\n<h3 class=\"wp-block-heading\"><strong>\u041f\u043e\u0434\u0434\u0440\u044a\u0436\u043a\u0430 \u043d\u0430 \u043a\u043b\u0438\u0435\u043d\u0442\u0438<\/strong><\/h3>\n\n\n\n<p><strong>\u0418\u043c\u0435\u0439\u043b:<\/strong>\u00a0<a href=\"mailto:info@ivanzo.com\">info@ivanzo.com<\/a><\/p>\n\n\n\n<p><strong>\u0422\u0435\u043b\u0435\u0444\u043e\u043d:<\/strong>\u00a0<a href=\"tel:421944780345\">+421 944 780 345<\/a><\/p>\n\n\n\n<p><strong>\u041d\u0430\u043b\u0438\u0447\u043d\u043e\u0441\u0442:<\/strong><\/p>\n\n\n\n<p>\u041e\u0442 \u043f\u043e\u043d\u0435\u0434\u0435\u043b\u043d\u0438\u043a \u0434\u043e \u043f\u0435\u0442\u044a\u043a, 9:00 - 17:00 \u0447. (CET)<\/p>\n\n\n\n<p>\u041e\u0431\u0438\u043a\u043d\u043e\u0432\u0435\u043d\u043e \u043e\u0442\u0433\u043e\u0432\u0430\u0440\u044f\u043c\u0435 \u0432 \u0440\u0430\u043c\u043a\u0438\u0442\u0435 \u043d\u0430 \u0435\u0434\u0438\u043d \u0440\u0430\u0431\u043e\u0442\u0435\u043d \u0434\u0435\u043d.<\/p>\n\n\n\n<p>\u0410\u043a\u043e \u043d\u0435\u0449\u043e \u043d\u0435 \u0440\u0430\u0431\u043e\u0442\u0438 \u0441\u043f\u043e\u0440\u0435\u0434 \u043e\u0447\u0430\u043a\u0432\u0430\u043d\u0438\u044f\u0442\u0430, \u043f\u0440\u043e\u0441\u0442\u043e \u0441\u0435 \u0441\u0432\u044a\u0440\u0436\u0435\u0442\u0435 \u0441 \u043d\u0430\u0441 \u0438 \u043d\u0438\u0435 \u0449\u0435 \u0441\u0435 \u043f\u043e\u0433\u0440\u0438\u0436\u0438\u043c \u0437\u0430 \u0442\u043e\u0432\u0430.<\/p>\n\n\n\n<hr class=\"wp-block-separator has-alpha-channel-opacity\"\/>\n\n\n\n<h3 class=\"wp-block-heading\"><strong>\u041f\u043e\u0434\u0440\u043e\u0431\u043d\u043e\u0441\u0442\u0438 \u0437\u0430 \u043a\u043e\u043c\u043f\u0430\u043d\u0438\u044f\u0442\u0430<\/strong><\/h3>\n\n\n\n<p><strong>\u0418\u043c\u0435 \u043d\u0430 \u043a\u043e\u043c\u043f\u0430\u043d\u0438\u044f\u0442\u0430:<\/strong>&nbsp;Trending Up s. r. o.<\/p>\n\n\n\n<p><strong>\u0420\u0435\u0433\u0438\u0441\u0442\u0440\u0438\u0440\u0430\u043d \u0430\u0434\u0440\u0435\u0441:<\/strong><\/p>\n\n\n\n<p>\u0160ari\u0161sk\u00fd \u0160tiavnik 13<\/p>\n\n\n\n<p>090 42 \u0160ari\u0161sk\u00fd \u0160tiavnik<\/p>\n\n\n\n<p>\u0421\u043b\u043e\u0432\u0430\u0448\u043a\u0430 \u0440\u0435\u043f\u0443\u0431\u043b\u0438\u043a\u0430<\/p>\n\n\n\n<p><strong>\u0418\u0434\u0435\u043d\u0442\u0438\u0444\u0438\u043a\u0430\u0446\u0438\u043e\u043d\u0435\u043d \u043d\u043e\u043c\u0435\u0440 \u043d\u0430 \u043a\u043e\u043c\u043f\u0430\u043d\u0438\u044f\u0442\u0430 (I\u010cO):<\/strong>&nbsp;56383771<\/p>\n\n\n\n<p><strong>\u0414\u0430\u043d\u044a\u0447\u0435\u043d \u0438\u0434\u0435\u043d\u0442\u0438\u0444\u0438\u043a\u0430\u0446\u0438\u043e\u043d\u0435\u043d \u043d\u043e\u043c\u0435\u0440 (DI\u010c):<\/strong>&nbsp;2122289125<\/p>\n\n\n\n<p><strong>\u0418\u0414\u0415\u041d\u0422\u0418\u0424\u0418\u041a\u0410\u0426\u0418\u041e\u041d\u0415\u041d \u041d\u041e\u041c\u0415\u0420 \u041f\u041e \u0414\u0414\u0421:<\/strong>&nbsp;SK2122289125<\/p>\n\n\n\n<hr class=\"wp-block-separator has-alpha-channel-opacity\"\/>\n\n\n\n<h3 class=\"wp-block-heading\"><strong>\u041f\u0440\u0430\u0432\u043d\u0430 \u0438\u043d\u0444\u043e\u0440\u043c\u0430\u0446\u0438\u044f<\/strong><\/h3>\n\n\n\n<p>\u0414\u0440\u0443\u0436\u0435\u0441\u0442\u0432\u043e\u0442\u043e \u0435 \u0440\u0435\u0433\u0438\u0441\u0442\u0440\u0438\u0440\u0430\u043d\u043e \u0432 \u0422\u044a\u0440\u0433\u043e\u0432\u0441\u043a\u0438\u044f \u0440\u0435\u0433\u0438\u0441\u0442\u044a\u0440 \u043d\u0430 \u041e\u043a\u0440\u044a\u0436\u043d\u0438\u044f \u0441\u044a\u0434 \u0432 \u041f\u0440\u0435\u0448\u043e\u0432,<\/p>\n\n\n\n<p>\u0420\u0430\u0437\u0434\u0435\u043b: Sro, \u041d\u043e\u043c\u0435\u0440 \u043d\u0430 \u0434\u043e\u0441\u0438\u0435\u0442\u043e: 48226\/P<\/p>","protected":false},"excerpt":{"rendered":"<p>Have a question about our products, your order, or need support? Feel free to contact us \u2014 we\u2019ll be happy to help. Customer Support Email:\u00a0info@ivanzo.com Phone:\u00a0+421 944 780 345 Availability: Monday \u2013 Friday, 9:00 \u2013 17:00 (CET) We usually respond within one business day. If anything doesn\u2019t work as expected, simply contact us and we [&hellip;]<\/p>\n","protected":false},"author":1,"featured_media":0,"parent":0,"menu_order":0,"comment_status":"closed","ping_status":"closed","template":"","meta":{"footnotes":""},"class_list":["post-135","page","type-page","status-publish","hentry"],"_hostinger_reach_plugin_has_subscription_block":false,"_hostinger_reach_plugin_is_elementor":false,"_links":{"self":[{"href":"https:\/\/ivanzo.com\/bg\/wp-json\/wp\/v2\/pages\/135","targetHints":{"allow":["GET"]}}],"collection":[{"href":"https:\/\/ivanzo.com\/bg\/wp-json\/wp\/v2\/pages"}],"about":[{"href":"https:\/\/ivanzo.com\/bg\/wp-json\/wp\/v2\/types\/page"}],"author":[{"embeddable":true,"href":"https:\/\/ivanzo.com\/bg\/wp-json\/wp\/v2\/users\/1"}],"replies":[{"embeddable":true,"href":"https:\/\/ivanzo.com\/bg\/wp-json\/wp\/v2\/comments?post=135"}],"version-history":[{"count":2,"href":"https:\/\/ivanzo.com\/bg\/wp-json\/wp\/v2\/pages\/135\/revisions"}],"predecessor-version":[{"id":218,"href":"https:\/\/ivanzo.com\/bg\/wp-json\/wp\/v2\/pages\/135\/revisions\/218"}],"wp:attachment":[{"href":"https:\/\/ivanzo.com\/bg\/wp-json\/wp\/v2\/media?parent=135"}],"curies":[{"name":"wp","href":"https:\/\/api.w.org\/{rel}","templated":true}]}}